{"id":23994,"date":"2019-08-01T16:30:39","date_gmt":"2019-08-01T14:30:39","guid":{"rendered":"https:\/\/definet.de\/home\/"},"modified":"2025-05-26T13:29:09","modified_gmt":"2025-05-26T11:29:09","slug":"home","status":"publish","type":"page","link":"https:\/\/definet.de\/nds-de\/","title":{"rendered":"Home"},"content":{"rendered":"\t\t<div data-elementor-type=\"wp-page\" data-elementor-id=\"23994\" class=\"elementor elementor-23994 elementor-5\" data-elementor-post-type=\"page\">\n\t\t\t\t<div class=\"elementor-element elementor-element-4eacdd01 e-flex e-con-boxed e-con e-parent\" data-id=\"4eacdd01\" data-element_type=\"container\" data-e-type=\"container\">\n\t\t\t\t\t<div class=\"e-con-inner\">\n\t\t\t\t<div class=\"elementor-element elementor-element-e70c079 elementor-widget elementor-widget-heading\" data-id=\"e70c079\" data-element_type=\"widget\" data-e-type=\"widget\" data-widget_type=\"heading.default\">\n\t\t\t\t<div class=\"elementor-widget-container\">\n\t\t\t\t\t<h2 class=\"elementor-heading-title elementor-size-default\">Kompetenz. Mehrwert. Partnerschaft.  <\/h2>\t\t\t\t<\/div>\n\t\t\t\t<\/div>\n\t\t\t\t<div class=\"elementor-element elementor-element-611b333f elementor-widget__width-initial elementor-widget-mobile_extra__width-inherit elementor-widget elementor-widget-text-editor\" data-id=\"611b333f\" data-element_type=\"widget\" data-e-type=\"widget\" data-settings=\"{&quot;motion_fx_motion_fx_scrolling&quot;:&quot;yes&quot;,&quot;motion_fx_translateY_effect&quot;:&quot;yes&quot;,&quot;motion_fx_translateY_speed&quot;:{&quot;unit&quot;:&quot;px&quot;,&quot;size&quot;:1,&quot;sizes&quot;:[]},&quot;motion_fx_devices&quot;:[&quot;widescreen&quot;,&quot;desktop&quot;,&quot;laptop&quot;,&quot;tablet_extra&quot;,&quot;tablet&quot;],&quot;motion_fx_range&quot;:&quot;viewport&quot;,&quot;motion_fx_translateY_affectedRange&quot;:{&quot;unit&quot;:&quot;%&quot;,&quot;size&quot;:&quot;&quot;,&quot;sizes&quot;:{&quot;start&quot;:0,&quot;end&quot;:100}}}\" data-widget_type=\"text-editor.default\">\n\t\t\t\t<div class=\"elementor-widget-container\">\n\t\t\t\t\t\t\t\t\t<h3>Umfassender Support f\u00fcr Sie<\/h3><p>Wir sind ein f\u00fchrendes Unternehmen, das Ihnen hilft. Sie bleiben unabh\u00e4ngig. Bei DEFINET bekommen Sie Unterst\u00fctzung, die speziell f\u00fcr Finanzberater gedacht ist. Wir sind anders als andere Maklerpools. Wir bieten einen Komplettservice, der alle Bereiche abdeckt. So k\u00f6nnen Sie Ihre Arbeit besser machen.  <\/p>\t\t\t\t\t\t\t\t<\/div>\n\t\t\t\t<\/div>\n\t\t\t\t<div class=\"elementor-element elementor-element-871ea7c elementor-widget__width-initial elementor-widget-mobile_extra__width-inherit content-box-primary elementor-widget elementor-widget-text-editor\" data-id=\"871ea7c\" data-element_type=\"widget\" data-e-type=\"widget\" data-widget_type=\"text-editor.default\">\n\t\t\t\t<div class=\"elementor-widget-container\">\n\t\t\t\t\t\t\t\t\t<h3>Ma\u00dfgeschneiderte L\u00f6sungen f\u00fcr Ihren Erfolg<\/h3><p>Unsere Leistungen verbinden die St\u00e4rke eines gro\u00dfen Unternehmens mit der Flexibilit\u00e4t, die Sie brauchen. Wir stellen Ihnen ein besonderes Servicepaket zur Verf\u00fcgung. Dazu geh\u00f6ren digitale Werkzeuge, gute Analysen und gezielte Weiterbildung. So k\u00f6nnen Sie sich auf Ihre Kunden konzentrieren. Wir \u00fcbernehmen die B\u00fcroarbeit und andere Aufgaben.  <\/p>\t\t\t\t\t\t\t\t<\/div>\n\t\t\t\t<\/div>\n\t\t\t\t<div class=\"elementor-element elementor-element-ac09504 elementor-widget__width-initial elementor-widget-mobile_extra__width-inherit content-box-black elementor-widget elementor-widget-text-editor\" data-id=\"ac09504\" data-element_type=\"widget\" data-e-type=\"widget\" data-widget_type=\"text-editor.default\">\n\t\t\t\t<div class=\"elementor-widget-container\">\n\t\t\t\t\t\t\t\t\t<h3>All Inclusive<\/h3><ul><li><a href=\"https:\/\/definet.de\/definet-all-inclusive\/kompetenzcenter\/\">Kompetenzcenter<\/a><\/li><li><a href=\"https:\/\/definet.de\/definet-all-inclusive\/produkte\/\">Produktportfolio<\/a><\/li><li><a href=\"https:\/\/definet.de\/definet-all-inclusive\/marketing\/\">Marketing<\/a><\/li><li><a href=\"https:\/\/definet.de\/definet-all-inclusive\/organisationsservices\/\">Organisationservices<\/a><\/li><\/ul>\t\t\t\t\t\t\t\t<\/div>\n\t\t\t\t<\/div>\n\t\t\t\t<div class=\"elementor-element elementor-element-930387a elementor-widget__width-initial elementor-widget-mobile_extra__width-inherit elementor-widget elementor-widget-text-editor\" data-id=\"930387a\" data-element_type=\"widget\" data-e-type=\"widget\" data-settings=\"{&quot;motion_fx_motion_fx_scrolling&quot;:&quot;yes&quot;,&quot;motion_fx_translateY_effect&quot;:&quot;yes&quot;,&quot;motion_fx_translateY_speed&quot;:{&quot;unit&quot;:&quot;px&quot;,&quot;size&quot;:1,&quot;sizes&quot;:[]},&quot;motion_fx_devices&quot;:[&quot;widescreen&quot;,&quot;desktop&quot;,&quot;laptop&quot;,&quot;tablet_extra&quot;,&quot;tablet&quot;],&quot;motion_fx_range&quot;:&quot;viewport&quot;,&quot;motion_fx_translateY_affectedRange&quot;:{&quot;unit&quot;:&quot;%&quot;,&quot;size&quot;:&quot;&quot;,&quot;sizes&quot;:{&quot;start&quot;:0,&quot;end&quot;:100}}}\" data-widget_type=\"text-editor.default\">\n\t\t\t\t<div class=\"elementor-widget-container\">\n\t\t\t\t\t\t\t\t\t<h3>Ihr Weg zu mehr Wettbewerbsf\u00e4higkeit<\/h3><p>Wir nutzen neue Technologien und individuelle Services. So verbessern wir Ihre Arbeitsabl\u00e4ufe und st\u00e4rken Ihre Marktposition. Erleben Sie, wie unser Komplettservice Ihnen nicht nur kurzfristig hilft, sondern auch langfristig erfolgreich macht. Nutzen Sie unsere St\u00e4rke, um im Wettbewerb besser dazustehen.  <\/p>\t\t\t\t\t\t\t\t<\/div>\n\t\t\t\t<\/div>\n\t\t\t\t\t<\/div>\n\t\t\t\t<\/div>\n\t\t\t\t<\/div>\n\t\t","protected":false},"excerpt":{"rendered":"<p>Kompetenz. Mehrwert. Partnerschaft. Umfassender Support f\u00fcr Sie Wir sind ein f\u00fchrendes Unternehmen, das Ihnen hilft. Sie bleiben unabh\u00e4ngig. Bei DEFINET bekommen Sie Unterst\u00fctzung, die speziell f\u00fcr Finanzberater gedacht ist. Wir sind anders als andere Maklerpools. Wir bieten einen Komplettservice, der alle Bereiche abdeckt. So k\u00f6nnen Sie Ihre Arbeit besser machen. Ma\u00dfgeschneiderte L\u00f6sungen f\u00fcr Ihren Erfolg [&hellip;]<\/p>\n","protected":false},"author":1,"featured_media":23940,"parent":0,"menu_order":0,"comment_status":"closed","ping_status":"closed","template":"","meta":{"_acf_changed":false,"footnotes":""},"folder":[],"class_list":["post-23994","page","type-page","status-publish","has-post-thumbnail","hentry"],"acf":[],"yoast_head":"<!-- This site is optimized with the Yoast SEO plugin v27.5 - https:\/\/yoast.com\/product\/yoast-seo-wordpress\/ -->\n<title>Home - DEFINET AG - St\u00e4rke nutzen. Unabh\u00e4ngig bleiben.<\/title>\n<meta name=\"description\" content=\"Den Support eines gro\u00dfen Unternehmens genie\u00dfen und trotzdem unabh\u00e4ngig sein. Gibt es nicht? Doch, gibt es: Bei uns - DEFINET AG.\" \/>\n<meta name=\"robots\" content=\"index, follow, max-snippet:-1, max-image-preview:large, max-video-preview:-1\" \/>\n<link rel=\"canonical\" href=\"https:\/\/definet.de\/nds-de\/home\/\" \/>\n<meta property=\"og:locale\" content=\"en_US\" \/>\n<meta property=\"og:type\" content=\"article\" \/>\n<meta property=\"og:title\" content=\"Home - DEFINET AG - St\u00e4rke nutzen. Unabh\u00e4ngig bleiben.\" \/>\n<meta property=\"og:description\" content=\"Den Support eines gro\u00dfen Unternehmens genie\u00dfen und trotzdem unabh\u00e4ngig sein. Gibt es nicht? Doch, gibt es: Bei uns - DEFINET AG.\" \/>\n<meta property=\"og:url\" content=\"https:\/\/definet.de\/nds-de\/home\/\" \/>\n<meta property=\"og:site_name\" content=\"DEFINET AG\" \/>\n<meta property=\"article:modified_time\" content=\"2025-05-26T11:29:09+00:00\" \/>\n<meta property=\"og:image\" content=\"https:\/\/definet.de\/wp-content\/uploads\/2025\/02\/willkommen-bei.jpg\" \/>\n\t<meta property=\"og:image:width\" content=\"1200\" \/>\n\t<meta property=\"og:image:height\" content=\"630\" \/>\n\t<meta property=\"og:image:type\" content=\"image\/jpeg\" \/>\n<meta name=\"twitter:card\" content=\"summary_large_image\" \/>\n<meta name=\"twitter:label1\" content=\"Gesch\u00e4tzte Lesezeit\" \/>\n\t<meta name=\"twitter:data1\" content=\"1\u00a0Minute\" \/>\n<script type=\"application\/ld+json\" class=\"yoast-schema-graph\">{\"@context\":\"https:\\\/\\\/schema.org\",\"@graph\":[{\"@type\":\"WebPage\",\"@id\":\"https:\\\/\\\/definet.de\\\/nds-de\\\/home\\\/\",\"url\":\"https:\\\/\\\/definet.de\\\/nds-de\\\/home\\\/\",\"name\":\"Home - DEFINET AG - St\u00e4rke nutzen. Unabh\u00e4ngig bleiben.\",\"isPartOf\":{\"@id\":\"https:\\\/\\\/definet.de\\\/#website\"},\"primaryImageOfPage\":{\"@id\":\"https:\\\/\\\/definet.de\\\/nds-de\\\/home\\\/#primaryimage\"},\"image\":{\"@id\":\"https:\\\/\\\/definet.de\\\/nds-de\\\/home\\\/#primaryimage\"},\"thumbnailUrl\":\"https:\\\/\\\/definet.de\\\/wp-content\\\/uploads\\\/2025\\\/02\\\/willkommen-bei.jpg\",\"datePublished\":\"2019-08-01T14:30:39+00:00\",\"dateModified\":\"2025-05-26T11:29:09+00:00\",\"description\":\"Den Support eines gro\u00dfen Unternehmens genie\u00dfen und trotzdem unabh\u00e4ngig sein. Gibt es nicht? Doch, gibt es: Bei uns - DEFINET AG.\",\"breadcrumb\":{\"@id\":\"https:\\\/\\\/definet.de\\\/nds-de\\\/home\\\/#breadcrumb\"},\"inLanguage\":\"de\",\"potentialAction\":[{\"@type\":\"ReadAction\",\"target\":[\"https:\\\/\\\/definet.de\\\/nds-de\\\/home\\\/\"]}]},{\"@type\":\"ImageObject\",\"inLanguage\":\"de\",\"@id\":\"https:\\\/\\\/definet.de\\\/nds-de\\\/home\\\/#primaryimage\",\"url\":\"https:\\\/\\\/definet.de\\\/wp-content\\\/uploads\\\/2025\\\/02\\\/willkommen-bei.jpg\",\"contentUrl\":\"https:\\\/\\\/definet.de\\\/wp-content\\\/uploads\\\/2025\\\/02\\\/willkommen-bei.jpg\",\"width\":1200,\"height\":630,\"caption\":\"DEFINET AG \u2013 Startseite\"},{\"@type\":\"BreadcrumbList\",\"@id\":\"https:\\\/\\\/definet.de\\\/nds-de\\\/home\\\/#breadcrumb\",\"itemListElement\":[{\"@type\":\"ListItem\",\"position\":1,\"name\":\"Startseite\",\"item\":\"https:\\\/\\\/definet.de\\\/nds-de\\\/home\\\/\"},{\"@type\":\"ListItem\",\"position\":2,\"name\":\"Home\"}]},{\"@type\":\"WebSite\",\"@id\":\"https:\\\/\\\/definet.de\\\/#website\",\"url\":\"https:\\\/\\\/definet.de\\\/\",\"name\":\"Definet AG\",\"description\":\"Kompetenz. Mehrwert. Partnerschaft.\",\"publisher\":{\"@id\":\"https:\\\/\\\/definet.de\\\/#organization\"},\"potentialAction\":[{\"@type\":\"SearchAction\",\"target\":{\"@type\":\"EntryPoint\",\"urlTemplate\":\"https:\\\/\\\/definet.de\\\/?s={search_term_string}\"},\"query-input\":{\"@type\":\"PropertyValueSpecification\",\"valueRequired\":true,\"valueName\":\"search_term_string\"}}],\"inLanguage\":\"de\"},{\"@type\":\"Organization\",\"@id\":\"https:\\\/\\\/definet.de\\\/#organization\",\"name\":\"DEFINET AG\",\"url\":\"https:\\\/\\\/definet.de\\\/\",\"logo\":{\"@type\":\"ImageObject\",\"inLanguage\":\"de\",\"@id\":\"https:\\\/\\\/definet.de\\\/#\\\/schema\\\/logo\\\/image\\\/\",\"url\":\"https:\\\/\\\/definet.de\\\/wp-content\\\/uploads\\\/2020\\\/01\\\/Logo_Definet.png\",\"contentUrl\":\"https:\\\/\\\/definet.de\\\/wp-content\\\/uploads\\\/2020\\\/01\\\/Logo_Definet.png\",\"width\":2547,\"height\":567,\"caption\":\"DEFINET AG\"},\"image\":{\"@id\":\"https:\\\/\\\/definet.de\\\/#\\\/schema\\\/logo\\\/image\\\/\"},\"sameAs\":[\"https:\\\/\\\/www.linkedin.com\\\/company\\\/definetag\"]}]}<\/script>\n<!-- \/ Yoast SEO plugin. -->","yoast_head_json":{"title":"Home - DEFINET AG - St\u00e4rke nutzen. Unabh\u00e4ngig bleiben.","description":"Den Support eines gro\u00dfen Unternehmens genie\u00dfen und trotzdem unabh\u00e4ngig sein. Gibt es nicht? Doch, gibt es: Bei uns - DEFINET AG.","robots":{"index":"index","follow":"follow","max-snippet":"max-snippet:-1","max-image-preview":"max-image-preview:large","max-video-preview":"max-video-preview:-1"},"canonical":"https:\/\/definet.de\/nds-de\/home\/","og_locale":"en_US","og_type":"article","og_title":"Home - DEFINET AG - St\u00e4rke nutzen. Unabh\u00e4ngig bleiben.","og_description":"Den Support eines gro\u00dfen Unternehmens genie\u00dfen und trotzdem unabh\u00e4ngig sein. Gibt es nicht? Doch, gibt es: Bei uns - DEFINET AG.","og_url":"https:\/\/definet.de\/nds-de\/home\/","og_site_name":"DEFINET AG","article_modified_time":"2025-05-26T11:29:09+00:00","og_image":[{"width":1200,"height":630,"url":"https:\/\/definet.de\/wp-content\/uploads\/2025\/02\/willkommen-bei.jpg","type":"image\/jpeg"}],"twitter_card":"summary_large_image","twitter_misc":{"Gesch\u00e4tzte Lesezeit":"1\u00a0Minute"},"schema":{"@context":"https:\/\/schema.org","@graph":[{"@type":"WebPage","@id":"https:\/\/definet.de\/nds-de\/home\/","url":"https:\/\/definet.de\/nds-de\/home\/","name":"Home - DEFINET AG - St\u00e4rke nutzen. Unabh\u00e4ngig bleiben.","isPartOf":{"@id":"https:\/\/definet.de\/#website"},"primaryImageOfPage":{"@id":"https:\/\/definet.de\/nds-de\/home\/#primaryimage"},"image":{"@id":"https:\/\/definet.de\/nds-de\/home\/#primaryimage"},"thumbnailUrl":"https:\/\/definet.de\/wp-content\/uploads\/2025\/02\/willkommen-bei.jpg","datePublished":"2019-08-01T14:30:39+00:00","dateModified":"2025-05-26T11:29:09+00:00","description":"Den Support eines gro\u00dfen Unternehmens genie\u00dfen und trotzdem unabh\u00e4ngig sein. Gibt es nicht? Doch, gibt es: Bei uns - DEFINET AG.","breadcrumb":{"@id":"https:\/\/definet.de\/nds-de\/home\/#breadcrumb"},"inLanguage":"de","potentialAction":[{"@type":"ReadAction","target":["https:\/\/definet.de\/nds-de\/home\/"]}]},{"@type":"ImageObject","inLanguage":"de","@id":"https:\/\/definet.de\/nds-de\/home\/#primaryimage","url":"https:\/\/definet.de\/wp-content\/uploads\/2025\/02\/willkommen-bei.jpg","contentUrl":"https:\/\/definet.de\/wp-content\/uploads\/2025\/02\/willkommen-bei.jpg","width":1200,"height":630,"caption":"DEFINET AG \u2013 Startseite"},{"@type":"BreadcrumbList","@id":"https:\/\/definet.de\/nds-de\/home\/#breadcrumb","itemListElement":[{"@type":"ListItem","position":1,"name":"Startseite","item":"https:\/\/definet.de\/nds-de\/home\/"},{"@type":"ListItem","position":2,"name":"Home"}]},{"@type":"WebSite","@id":"https:\/\/definet.de\/#website","url":"https:\/\/definet.de\/","name":"Definet AG","description":"Kompetenz. Mehrwert. Partnerschaft.","publisher":{"@id":"https:\/\/definet.de\/#organization"},"potentialAction":[{"@type":"SearchAction","target":{"@type":"EntryPoint","urlTemplate":"https:\/\/definet.de\/?s={search_term_string}"},"query-input":{"@type":"PropertyValueSpecification","valueRequired":true,"valueName":"search_term_string"}}],"inLanguage":"de"},{"@type":"Organization","@id":"https:\/\/definet.de\/#organization","name":"DEFINET AG","url":"https:\/\/definet.de\/","logo":{"@type":"ImageObject","inLanguage":"de","@id":"https:\/\/definet.de\/#\/schema\/logo\/image\/","url":"https:\/\/definet.de\/wp-content\/uploads\/2020\/01\/Logo_Definet.png","contentUrl":"https:\/\/definet.de\/wp-content\/uploads\/2020\/01\/Logo_Definet.png","width":2547,"height":567,"caption":"DEFINET AG"},"image":{"@id":"https:\/\/definet.de\/#\/schema\/logo\/image\/"},"sameAs":["https:\/\/www.linkedin.com\/company\/definetag"]}]}},"_links":{"self":[{"href":"https:\/\/definet.de\/nds-de\/wp-json\/wp\/v2\/pages\/23994","targetHints":{"allow":["GET"]}}],"collection":[{"href":"https:\/\/definet.de\/nds-de\/wp-json\/wp\/v2\/pages"}],"about":[{"href":"https:\/\/definet.de\/nds-de\/wp-json\/wp\/v2\/types\/page"}],"author":[{"embeddable":true,"href":"https:\/\/definet.de\/nds-de\/wp-json\/wp\/v2\/users\/1"}],"replies":[{"embeddable":true,"href":"https:\/\/definet.de\/nds-de\/wp-json\/wp\/v2\/comments?post=23994"}],"version-history":[{"count":1,"href":"https:\/\/definet.de\/nds-de\/wp-json\/wp\/v2\/pages\/23994\/revisions"}],"predecessor-version":[{"id":23995,"href":"https:\/\/definet.de\/nds-de\/wp-json\/wp\/v2\/pages\/23994\/revisions\/23995"}],"wp:featuredmedia":[{"embeddable":true,"href":"https:\/\/definet.de\/nds-de\/wp-json\/wp\/v2\/media\/23940"}],"wp:attachment":[{"href":"https:\/\/definet.de\/nds-de\/wp-json\/wp\/v2\/media?parent=23994"}],"wp:term":[{"taxonomy":"folder","embeddable":true,"href":"https:\/\/definet.de\/nds-de\/wp-json\/wp\/v2\/folder?post=23994"}],"curies":[{"name":"wp","href":"https:\/\/api.w.org\/{rel}","templated":true}]}}