{"id":23996,"date":"2019-11-19T11:42:52","date_gmt":"2019-11-19T10:42:52","guid":{"rendered":"https:\/\/definet.de\/uber-definet\/"},"modified":"2025-05-26T14:16:42","modified_gmt":"2025-05-26T12:16:42","slug":"uber-definet","status":"publish","type":"page","link":"https:\/\/definet.de\/nds-de\/uber-definet\/","title":{"rendered":"\u00dcber DEFINET"},"content":{"rendered":"\t\t<div data-elementor-type=\"wp-page\" data-elementor-id=\"23996\" class=\"elementor elementor-23996 elementor-64\" data-elementor-post-type=\"page\">\n\t\t\t\t<div class=\"elementor-element elementor-element-ee9c51c e-flex e-con-boxed e-con e-parent\" data-id=\"ee9c51c\" data-element_type=\"container\" data-e-type=\"container\">\n\t\t\t\t\t<div class=\"e-con-inner\">\n\t\t\t\t<div class=\"elementor-element elementor-element-7d53219 elementor-widget__width-initial content-box-primary elementor-widget-mobile_extra__width-inherit elementor-widget elementor-widget-text-editor\" data-id=\"7d53219\" data-element_type=\"widget\" data-e-type=\"widget\" data-widget_type=\"text-editor.default\">\n\t\t\t\t<div class=\"elementor-widget-container\">\n\t\t\t\t\t\t\t\t\t<h2>Wer wir sind<\/h2><p>sindWir helfen Ihnen, Ihre Kunden gut zu beraten. Wenn Sie Hilfe bei Abrechnung oder Daten brauchen, sind wir f\u00fcr Sie da. M\u00f6chten Sie eine eigene App und ein Online-Portal f\u00fcr Ihre Kunden? Das ist einfach und erfordert nicht viel Aufwand. Denken Sie dar\u00fcber nach, neue Gesch\u00e4ftsfelder zu er\u00f6ffnen? Wir bieten Ihnen gepr\u00fcfte Produkte, die sicher sind. Die Ausbildung Ihrer Berater ist wichtig f\u00fcr Ihren Erfolg. Dann sind Sie bei DEFINET richtig.    <\/p><p>Wir haben \u00fcber 70 Experten in Eschborn und Hannover. Diese unterst\u00fctzen Finanzberatungsunternehmen. Wir wissen, was wichtig ist, um den Umsatz zu steigern und die Arbeit einfacher zu machen. Wir sind Ihr Partner, damit Sie Ihre Kunden gut beraten k\u00f6nnen.  <\/p>\t\t\t\t\t\t\t\t<\/div>\n\t\t\t\t<\/div>\n\t\t\t\t<div class=\"elementor-element elementor-element-6a3de7a elementor-widget__width-initial elementor-widget-mobile_extra__width-inherit elementor-widget elementor-widget-text-editor\" data-id=\"6a3de7a\" data-element_type=\"widget\" data-e-type=\"widget\" data-settings=\"{&quot;motion_fx_motion_fx_scrolling&quot;:&quot;yes&quot;,&quot;motion_fx_translateY_effect&quot;:&quot;yes&quot;,&quot;motion_fx_translateY_speed&quot;:{&quot;unit&quot;:&quot;px&quot;,&quot;size&quot;:5,&quot;sizes&quot;:[]},&quot;motion_fx_devices&quot;:[&quot;desktop&quot;,&quot;laptop&quot;,&quot;tablet_extra&quot;,&quot;tablet&quot;],&quot;motion_fx_translateY_affectedRange&quot;:{&quot;unit&quot;:&quot;%&quot;,&quot;size&quot;:&quot;&quot;,&quot;sizes&quot;:{&quot;start&quot;:0,&quot;end&quot;:100}}}\" data-widget_type=\"text-editor.default\">\n\t\t\t\t<div class=\"elementor-widget-container\">\n\t\t\t\t\t\t\t\t\t<h2>Mehrwert<\/h2><p>Wir schaffen Vorteile f\u00fcr unsere Kunden. Unsere Partner verdienen mehr Geld durch die Zusammenarbeit mit uns. Es gibt zwei wichtige Punkte: Mehr Kunden bringen mehr Umsatz. Einfachere Prozesse sparen Zeit und Aufwand. Mit DEFINET haben Sie Unterst\u00fctzung in beiden Bereichen.   <\/p><h3>Mehr Umsatz<\/h3><p>Neue Gesch\u00e4ftsfelder k\u00f6nnen Ihnen helfen, mehr Geld zu verdienen.<\/p><ul><li>Bieten Sie gepr\u00fcfte Immobilien- und Photovoltaik-Investments an.<\/li><li>Gewinnen Sie neue Kunden mit einer eigenen App und einem Online-Portal, wo sie<br>Vertr\u00e4ge einsehen und neue abschlie\u00dfen k\u00f6nnen.<\/li><li>Optimieren Sie bestehende Vertr\u00e4ge, damit Sie auch Provisionen erhalten<\/li><li>Bilden Sie Ihre Berater weiter, damit sie besser auf die Bed\u00fcrfnisse Ihrer Kunden eingehen k\u00f6nnen.<\/li><\/ul><h3>Weniger Aufwand<\/h3><p>Unsere digitalen Abrechnungssysteme machen die Verwaltung einfacher.Wenn Sie das Provisionsmanagement auslagern, sparen Sie Zeit und Geld.<\/p><ul><li>Sie k\u00f6nnen viel Zeit und Geld sparen, wenn Sie das gesamte Provisionsmanagement abgeben. Dabei bleibt Ihre eigene Unternehmensstruktur erhalten.<\/li><li>Arbeiten Sie im Beratungsalltag effizienter mit immer aktuellen Vertragsdaten. Unser Post- und Datenservice liefert Ihnen automatisch die neuesten Informationen Ihrer Partnergesellschaften \u2013 direkt in Ihr System und dem richtigen Vertrag zugeordnet. <\/li><\/ul>\t\t\t\t\t\t\t\t<\/div>\n\t\t\t\t<\/div>\n\t\t<div class=\"elementor-element elementor-element-c4dce01 e-con-full fullwidth e-flex e-con e-child\" data-id=\"c4dce01\" data-element_type=\"container\" data-e-type=\"container\" data-settings=\"{&quot;background_background&quot;:&quot;classic&quot;}\">\n\t\t\t\t<\/div>\n\t\t\t\t<div class=\"elementor-element elementor-element-302aa31 elementor-widget__width-initial elementor-widget-mobile_extra__width-inherit elementor-widget elementor-widget-text-editor\" data-id=\"302aa31\" data-element_type=\"widget\" data-e-type=\"widget\" data-widget_type=\"text-editor.default\">\n\t\t\t\t<div class=\"elementor-widget-container\">\n\t\t\t\t\t\t\t\t\t<h2>Partnerschaft<\/h2><p>Wir suchen Partner, nicht nur Kunden. Wenn es Ihnen gut geht, geht es uns gut. Unser Ziel ist es, Ihnen zu helfen, Ihre Kunden einfach und effektiv zu beraten. Eine gute Zusammenarbeit ist wichtig, damit beide Seiten profitieren. Wir sind Ihr Partner f\u00fcr Ihren Erfolg.      <\/p>\t\t\t\t\t\t\t\t<\/div>\n\t\t\t\t<\/div>\n\t\t\t\t<div class=\"elementor-element elementor-element-6b8f5b7 elementor-widget__width-initial elementor-widget-mobile_extra__width-inherit elementor-widget elementor-widget-text-editor\" data-id=\"6b8f5b7\" data-element_type=\"widget\" data-e-type=\"widget\" data-widget_type=\"text-editor.default\">\n\t\t\t\t<div class=\"elementor-widget-container\">\n\t\t\t\t\t\t\t\t\t<h2>Erfahrung<\/h2>\n<p>Wir kommen aus den Backoffice-Bereichen von zwei Finanzberatungsunternehmen. Wir kennen die Anforderungen von Finanzberatern gut. Gute Unterst\u00fctzung braucht nicht nur eine reibungslose Verwaltung, sondern auch Expertenhilfe. Diese bieten wir seit \u00fcber zehn Jahren an.  <\/p>\t\t\t\t\t\t\t\t<\/div>\n\t\t\t\t<\/div>\n\t\t\t\t<div class=\"elementor-element elementor-element-6838a1a elementor-widget__width-initial elementor-widget-mobile_extra__width-inherit elementor-widget elementor-widget-text-editor\" data-id=\"6838a1a\" data-element_type=\"widget\" data-e-type=\"widget\" data-widget_type=\"text-editor.default\">\n\t\t\t\t<div class=\"elementor-widget-container\">\n\t\t\t\t\t\t\t\t\t<h2>Unabh\u00e4ngigkeit<\/h2><p>Wir sind unabh\u00e4ngig und in privater Hand. Wir arbeiten f\u00fcr Sie und k\u00f6nnen schnell und flexibel handeln. Das ist wichtig f\u00fcr eine faire Beratung.  <\/p>\t\t\t\t\t\t\t\t<\/div>\n\t\t\t\t<\/div>\n\t\t\t\t<div class=\"elementor-element elementor-element-43cf47c elementor-widget__width-initial elementor-widget-mobile_extra__width-inherit elementor-widget elementor-widget-text-editor\" data-id=\"43cf47c\" data-element_type=\"widget\" data-e-type=\"widget\" data-widget_type=\"text-editor.default\">\n\t\t\t\t<div class=\"elementor-widget-container\">\n\t\t\t\t\t\t\t\t\t<h2>All-inclusive<\/h2><p>Wenn Sie ein neues Finanzberatungsunternehmen gr\u00fcnden oder einen umfassenden Backoffice-Dienstleister suchen, sind wir f\u00fcr Sie da. Wir kennen die Anforderungen von Finanzberatern gut. <\/p><p>Unsere Hilfe ist nicht auf bestimmte Bereiche beschr\u00e4nkt. Wir bieten Unterst\u00fctzung in allen Bereichen: Versicherungen, Immobilien oder Photovoltaik. Mit DEFINET k\u00f6nnen Sie sich auf das konzentrieren, was wichtig ist: die Beratung Ihrer Kunden. Wir k\u00fcmmern uns um alle Backoffice-Themen f\u00fcr Sie.     <\/p>\t\t\t\t\t\t\t\t<\/div>\n\t\t\t\t<\/div>\n\t\t\t\t\t<\/div>\n\t\t\t\t<\/div>\n\t\t\t\t<\/div>\n\t\t","protected":false},"excerpt":{"rendered":"<p>Wer wir sind sindWir helfen Ihnen, Ihre Kunden gut zu beraten. Wenn Sie Hilfe bei Abrechnung oder Daten brauchen, sind wir f\u00fcr Sie da. M\u00f6chten Sie eine eigene App und ein Online-Portal f\u00fcr Ihre Kunden? Das ist einfach und erfordert nicht viel Aufwand. Denken Sie dar\u00fcber nach, neue Gesch\u00e4ftsfelder zu er\u00f6ffnen? Wir bieten Ihnen gepr\u00fcfte [&hellip;]<\/p>\n","protected":false},"author":1,"featured_media":23948,"parent":0,"menu_order":0,"comment_status":"closed","ping_status":"closed","template":"","meta":{"_acf_changed":false,"footnotes":""},"folder":[1174],"class_list":["post-23996","page","type-page","status-publish","has-post-thumbnail","hentry"],"acf":[],"yoast_head":"<!-- This site is optimized with the Yoast SEO plugin v27.5 - https:\/\/yoast.com\/product\/yoast-seo-wordpress\/ -->\n<title>\u00dcber DEFINET - St\u00e4rke nutzen, unabh\u00e4ngig bleiben - DEFINET AG<\/title>\n<meta name=\"description\" content=\"Den Support eines gro\u00dfen Unternehmens genie\u00dfen und trotzdem Unabh\u00e4ngigkeit sein. Gibt es nicht? Doch, gibt es: Bei DEFINET!\" \/>\n<meta name=\"robots\" content=\"index, follow, max-snippet:-1, max-image-preview:large, max-video-preview:-1\" \/>\n<link rel=\"canonical\" href=\"https:\/\/definet.de\/nds-de\/uber-definet\/\" \/>\n<meta property=\"og:locale\" content=\"en_US\" \/>\n<meta property=\"og:type\" content=\"article\" \/>\n<meta property=\"og:title\" content=\"\u00dcber DEFINET - St\u00e4rke nutzen, unabh\u00e4ngig bleiben - Definet AG\" \/>\n<meta property=\"og:description\" content=\"Den Support eines gro\u00dfen Unternehmens genie\u00dfen und trotzdem Unabh\u00e4ngigkeit sein. Gibt es nicht? Doch, gibt es: Bei DEFINET!\" \/>\n<meta property=\"og:url\" content=\"https:\/\/definet.de\/nds-de\/uber-definet\/\" \/>\n<meta property=\"og:site_name\" content=\"DEFINET AG\" \/>\n<meta property=\"article:modified_time\" content=\"2025-05-26T12:16:42+00:00\" \/>\n<meta property=\"og:image\" content=\"https:\/\/definet.de\/wp-content\/uploads\/2020\/01\/staerke-zeigen-unabhaengig-bleiben.jpg\" \/>\n<meta name=\"twitter:card\" content=\"summary_large_image\" \/>\n<meta name=\"twitter:title\" content=\"\u00dcber DEFINET - St\u00e4rke nutzen, unabh\u00e4ngig bleiben - Definet AG\" \/>\n<meta name=\"twitter:description\" content=\"Den Support eines gro\u00dfen Unternehmens genie\u00dfen und trotzdem Unabh\u00e4ngigkeit sein. Gibt es nicht? Doch, gibt es: Bei DEFINET!\" \/>\n<meta name=\"twitter:label1\" content=\"Gesch\u00e4tzte Lesezeit\" \/>\n\t<meta name=\"twitter:data1\" content=\"2\u00a0Minuten\" \/>\n<script type=\"application\/ld+json\" class=\"yoast-schema-graph\">{\"@context\":\"https:\\\/\\\/schema.org\",\"@graph\":[{\"@type\":\"WebPage\",\"@id\":\"https:\\\/\\\/definet.de\\\/nds-de\\\/uber-definet\\\/\",\"url\":\"https:\\\/\\\/definet.de\\\/nds-de\\\/uber-definet\\\/\",\"name\":\"\u00dcber DEFINET - St\u00e4rke nutzen, unabh\u00e4ngig bleiben - DEFINET AG\",\"isPartOf\":{\"@id\":\"https:\\\/\\\/definet.de\\\/#website\"},\"primaryImageOfPage\":{\"@id\":\"https:\\\/\\\/definet.de\\\/nds-de\\\/uber-definet\\\/#primaryimage\"},\"image\":{\"@id\":\"https:\\\/\\\/definet.de\\\/nds-de\\\/uber-definet\\\/#primaryimage\"},\"thumbnailUrl\":\"https:\\\/\\\/definet.de\\\/wp-content\\\/uploads\\\/2025\\\/02\\\/ueber-definet.jpg\",\"datePublished\":\"2019-11-19T10:42:52+00:00\",\"dateModified\":\"2025-05-26T12:16:42+00:00\",\"description\":\"Den Support eines gro\u00dfen Unternehmens genie\u00dfen und trotzdem Unabh\u00e4ngigkeit sein. Gibt es nicht? Doch, gibt es: Bei DEFINET!\",\"breadcrumb\":{\"@id\":\"https:\\\/\\\/definet.de\\\/nds-de\\\/uber-definet\\\/#breadcrumb\"},\"inLanguage\":\"de\",\"potentialAction\":[{\"@type\":\"ReadAction\",\"target\":[\"https:\\\/\\\/definet.de\\\/nds-de\\\/uber-definet\\\/\"]}]},{\"@type\":\"ImageObject\",\"inLanguage\":\"de\",\"@id\":\"https:\\\/\\\/definet.de\\\/nds-de\\\/uber-definet\\\/#primaryimage\",\"url\":\"https:\\\/\\\/definet.de\\\/wp-content\\\/uploads\\\/2025\\\/02\\\/ueber-definet.jpg\",\"contentUrl\":\"https:\\\/\\\/definet.de\\\/wp-content\\\/uploads\\\/2025\\\/02\\\/ueber-definet.jpg\",\"width\":1200,\"height\":630,\"caption\":\"DEFINET AG \u2013 \u00dcber DEFINET\"},{\"@type\":\"BreadcrumbList\",\"@id\":\"https:\\\/\\\/definet.de\\\/nds-de\\\/uber-definet\\\/#breadcrumb\",\"itemListElement\":[{\"@type\":\"ListItem\",\"position\":1,\"name\":\"Startseite\",\"item\":\"https:\\\/\\\/definet.de\\\/nds-de\\\/home\\\/\"},{\"@type\":\"ListItem\",\"position\":2,\"name\":\"\u00dcber DEFINET\"}]},{\"@type\":\"WebSite\",\"@id\":\"https:\\\/\\\/definet.de\\\/#website\",\"url\":\"https:\\\/\\\/definet.de\\\/\",\"name\":\"Definet AG\",\"description\":\"Kompetenz. Mehrwert. Partnerschaft.\",\"publisher\":{\"@id\":\"https:\\\/\\\/definet.de\\\/#organization\"},\"potentialAction\":[{\"@type\":\"SearchAction\",\"target\":{\"@type\":\"EntryPoint\",\"urlTemplate\":\"https:\\\/\\\/definet.de\\\/?s={search_term_string}\"},\"query-input\":{\"@type\":\"PropertyValueSpecification\",\"valueRequired\":true,\"valueName\":\"search_term_string\"}}],\"inLanguage\":\"de\"},{\"@type\":\"Organization\",\"@id\":\"https:\\\/\\\/definet.de\\\/#organization\",\"name\":\"DEFINET AG\",\"url\":\"https:\\\/\\\/definet.de\\\/\",\"logo\":{\"@type\":\"ImageObject\",\"inLanguage\":\"de\",\"@id\":\"https:\\\/\\\/definet.de\\\/#\\\/schema\\\/logo\\\/image\\\/\",\"url\":\"https:\\\/\\\/definet.de\\\/wp-content\\\/uploads\\\/2020\\\/01\\\/Logo_Definet.png\",\"contentUrl\":\"https:\\\/\\\/definet.de\\\/wp-content\\\/uploads\\\/2020\\\/01\\\/Logo_Definet.png\",\"width\":2547,\"height\":567,\"caption\":\"DEFINET AG\"},\"image\":{\"@id\":\"https:\\\/\\\/definet.de\\\/#\\\/schema\\\/logo\\\/image\\\/\"},\"sameAs\":[\"https:\\\/\\\/www.linkedin.com\\\/company\\\/definetag\"]}]}<\/script>\n<!-- \/ Yoast SEO plugin. -->","yoast_head_json":{"title":"\u00dcber DEFINET - St\u00e4rke nutzen, unabh\u00e4ngig bleiben - DEFINET AG","description":"Den Support eines gro\u00dfen Unternehmens genie\u00dfen und trotzdem Unabh\u00e4ngigkeit sein. Gibt es nicht? Doch, gibt es: Bei DEFINET!","robots":{"index":"index","follow":"follow","max-snippet":"max-snippet:-1","max-image-preview":"max-image-preview:large","max-video-preview":"max-video-preview:-1"},"canonical":"https:\/\/definet.de\/nds-de\/uber-definet\/","og_locale":"en_US","og_type":"article","og_title":"\u00dcber DEFINET - St\u00e4rke nutzen, unabh\u00e4ngig bleiben - Definet AG","og_description":"Den Support eines gro\u00dfen Unternehmens genie\u00dfen und trotzdem Unabh\u00e4ngigkeit sein. Gibt es nicht? Doch, gibt es: Bei DEFINET!","og_url":"https:\/\/definet.de\/nds-de\/uber-definet\/","og_site_name":"DEFINET AG","article_modified_time":"2025-05-26T12:16:42+00:00","og_image":[{"url":"https:\/\/definet.de\/wp-content\/uploads\/2020\/01\/staerke-zeigen-unabhaengig-bleiben.jpg","type":"","width":"","height":""}],"twitter_card":"summary_large_image","twitter_title":"\u00dcber DEFINET - St\u00e4rke nutzen, unabh\u00e4ngig bleiben - Definet AG","twitter_description":"Den Support eines gro\u00dfen Unternehmens genie\u00dfen und trotzdem Unabh\u00e4ngigkeit sein. Gibt es nicht? Doch, gibt es: Bei DEFINET!","twitter_misc":{"Gesch\u00e4tzte Lesezeit":"2\u00a0Minuten"},"schema":{"@context":"https:\/\/schema.org","@graph":[{"@type":"WebPage","@id":"https:\/\/definet.de\/nds-de\/uber-definet\/","url":"https:\/\/definet.de\/nds-de\/uber-definet\/","name":"\u00dcber DEFINET - St\u00e4rke nutzen, unabh\u00e4ngig bleiben - DEFINET AG","isPartOf":{"@id":"https:\/\/definet.de\/#website"},"primaryImageOfPage":{"@id":"https:\/\/definet.de\/nds-de\/uber-definet\/#primaryimage"},"image":{"@id":"https:\/\/definet.de\/nds-de\/uber-definet\/#primaryimage"},"thumbnailUrl":"https:\/\/definet.de\/wp-content\/uploads\/2025\/02\/ueber-definet.jpg","datePublished":"2019-11-19T10:42:52+00:00","dateModified":"2025-05-26T12:16:42+00:00","description":"Den Support eines gro\u00dfen Unternehmens genie\u00dfen und trotzdem Unabh\u00e4ngigkeit sein. Gibt es nicht? Doch, gibt es: Bei DEFINET!","breadcrumb":{"@id":"https:\/\/definet.de\/nds-de\/uber-definet\/#breadcrumb"},"inLanguage":"de","potentialAction":[{"@type":"ReadAction","target":["https:\/\/definet.de\/nds-de\/uber-definet\/"]}]},{"@type":"ImageObject","inLanguage":"de","@id":"https:\/\/definet.de\/nds-de\/uber-definet\/#primaryimage","url":"https:\/\/definet.de\/wp-content\/uploads\/2025\/02\/ueber-definet.jpg","contentUrl":"https:\/\/definet.de\/wp-content\/uploads\/2025\/02\/ueber-definet.jpg","width":1200,"height":630,"caption":"DEFINET AG \u2013 \u00dcber DEFINET"},{"@type":"BreadcrumbList","@id":"https:\/\/definet.de\/nds-de\/uber-definet\/#breadcrumb","itemListElement":[{"@type":"ListItem","position":1,"name":"Startseite","item":"https:\/\/definet.de\/nds-de\/home\/"},{"@type":"ListItem","position":2,"name":"\u00dcber DEFINET"}]},{"@type":"WebSite","@id":"https:\/\/definet.de\/#website","url":"https:\/\/definet.de\/","name":"Definet AG","description":"Kompetenz. Mehrwert. Partnerschaft.","publisher":{"@id":"https:\/\/definet.de\/#organization"},"potentialAction":[{"@type":"SearchAction","target":{"@type":"EntryPoint","urlTemplate":"https:\/\/definet.de\/?s={search_term_string}"},"query-input":{"@type":"PropertyValueSpecification","valueRequired":true,"valueName":"search_term_string"}}],"inLanguage":"de"},{"@type":"Organization","@id":"https:\/\/definet.de\/#organization","name":"DEFINET AG","url":"https:\/\/definet.de\/","logo":{"@type":"ImageObject","inLanguage":"de","@id":"https:\/\/definet.de\/#\/schema\/logo\/image\/","url":"https:\/\/definet.de\/wp-content\/uploads\/2020\/01\/Logo_Definet.png","contentUrl":"https:\/\/definet.de\/wp-content\/uploads\/2020\/01\/Logo_Definet.png","width":2547,"height":567,"caption":"DEFINET AG"},"image":{"@id":"https:\/\/definet.de\/#\/schema\/logo\/image\/"},"sameAs":["https:\/\/www.linkedin.com\/company\/definetag"]}]}},"_links":{"self":[{"href":"https:\/\/definet.de\/nds-de\/wp-json\/wp\/v2\/pages\/23996","targetHints":{"allow":["GET"]}}],"collection":[{"href":"https:\/\/definet.de\/nds-de\/wp-json\/wp\/v2\/pages"}],"about":[{"href":"https:\/\/definet.de\/nds-de\/wp-json\/wp\/v2\/types\/page"}],"author":[{"embeddable":true,"href":"https:\/\/definet.de\/nds-de\/wp-json\/wp\/v2\/users\/1"}],"replies":[{"embeddable":true,"href":"https:\/\/definet.de\/nds-de\/wp-json\/wp\/v2\/comments?post=23996"}],"version-history":[{"count":1,"href":"https:\/\/definet.de\/nds-de\/wp-json\/wp\/v2\/pages\/23996\/revisions"}],"predecessor-version":[{"id":23997,"href":"https:\/\/definet.de\/nds-de\/wp-json\/wp\/v2\/pages\/23996\/revisions\/23997"}],"wp:featuredmedia":[{"embeddable":true,"href":"https:\/\/definet.de\/nds-de\/wp-json\/wp\/v2\/media\/23948"}],"wp:attachment":[{"href":"https:\/\/definet.de\/nds-de\/wp-json\/wp\/v2\/media?parent=23996"}],"wp:term":[{"taxonomy":"folder","embeddable":true,"href":"https:\/\/definet.de\/nds-de\/wp-json\/wp\/v2\/folder?post=23996"}],"curies":[{"name":"wp","href":"https:\/\/api.w.org\/{rel}","templated":true}]}}