{"id":24000,"date":"2019-11-19T11:43:36","date_gmt":"2019-11-19T10:43:36","guid":{"rendered":"https:\/\/definet.de\/uber-definet\/fakten\/"},"modified":"2025-05-26T14:21:14","modified_gmt":"2025-05-26T12:21:14","slug":"fakten","status":"publish","type":"page","link":"https:\/\/definet.de\/nds-de\/uber-definet\/fakten\/","title":{"rendered":"Fakten"},"content":{"rendered":"\t\t<div data-elementor-type=\"wp-page\" data-elementor-id=\"24000\" class=\"elementor elementor-24000 elementor-68\" data-elementor-post-type=\"page\">\n\t\t\t\t<div class=\"elementor-element elementor-element-f23620e e-flex e-con-boxed e-con e-parent\" data-id=\"f23620e\" data-element_type=\"container\" data-e-type=\"container\">\n\t\t\t\t\t<div class=\"e-con-inner\">\n\t\t\t\t<div class=\"elementor-element elementor-element-a4b6cf7 elementor-widget__width-initial elementor-widget-mobile_extra__width-inherit fakten-petrol elementor-widget elementor-widget-counter\" data-id=\"a4b6cf7\" data-element_type=\"widget\" data-e-type=\"widget\" data-widget_type=\"counter.default\">\n\t\t\t\t<div class=\"elementor-widget-container\">\n\t\t\t\t\t\t\t<div class=\"elementor-counter\">\n\t\t\t<div class=\"elementor-counter-title\">gegr\u00fcndet<\/div>\t\t\t<div class=\"elementor-counter-number-wrapper\">\n\t\t\t\t<span class=\"elementor-counter-number-prefix\"><\/span>\n\t\t\t\t<span class=\"elementor-counter-number\" data-duration=\"2000\" data-to-value=\"2016\" data-from-value=\"1900\">1900<\/span>\n\t\t\t\t<span class=\"elementor-counter-number-suffix\"><\/span>\n\t\t\t<\/div>\n\t\t<\/div>\n\t\t\t\t\t\t<\/div>\n\t\t\t\t<\/div>\n\t\t\t\t<div class=\"elementor-element elementor-element-48e3e34 elementor-widget__width-initial elementor-widget-mobile_extra__width-inherit fakten elementor-widget elementor-widget-counter\" data-id=\"48e3e34\" data-element_type=\"widget\" data-e-type=\"widget\" data-widget_type=\"counter.default\">\n\t\t\t\t<div class=\"elementor-widget-container\">\n\t\t\t\t\t\t\t<div class=\"elementor-counter\">\n\t\t\t<div class=\"elementor-counter-title\">Mitarbeiter<\/div>\t\t\t<div class=\"elementor-counter-number-wrapper\">\n\t\t\t\t<span class=\"elementor-counter-number-prefix\"><\/span>\n\t\t\t\t<span class=\"elementor-counter-number\" data-duration=\"2000\" data-to-value=\"70\" data-from-value=\"0\">0<\/span>\n\t\t\t\t<span class=\"elementor-counter-number-suffix\"><\/span>\n\t\t\t<\/div>\n\t\t<\/div>\n\t\t\t\t\t\t<\/div>\n\t\t\t\t<\/div>\n\t\t\t\t<div class=\"elementor-element elementor-element-9a62087 elementor-widget__width-initial elementor-widget-mobile_extra__width-inherit fakten-weiss elementor-widget elementor-widget-counter\" data-id=\"9a62087\" data-element_type=\"widget\" data-e-type=\"widget\" data-widget_type=\"counter.default\">\n\t\t\t\t<div class=\"elementor-widget-container\">\n\t\t\t\t\t\t\t<div class=\"elementor-counter\">\n\t\t\t<div class=\"elementor-counter-title\">Gepr\u00fcfte &amp; vermittelte Immobilien in den letzten 10 Jahren<\/div>\t\t\t<div class=\"elementor-counter-number-wrapper\">\n\t\t\t\t<span class=\"elementor-counter-number-prefix\">&gt; <\/span>\n\t\t\t\t<span class=\"elementor-counter-number\" data-duration=\"2000\" data-to-value=\"350\" data-from-value=\"50\">50<\/span>\n\t\t\t\t<span class=\"elementor-counter-number-suffix\"> Mio. \u20ac<\/span>\n\t\t\t<\/div>\n\t\t<\/div>\n\t\t\t\t\t\t<\/div>\n\t\t\t\t<\/div>\n\t\t\t\t<div class=\"elementor-element elementor-element-1c80fdb elementor-widget__width-initial elementor-widget-mobile_extra__width-inherit fakten elementor-widget elementor-widget-counter\" data-id=\"1c80fdb\" data-element_type=\"widget\" data-e-type=\"widget\" data-widget_type=\"counter.default\">\n\t\t\t\t<div class=\"elementor-widget-container\">\n\t\t\t\t\t\t\t<div class=\"elementor-counter\">\n\t\t\t<div class=\"elementor-counter-title\">Gepr\u00fcfte und vermittelte PV-Anlagen seit 2019<\/div>\t\t\t<div class=\"elementor-counter-number-wrapper\">\n\t\t\t\t<span class=\"elementor-counter-number-prefix\">&gt; <\/span>\n\t\t\t\t<span class=\"elementor-counter-number\" data-duration=\"2000\" data-to-value=\"50\" data-from-value=\"10\">10<\/span>\n\t\t\t\t<span class=\"elementor-counter-number-suffix\"> Mio. \u20ac<\/span>\n\t\t\t<\/div>\n\t\t<\/div>\n\t\t\t\t\t\t<\/div>\n\t\t\t\t<\/div>\n\t\t\t\t<div class=\"elementor-element elementor-element-eb09d14 elementor-widget__width-initial elementor-widget-mobile_extra__width-inherit fakten-weiss elementor-widget elementor-widget-counter\" data-id=\"eb09d14\" data-element_type=\"widget\" data-e-type=\"widget\" data-widget_type=\"counter.default\">\n\t\t\t\t<div class=\"elementor-widget-container\">\n\t\t\t\t\t\t\t<div class=\"elementor-counter\">\n\t\t\t<div class=\"elementor-counter-title\">Vertragsbeziehungen in der Kunden-App<\/div>\t\t\t<div class=\"elementor-counter-number-wrapper\">\n\t\t\t\t<span class=\"elementor-counter-number-prefix\">&gt; <\/span>\n\t\t\t\t<span class=\"elementor-counter-number\" data-duration=\"2000\" data-to-value=\"25\" data-from-value=\"5\">5<\/span>\n\t\t\t\t<span class=\"elementor-counter-number-suffix\"> Mio. \u20ac<\/span>\n\t\t\t<\/div>\n\t\t<\/div>\n\t\t\t\t\t\t<\/div>\n\t\t\t\t<\/div>\n\t\t\t\t<div class=\"elementor-element elementor-element-a8bd64b elementor-widget__width-initial elementor-widget-mobile_extra__width-inherit fakten-petrol elementor-widget elementor-widget-counter\" data-id=\"a8bd64b\" data-element_type=\"widget\" data-e-type=\"widget\" data-widget_type=\"counter.default\">\n\t\t\t\t<div class=\"elementor-widget-container\">\n\t\t\t\t\t\t\t<div class=\"elementor-counter\">\n\t\t\t<div class=\"elementor-counter-title\">Bestandsoptimierung (optimierte Vertr\u00e4ge)<\/div>\t\t\t<div class=\"elementor-counter-number-wrapper\">\n\t\t\t\t<span class=\"elementor-counter-number-prefix\">&gt; <\/span>\n\t\t\t\t<span class=\"elementor-counter-number\" data-duration=\"2000\" data-to-value=\"1500000\" data-from-value=\"500000\" data-delimiter=\".\">500000<\/span>\n\t\t\t\t<span class=\"elementor-counter-number-suffix\"><\/span>\n\t\t\t<\/div>\n\t\t<\/div>\n\t\t\t\t\t\t<\/div>\n\t\t\t\t<\/div>\n\t\t\t\t<div class=\"elementor-element elementor-element-d7dc414 elementor-widget__width-initial elementor-widget-mobile_extra__width-inherit fakten-weiss elementor-widget elementor-widget-counter\" data-id=\"d7dc414\" data-element_type=\"widget\" data-e-type=\"widget\" data-widget_type=\"counter.default\">\n\t\t\t\t<div class=\"elementor-widget-container\">\n\t\t\t\t\t\t\t<div class=\"elementor-counter\">\n\t\t\t<div class=\"elementor-counter-title\">Akademie (erfolgreich begleitete IHK-Pr\u00fcfungen)<\/div>\t\t\t<div class=\"elementor-counter-number-wrapper\">\n\t\t\t\t<span class=\"elementor-counter-number-prefix\">&gt; <\/span>\n\t\t\t\t<span class=\"elementor-counter-number\" data-duration=\"2000\" data-to-value=\"1000\" data-from-value=\"100\" data-delimiter=\".\">100<\/span>\n\t\t\t\t<span class=\"elementor-counter-number-suffix\"><\/span>\n\t\t\t<\/div>\n\t\t<\/div>\n\t\t\t\t\t\t<\/div>\n\t\t\t\t<\/div>\n\t\t\t\t<div class=\"elementor-element elementor-element-9d57477 elementor-widget__width-initial elementor-widget-mobile_extra__width-inherit fakten-petrol elementor-widget elementor-widget-counter\" data-id=\"9d57477\" data-element_type=\"widget\" data-e-type=\"widget\" data-widget_type=\"counter.default\">\n\t\t\t\t<div class=\"elementor-widget-container\">\n\t\t\t\t\t\t\t<div class=\"elementor-counter\">\n\t\t\t<div class=\"elementor-counter-title\">Abrechnungssysteme (verbuchte Provisionen)<\/div>\t\t\t<div class=\"elementor-counter-number-wrapper\">\n\t\t\t\t<span class=\"elementor-counter-number-prefix\">&gt; <\/span>\n\t\t\t\t<span class=\"elementor-counter-number\" data-duration=\"2000\" data-to-value=\"100\" data-from-value=\"20\">20<\/span>\n\t\t\t\t<span class=\"elementor-counter-number-suffix\"> Mio. \u20ac<\/span>\n\t\t\t<\/div>\n\t\t<\/div>\n\t\t\t\t\t\t<\/div>\n\t\t\t\t<\/div>\n\t\t\t\t<div class=\"elementor-element elementor-element-a82caa1 elementor-widget__width-initial elementor-widget-mobile_extra__width-inherit fakten-weiss elementor-widget elementor-widget-counter\" data-id=\"a82caa1\" data-element_type=\"widget\" data-e-type=\"widget\" data-widget_type=\"counter.default\">\n\t\t\t\t<div class=\"elementor-widget-container\">\n\t\t\t\t\t\t\t<div class=\"elementor-counter\">\n\t\t\t<div class=\"elementor-counter-title\">Dokumenten- und Datenservice (Datens\u00e4tze)<\/div>\t\t\t<div class=\"elementor-counter-number-wrapper\">\n\t\t\t\t<span class=\"elementor-counter-number-prefix\">&gt; <\/span>\n\t\t\t\t<span class=\"elementor-counter-number\" data-duration=\"2000\" data-to-value=\"100\" data-from-value=\"10\" data-delimiter=\".\">10<\/span>\n\t\t\t\t<span class=\"elementor-counter-number-suffix\"> Mio.<\/span>\n\t\t\t<\/div>\n\t\t<\/div>\n\t\t\t\t\t\t<\/div>\n\t\t\t\t<\/div>\n\t\t\t\t\t<\/div>\n\t\t\t\t<\/div>\n\t\t\t\t<\/div>\n\t\t","protected":false},"excerpt":{"rendered":"<p>gegr\u00fcndet 1900 Mitarbeiter 0 Gepr\u00fcfte &amp; vermittelte Immobilien in den letzten 10 Jahren > 50 Mio. \u20ac Gepr\u00fcfte und vermittelte PV-Anlagen seit 2019 > 10 Mio. \u20ac Vertragsbeziehungen in der Kunden-App > 5 Mio. \u20ac Bestandsoptimierung (optimierte Vertr\u00e4ge) > 500000 Akademie (erfolgreich begleitete IHK-Pr\u00fcfungen) > 100 Abrechnungssysteme (verbuchte Provisionen) > 20 Mio. \u20ac Dokumenten- und [&hellip;]<\/p>\n","protected":false},"author":1,"featured_media":23925,"parent":23996,"menu_order":0,"comment_status":"closed","ping_status":"closed","template":"","meta":{"_acf_changed":false,"footnotes":""},"folder":[1174],"class_list":["post-24000","page","type-page","status-publish","has-post-thumbnail","hentry"],"acf":[],"yoast_head":"<!-- This site is optimized with the Yoast SEO plugin v27.5 - https:\/\/yoast.com\/product\/yoast-seo-wordpress\/ -->\n<title>Fakten - St\u00e4rke nutzen, unabh\u00e4ngig bleiben - DEFINET AG<\/title>\n<meta name=\"description\" content=\"Mit \u00fcber 70 Mitarbeitern in Eschborn &amp; Hannover unterst\u00fctzen wir umfassend Finanzberatungsunternehmen bei ihrer Arbeit. Hier finden Sie alle Fakten.\" \/>\n<meta name=\"robots\" content=\"index, follow, max-snippet:-1, max-image-preview:large, max-video-preview:-1\" \/>\n<link rel=\"canonical\" href=\"https:\/\/definet.de\/nds-de\/uber-definet\/fakten\/\" \/>\n<meta property=\"og:locale\" content=\"en_US\" \/>\n<meta property=\"og:type\" content=\"article\" \/>\n<meta property=\"og:title\" content=\"Fakten - \u00dcber uns - Definet AG\" \/>\n<meta property=\"og:description\" content=\"Mit \u00fcber 70 Mitarbeitern in Eschborn &amp; Hannover unterst\u00fctzen wir umfassend Finanzberatungsunternehmen bei ihrer Arbeit. Hier finden Sie alle Fakten.\" \/>\n<meta property=\"og:url\" content=\"https:\/\/definet.de\/nds-de\/uber-definet\/fakten\/\" \/>\n<meta property=\"og:site_name\" content=\"DEFINET AG\" \/>\n<meta property=\"article:modified_time\" content=\"2025-05-26T12:21:14+00:00\" \/>\n<meta property=\"og:image\" content=\"https:\/\/definet.de\/wp-content\/uploads\/2020\/01\/fakten.jpg\" \/>\n<meta name=\"twitter:card\" content=\"summary_large_image\" \/>\n<meta name=\"twitter:title\" content=\"Fakten - \u00dcber uns - Definet AG\" \/>\n<meta name=\"twitter:description\" content=\"Mit \u00fcber 70 Mitarbeitern in Eschborn &amp; Hannover unterst\u00fctzen wir umfassend Finanzberatungsunternehmen bei ihrer Arbeit. Hier finden Sie alle Fakten.\" \/>\n<script type=\"application\/ld+json\" class=\"yoast-schema-graph\">{\"@context\":\"https:\\\/\\\/schema.org\",\"@graph\":[{\"@type\":\"WebPage\",\"@id\":\"https:\\\/\\\/definet.de\\\/nds-de\\\/uber-definet\\\/fakten\\\/\",\"url\":\"https:\\\/\\\/definet.de\\\/nds-de\\\/uber-definet\\\/fakten\\\/\",\"name\":\"Fakten - St\u00e4rke nutzen, unabh\u00e4ngig bleiben - DEFINET AG\",\"isPartOf\":{\"@id\":\"https:\\\/\\\/definet.de\\\/#website\"},\"primaryImageOfPage\":{\"@id\":\"https:\\\/\\\/definet.de\\\/nds-de\\\/uber-definet\\\/fakten\\\/#primaryimage\"},\"image\":{\"@id\":\"https:\\\/\\\/definet.de\\\/nds-de\\\/uber-definet\\\/fakten\\\/#primaryimage\"},\"thumbnailUrl\":\"https:\\\/\\\/definet.de\\\/wp-content\\\/uploads\\\/2025\\\/02\\\/fakten.jpg\",\"datePublished\":\"2019-11-19T10:43:36+00:00\",\"dateModified\":\"2025-05-26T12:21:14+00:00\",\"description\":\"Mit \u00fcber 70 Mitarbeitern in Eschborn & Hannover unterst\u00fctzen wir umfassend Finanzberatungsunternehmen bei ihrer Arbeit. Hier finden Sie alle Fakten.\",\"breadcrumb\":{\"@id\":\"https:\\\/\\\/definet.de\\\/nds-de\\\/uber-definet\\\/fakten\\\/#breadcrumb\"},\"inLanguage\":\"de\",\"potentialAction\":[{\"@type\":\"ReadAction\",\"target\":[\"https:\\\/\\\/definet.de\\\/nds-de\\\/uber-definet\\\/fakten\\\/\"]}]},{\"@type\":\"ImageObject\",\"inLanguage\":\"de\",\"@id\":\"https:\\\/\\\/definet.de\\\/nds-de\\\/uber-definet\\\/fakten\\\/#primaryimage\",\"url\":\"https:\\\/\\\/definet.de\\\/wp-content\\\/uploads\\\/2025\\\/02\\\/fakten.jpg\",\"contentUrl\":\"https:\\\/\\\/definet.de\\\/wp-content\\\/uploads\\\/2025\\\/02\\\/fakten.jpg\",\"width\":1200,\"height\":630,\"caption\":\"DEFINET AG \u2013 Fakten\"},{\"@type\":\"BreadcrumbList\",\"@id\":\"https:\\\/\\\/definet.de\\\/nds-de\\\/uber-definet\\\/fakten\\\/#breadcrumb\",\"itemListElement\":[{\"@type\":\"ListItem\",\"position\":1,\"name\":\"Startseite\",\"item\":\"https:\\\/\\\/definet.de\\\/nds-de\\\/home\\\/\"},{\"@type\":\"ListItem\",\"position\":2,\"name\":\"\u00dcber DEFINET\",\"item\":\"https:\\\/\\\/definet.de\\\/nds-de\\\/uber-definet\\\/\"},{\"@type\":\"ListItem\",\"position\":3,\"name\":\"Fakten\"}]},{\"@type\":\"WebSite\",\"@id\":\"https:\\\/\\\/definet.de\\\/#website\",\"url\":\"https:\\\/\\\/definet.de\\\/\",\"name\":\"Definet AG\",\"description\":\"Kompetenz. Mehrwert. Partnerschaft.\",\"publisher\":{\"@id\":\"https:\\\/\\\/definet.de\\\/#organization\"},\"potentialAction\":[{\"@type\":\"SearchAction\",\"target\":{\"@type\":\"EntryPoint\",\"urlTemplate\":\"https:\\\/\\\/definet.de\\\/?s={search_term_string}\"},\"query-input\":{\"@type\":\"PropertyValueSpecification\",\"valueRequired\":true,\"valueName\":\"search_term_string\"}}],\"inLanguage\":\"de\"},{\"@type\":\"Organization\",\"@id\":\"https:\\\/\\\/definet.de\\\/#organization\",\"name\":\"DEFINET AG\",\"url\":\"https:\\\/\\\/definet.de\\\/\",\"logo\":{\"@type\":\"ImageObject\",\"inLanguage\":\"de\",\"@id\":\"https:\\\/\\\/definet.de\\\/#\\\/schema\\\/logo\\\/image\\\/\",\"url\":\"https:\\\/\\\/definet.de\\\/wp-content\\\/uploads\\\/2020\\\/01\\\/Logo_Definet.png\",\"contentUrl\":\"https:\\\/\\\/definet.de\\\/wp-content\\\/uploads\\\/2020\\\/01\\\/Logo_Definet.png\",\"width\":2547,\"height\":567,\"caption\":\"DEFINET AG\"},\"image\":{\"@id\":\"https:\\\/\\\/definet.de\\\/#\\\/schema\\\/logo\\\/image\\\/\"},\"sameAs\":[\"https:\\\/\\\/www.linkedin.com\\\/company\\\/definetag\"]}]}<\/script>\n<!-- \/ Yoast SEO plugin. -->","yoast_head_json":{"title":"Fakten - St\u00e4rke nutzen, unabh\u00e4ngig bleiben - DEFINET AG","description":"Mit \u00fcber 70 Mitarbeitern in Eschborn & Hannover unterst\u00fctzen wir umfassend Finanzberatungsunternehmen bei ihrer Arbeit. Hier finden Sie alle Fakten.","robots":{"index":"index","follow":"follow","max-snippet":"max-snippet:-1","max-image-preview":"max-image-preview:large","max-video-preview":"max-video-preview:-1"},"canonical":"https:\/\/definet.de\/nds-de\/uber-definet\/fakten\/","og_locale":"en_US","og_type":"article","og_title":"Fakten - \u00dcber uns - Definet AG","og_description":"Mit \u00fcber 70 Mitarbeitern in Eschborn & Hannover unterst\u00fctzen wir umfassend Finanzberatungsunternehmen bei ihrer Arbeit. Hier finden Sie alle Fakten.","og_url":"https:\/\/definet.de\/nds-de\/uber-definet\/fakten\/","og_site_name":"DEFINET AG","article_modified_time":"2025-05-26T12:21:14+00:00","og_image":[{"url":"https:\/\/definet.de\/wp-content\/uploads\/2020\/01\/fakten.jpg","type":"","width":"","height":""}],"twitter_card":"summary_large_image","twitter_title":"Fakten - \u00dcber uns - Definet AG","twitter_description":"Mit \u00fcber 70 Mitarbeitern in Eschborn & Hannover unterst\u00fctzen wir umfassend Finanzberatungsunternehmen bei ihrer Arbeit. Hier finden Sie alle Fakten.","schema":{"@context":"https:\/\/schema.org","@graph":[{"@type":"WebPage","@id":"https:\/\/definet.de\/nds-de\/uber-definet\/fakten\/","url":"https:\/\/definet.de\/nds-de\/uber-definet\/fakten\/","name":"Fakten - St\u00e4rke nutzen, unabh\u00e4ngig bleiben - DEFINET AG","isPartOf":{"@id":"https:\/\/definet.de\/#website"},"primaryImageOfPage":{"@id":"https:\/\/definet.de\/nds-de\/uber-definet\/fakten\/#primaryimage"},"image":{"@id":"https:\/\/definet.de\/nds-de\/uber-definet\/fakten\/#primaryimage"},"thumbnailUrl":"https:\/\/definet.de\/wp-content\/uploads\/2025\/02\/fakten.jpg","datePublished":"2019-11-19T10:43:36+00:00","dateModified":"2025-05-26T12:21:14+00:00","description":"Mit \u00fcber 70 Mitarbeitern in Eschborn & Hannover unterst\u00fctzen wir umfassend Finanzberatungsunternehmen bei ihrer Arbeit. Hier finden Sie alle Fakten.","breadcrumb":{"@id":"https:\/\/definet.de\/nds-de\/uber-definet\/fakten\/#breadcrumb"},"inLanguage":"de","potentialAction":[{"@type":"ReadAction","target":["https:\/\/definet.de\/nds-de\/uber-definet\/fakten\/"]}]},{"@type":"ImageObject","inLanguage":"de","@id":"https:\/\/definet.de\/nds-de\/uber-definet\/fakten\/#primaryimage","url":"https:\/\/definet.de\/wp-content\/uploads\/2025\/02\/fakten.jpg","contentUrl":"https:\/\/definet.de\/wp-content\/uploads\/2025\/02\/fakten.jpg","width":1200,"height":630,"caption":"DEFINET AG \u2013 Fakten"},{"@type":"BreadcrumbList","@id":"https:\/\/definet.de\/nds-de\/uber-definet\/fakten\/#breadcrumb","itemListElement":[{"@type":"ListItem","position":1,"name":"Startseite","item":"https:\/\/definet.de\/nds-de\/home\/"},{"@type":"ListItem","position":2,"name":"\u00dcber DEFINET","item":"https:\/\/definet.de\/nds-de\/uber-definet\/"},{"@type":"ListItem","position":3,"name":"Fakten"}]},{"@type":"WebSite","@id":"https:\/\/definet.de\/#website","url":"https:\/\/definet.de\/","name":"Definet AG","description":"Kompetenz. Mehrwert. Partnerschaft.","publisher":{"@id":"https:\/\/definet.de\/#organization"},"potentialAction":[{"@type":"SearchAction","target":{"@type":"EntryPoint","urlTemplate":"https:\/\/definet.de\/?s={search_term_string}"},"query-input":{"@type":"PropertyValueSpecification","valueRequired":true,"valueName":"search_term_string"}}],"inLanguage":"de"},{"@type":"Organization","@id":"https:\/\/definet.de\/#organization","name":"DEFINET AG","url":"https:\/\/definet.de\/","logo":{"@type":"ImageObject","inLanguage":"de","@id":"https:\/\/definet.de\/#\/schema\/logo\/image\/","url":"https:\/\/definet.de\/wp-content\/uploads\/2020\/01\/Logo_Definet.png","contentUrl":"https:\/\/definet.de\/wp-content\/uploads\/2020\/01\/Logo_Definet.png","width":2547,"height":567,"caption":"DEFINET AG"},"image":{"@id":"https:\/\/definet.de\/#\/schema\/logo\/image\/"},"sameAs":["https:\/\/www.linkedin.com\/company\/definetag"]}]}},"_links":{"self":[{"href":"https:\/\/definet.de\/nds-de\/wp-json\/wp\/v2\/pages\/24000","targetHints":{"allow":["GET"]}}],"collection":[{"href":"https:\/\/definet.de\/nds-de\/wp-json\/wp\/v2\/pages"}],"about":[{"href":"https:\/\/definet.de\/nds-de\/wp-json\/wp\/v2\/types\/page"}],"author":[{"embeddable":true,"href":"https:\/\/definet.de\/nds-de\/wp-json\/wp\/v2\/users\/1"}],"replies":[{"embeddable":true,"href":"https:\/\/definet.de\/nds-de\/wp-json\/wp\/v2\/comments?post=24000"}],"version-history":[{"count":1,"href":"https:\/\/definet.de\/nds-de\/wp-json\/wp\/v2\/pages\/24000\/revisions"}],"predecessor-version":[{"id":24001,"href":"https:\/\/definet.de\/nds-de\/wp-json\/wp\/v2\/pages\/24000\/revisions\/24001"}],"up":[{"embeddable":true,"href":"https:\/\/definet.de\/nds-de\/wp-json\/wp\/v2\/pages\/23996"}],"wp:featuredmedia":[{"embeddable":true,"href":"https:\/\/definet.de\/nds-de\/wp-json\/wp\/v2\/media\/23925"}],"wp:attachment":[{"href":"https:\/\/definet.de\/nds-de\/wp-json\/wp\/v2\/media?parent=24000"}],"wp:term":[{"taxonomy":"folder","embeddable":true,"href":"https:\/\/definet.de\/nds-de\/wp-json\/wp\/v2\/folder?post=24000"}],"curies":[{"name":"wp","href":"https:\/\/api.w.org\/{rel}","templated":true}]}}