{"id":24002,"date":"2019-11-19T11:43:57","date_gmt":"2019-11-19T10:43:57","guid":{"rendered":"https:\/\/definet.de\/uber-definet\/referenzen\/"},"modified":"2025-05-26T14:33:00","modified_gmt":"2025-05-26T12:33:00","slug":"referenzen","status":"publish","type":"page","link":"https:\/\/definet.de\/nds-de\/uber-definet\/referenzen\/","title":{"rendered":"Referenzen"},"content":{"rendered":"\t\t<div data-elementor-type=\"wp-page\" data-elementor-id=\"24002\" class=\"elementor elementor-24002 elementor-70\" data-elementor-post-type=\"page\">\n\t\t\t\t<div class=\"elementor-element elementor-element-1ad3b94 e-flex e-con-boxed e-con e-parent\" data-id=\"1ad3b94\" data-element_type=\"container\" data-e-type=\"container\">\n\t\t\t\t\t<div class=\"e-con-inner\">\n\t\t\t\t<div class=\"elementor-element elementor-element-575366a elementor-widget__width-initial elementor-widget-mobile_extra__width-inherit elementor-widget elementor-widget-text-editor\" data-id=\"575366a\" data-element_type=\"widget\" data-e-type=\"widget\" data-settings=\"{&quot;motion_fx_motion_fx_scrolling&quot;:&quot;yes&quot;,&quot;motion_fx_translateY_effect&quot;:&quot;yes&quot;,&quot;motion_fx_devices&quot;:[&quot;desktop&quot;,&quot;laptop&quot;,&quot;tablet_extra&quot;,&quot;tablet&quot;],&quot;motion_fx_range&quot;:&quot;viewport&quot;,&quot;motion_fx_translateY_speed&quot;:{&quot;unit&quot;:&quot;px&quot;,&quot;size&quot;:4,&quot;sizes&quot;:[]},&quot;motion_fx_translateY_affectedRange&quot;:{&quot;unit&quot;:&quot;%&quot;,&quot;size&quot;:&quot;&quot;,&quot;sizes&quot;:{&quot;start&quot;:0,&quot;end&quot;:100}}}\" data-widget_type=\"text-editor.default\">\n\t\t\t\t<div class=\"elementor-widget-container\">\n\t\t\t\t\t\t\t\t\t<h2>FORMAXX AG<\/h2><p>Meine Kunden haben mit Immobilien-Investitionen am meisten Gewinn gemacht. Wichtig ist, die passende Immobilie auszuw\u00e4hlen, weil man sie oft lange beh\u00e4lt.<br>DEFINET gibt mir gepr\u00fcfte Empfehlungen f\u00fcr Immobilien. Daf\u00fcr werden der Markt und der Standort genau untersucht. So finde ich Immobilien mit guter Chance auf Gewinn und Wertsteigerung.<br>Zum Angebot geh\u00f6ren zum Beispiel bestehende H\u00e4user, Neubauten, denkmalgesch\u00fctzte Geb\u00e4ude, Pflegewohnungen und andere gute Geldanlagen.   <\/p><p>\u00dcber das digitale Immobilienportal von DEFINET bekomme ich alle wichtigen Infos zu den angebotenen Immobilien. Ich erhalte au\u00dferdem Hilfe beim Verkauf und kann Immobilien direkt reservieren.<br>Wenn ich m\u00f6chte, bekomme ich auch gleich passende Finanzierungspartner dazu.<br>Das ist schnell, einfach und praktisch.  <\/p><h4>Michael Montag<\/h4><p style=\"margin-top: -1rem;\">Gesch\u00e4ftsstellenleiter der FORMAXX AG<\/p>\t\t\t\t\t\t\t\t<\/div>\n\t\t\t\t<\/div>\n\t\t\t\t<div class=\"elementor-element elementor-element-4be1657 elementor-widget__width-initial elementor-widget-mobile_extra__width-inherit content-box-primary elementor-widget elementor-widget-text-editor\" data-id=\"4be1657\" data-element_type=\"widget\" data-e-type=\"widget\" data-widget_type=\"text-editor.default\">\n\t\t\t\t<div class=\"elementor-widget-container\">\n\t\t\t\t\t\t\t\t\t<h2>Mayflower Capital AG<\/h2>\n<p>Mit meiner Provisions-App \u201eProMaxx\u201c kann ich immer und \u00fcberall sehen, wie viel Umsatz ich gemacht habe. Ich kann auch live verfolgen, wie gut ich vorankomme.<br>Ich sehe alle wichtigen Zahlen auf einen Blick: zum Beispiel, wie viel Provision ich erwarten kann, Infos zu Kunden und Vertr\u00e4gen, Ranglisten und vieles mehr. <\/p>\n<p>Mein Dashboard zeigt mir alle wichtigen Zahlen zur Provision. Es informiert mich auch dar\u00fcber, wie weit offene Vorg\u00e4nge bearbeitet sind und welche Provisionen noch ausstehen. Die DEFINET-Provisions-App macht das Geldverdienen f\u00fcr mich sichtbar, sorgt f\u00fcr mehr \u00dcbersicht und motiviert mich. <\/p>\n<h4>Udo Rosenstein<\/h4>\n<p style=\"margin-top: -1rem;\">Partner bei Mayflower Capital AG<\/p>\t\t\t\t\t\t\t\t<\/div>\n\t\t\t\t<\/div>\n\t\t\t\t<div class=\"elementor-element elementor-element-439f740 elementor-widget__width-initial elementor-widget-mobile_extra__width-inherit content-box-black elementor-widget elementor-widget-text-editor\" data-id=\"439f740\" data-element_type=\"widget\" data-e-type=\"widget\" data-widget_type=\"text-editor.default\">\n\t\t\t\t<div class=\"elementor-widget-container\">\n\t\t\t\t\t\t\t\t\t<h2>Referenzen &#8211; VPV<\/h2>\n<p>Kundinnen und Kunden wissen heute mehr und die Regeln werden immer strenger. Deshalb wird die Arbeit f\u00fcr Vermittler immer anspruchsvoller.<br>Mit DEFINET als Bildungspartner k\u00f6nnen unsere Vermittler neue Bereiche erschlie\u00dfen, die sie vorher ohne das n\u00f6tige Wissen oder die Erlaubnis nicht betreten konnten. <\/p>\n<h4>Frank M\u00e4kelburg<\/h4>\n<p style=\"margin-top: -1rem;\">Leiter Vertriebstraining, VPV Versicherungen<\/p>\t\t\t\t\t\t\t\t<\/div>\n\t\t\t\t<\/div>\n\t\t\t\t<div class=\"elementor-element elementor-element-3cbcb1d elementor-widget__width-initial elementor-widget-mobile_extra__width-inherit elementor-widget elementor-widget-text-editor\" data-id=\"3cbcb1d\" data-element_type=\"widget\" data-e-type=\"widget\" data-settings=\"{&quot;motion_fx_motion_fx_scrolling&quot;:&quot;yes&quot;,&quot;motion_fx_translateY_effect&quot;:&quot;yes&quot;,&quot;motion_fx_devices&quot;:[&quot;desktop&quot;,&quot;laptop&quot;,&quot;tablet_extra&quot;,&quot;tablet&quot;],&quot;motion_fx_range&quot;:&quot;viewport&quot;,&quot;motion_fx_translateY_speed&quot;:{&quot;unit&quot;:&quot;px&quot;,&quot;size&quot;:1,&quot;sizes&quot;:[]},&quot;motion_fx_translateY_affectedRange&quot;:{&quot;unit&quot;:&quot;%&quot;,&quot;size&quot;:&quot;&quot;,&quot;sizes&quot;:{&quot;start&quot;:0,&quot;end&quot;:100}}}\" data-widget_type=\"text-editor.default\">\n\t\t\t\t<div class=\"elementor-widget-container\">\n\t\t\t\t\t\t\t\t\t<h2>Finanzlounge Gescher<\/h2>\n<p>Der DEFINET-Datenservice sendet mir automatisch alle aktuellen Vertragsdaten von meinen Partnerfirmen direkt in mein System. Die Daten werden gleich dem richtigen Vertrag zugeordnet. So finde ich schnell neue M\u00f6glichkeiten f\u00fcr Beratungen \u2013 und mache oft mehr Umsatz. Praktisch ist auch die Digitale Post mit Dokumentenarchiv. Damit bleibe ich \u00fcber alle Vertr\u00e4ge auf dem Laufenden und verpasse nichts.   <\/p>\n<h4>Dennis Alferink<\/h4>\n<p style=\"margin-top: -1rem;\">Gesch\u00e4ftsf\u00fchrer Finanzlounge Gescher GmbH<\/p>\t\t\t\t\t\t\t\t<\/div>\n\t\t\t\t<\/div>\n\t\t\t\t<div class=\"elementor-element elementor-element-bd341dd elementor-widget__width-inherit elementor-widget elementor-widget-heading\" data-id=\"bd341dd\" data-element_type=\"widget\" data-e-type=\"widget\" data-widget_type=\"heading.default\">\n\t\t\t\t<div class=\"elementor-widget-container\">\n\t\t\t\t\t<h2 class=\"elementor-heading-title elementor-size-default\">Kooperationspartner<\/h2>\t\t\t\t<\/div>\n\t\t\t\t<\/div>\n\t\t\t\t<div class=\"elementor-element elementor-element-8cf5f00 elementor-widget__width-inherit elementor-widget elementor-widget-ucaddon_uc_card_post_carousel\" data-id=\"8cf5f00\" data-element_type=\"widget\" data-e-type=\"widget\" data-widget_type=\"ucaddon_uc_card_post_carousel.default\">\n\t\t\t\t<div class=\"elementor-widget-container\">\n\t\t\t\t\t\n<!-- start Post Carousel Lite -->\n\t\t<link id='owl-carousel-css' href='https:\/\/definet.de\/wp-content\/plugins\/unlimited-elements-for-elementor-premium\/assets_libraries\/owl-carousel-new\/assets\/owl.carousel.css' type='text\/css' rel='stylesheet' >\n\n<style>\/* widget: Post Carousel Lite *\/\n\n#uc_uc_card_post_carousel_elementor_8cf5f00 *{\n  box-sizing:border-box;\n}\n#uc_uc_card_post_carousel_elementor_8cf5f00{\n  position:relative;\n  min-height:1px;\n}\n#uc_uc_card_post_carousel_elementor_8cf5f00 .uc_image_carousel_content{\n\ttext-align:center;\n    display: flex;\n     flex-flow: column nowrap;\n}\n#uc_uc_card_post_carousel_elementor_8cf5f00 .ue_post_carousel_item\n{\n  overflow:hidden;\n  \n}\n#uc_uc_card_post_carousel_elementor_8cf5f00 .uc_image_carousel_bg {\n  background-repeat: no-repeat;\n}\n#uc_uc_card_post_carousel_elementor_8cf5f00 .uc_image_carousel_placeholder a{\n  width:100%;\n}\n#uc_uc_card_post_carousel_elementor_8cf5f00 .uc_image_carousel_bg{\n  width:100%;\n}\n#uc_uc_card_post_carousel_elementor_8cf5f00 .uc_image_carousel_placeholder{\n  overflow:hidden;\n}\n\n#uc_uc_card_post_carousel_elementor_8cf5f00 .ue_post_btn_holder\n{\n  margin-top:auto;\n}\n\n#uc_uc_card_post_carousel_elementor_8cf5f00 .uc_more_btn{\n\n  display:inline-block;\n  text-align:center;\n  text-decoration:none;\n} \n\n.uc_overlay_image_carousel .uc_more_btn{\n  text-decoration:none;\n  display:inline-block;\n}\n\n.uc_overlay_image_carousel .uc_post_title{\n  font-size:21px;\n  text-decoration:none;\n}\n\n#uc_uc_card_post_carousel_elementor_8cf5f00 .owl-nav .owl-prev{\n    position:absolute;\n    display:inline-block;\n    text-align:center;\n}\n#uc_uc_card_post_carousel_elementor_8cf5f00 .owl-nav .owl-next{\n  position:absolute;\n  display:inline-block;\n  text-align:center;\n}\n\n\n#uc_uc_card_post_carousel_elementor_8cf5f00 .owl-dots {\noverflow:hidden;\ndisplay:true !important;\ntext-align:center;\n}\n\n#uc_uc_card_post_carousel_elementor_8cf5f00 .owl-dot {\nborder-radius:50%;\ndisplay:inline-block;\n}\n\t#uc_uc_card_post_carousel_elementor_8cf5f00 .owl-stage\n        {\n            transition-timing-function: linear!important;\n        }\n\n\n\n<\/style>\n\n<div class=\"uc_overlay_image_carousel  \" id=\"uc_uc_card_post_carousel_elementor_8cf5f00\" data-custom-sethtml=\"true\" >\n   <div class=\"uc_carousel owl-carousel owl-theme uc-items-wrapper\">\n   \t\t<div id=\"uc_uc_card_post_carousel_elementor_8cf5f00_item1\" class=\"uc_image_carousel_container_holder ue_post_carousel_item ue-Partnergesellschaften 2022\">\n  <div class=\"uc_image_carousel_placeholder\">\n    <a href=\"https:\/\/definet.de\/nds-de\/kooperationspartner\/wwk\/\"><div class=\"uc_image_carousel_bg\" style=\"background-image:url(https:\/\/definet.de\/wp-content\/uploads\/2020\/01\/wwk.jpg); background-position:center;\"><\/div><\/a>\n  <\/div>\n\n  <div class=\"uc_image_carousel_content\" >\n                        \n        \n  <\/div>\n  \n    \n<\/div>\n<div id=\"uc_uc_card_post_carousel_elementor_8cf5f00_item2\" class=\"uc_image_carousel_container_holder ue_post_carousel_item ue-\">\n  <div class=\"uc_image_carousel_placeholder\">\n    <a href=\"https:\/\/definet.de\/nds-de\/kooperationspartner\/wi-energy\/\"><div class=\"uc_image_carousel_bg\" style=\"background-image:url(https:\/\/definet.de\/wp-content\/uploads\/2020\/01\/wi-energy.jpg); background-position:center;\"><\/div><\/a>\n  <\/div>\n\n  <div class=\"uc_image_carousel_content\" >\n                        \n        \n  <\/div>\n  \n    \n<\/div>\n<div id=\"uc_uc_card_post_carousel_elementor_8cf5f00_item3\" class=\"uc_image_carousel_container_holder ue_post_carousel_item ue-\">\n  <div class=\"uc_image_carousel_placeholder\">\n    <a href=\"https:\/\/definet.de\/nds-de\/kooperationspartner\/vhv\/\"><div class=\"uc_image_carousel_bg\" style=\"background-image:url(https:\/\/definet.de\/wp-content\/uploads\/2020\/01\/vhv-versicherung.jpg); background-position:center;\"><\/div><\/a>\n  <\/div>\n\n  <div class=\"uc_image_carousel_content\" >\n                        \n        \n  <\/div>\n  \n    \n<\/div>\n<div id=\"uc_uc_card_post_carousel_elementor_8cf5f00_item4\" class=\"uc_image_carousel_container_holder ue_post_carousel_item ue-Partnergesellschaften 2022\">\n  <div class=\"uc_image_carousel_placeholder\">\n    <a href=\"https:\/\/definet.de\/nds-de\/kooperationspartner\/swiss-life\/\"><div class=\"uc_image_carousel_bg\" style=\"background-image:url(https:\/\/definet.de\/wp-content\/uploads\/2020\/01\/swisslife.jpg); background-position:center;\"><\/div><\/a>\n  <\/div>\n\n  <div class=\"uc_image_carousel_content\" >\n                        \n        \n  <\/div>\n  \n    \n<\/div>\n<div id=\"uc_uc_card_post_carousel_elementor_8cf5f00_item5\" class=\"uc_image_carousel_container_holder ue_post_carousel_item ue-\">\n  <div class=\"uc_image_carousel_placeholder\">\n    <a href=\"https:\/\/definet.de\/nds-de\/kooperationspartner\/lbn\/\"><div class=\"uc_image_carousel_bg\" style=\"background-image:url(https:\/\/definet.de\/wp-content\/uploads\/2020\/01\/lbn.jpg); background-position:center;\"><\/div><\/a>\n  <\/div>\n\n  <div class=\"uc_image_carousel_content\" >\n                        \n        \n  <\/div>\n  \n    \n<\/div>\n<div id=\"uc_uc_card_post_carousel_elementor_8cf5f00_item6\" class=\"uc_image_carousel_container_holder ue_post_carousel_item ue-Partnergesellschaften 2022\">\n  <div class=\"uc_image_carousel_placeholder\">\n    <a href=\"https:\/\/definet.de\/nds-de\/kooperationspartner\/ks-auxilia\/\"><div class=\"uc_image_carousel_bg\" style=\"background-image:url(https:\/\/definet.de\/wp-content\/uploads\/2020\/01\/ks-auxilia.jpg); background-position:center;\"><\/div><\/a>\n  <\/div>\n\n  <div class=\"uc_image_carousel_content\" >\n                        \n        \n  <\/div>\n  \n    \n<\/div>\n<div id=\"uc_uc_card_post_carousel_elementor_8cf5f00_item7\" class=\"uc_image_carousel_container_holder ue_post_carousel_item ue-\">\n  <div class=\"uc_image_carousel_placeholder\">\n    <a href=\"https:\/\/definet.de\/nds-de\/kooperationspartner\/hannoversche\/\"><div class=\"uc_image_carousel_bg\" style=\"background-image:url(https:\/\/definet.de\/wp-content\/uploads\/2020\/01\/hannoversche.jpg); background-position:center;\"><\/div><\/a>\n  <\/div>\n\n  <div class=\"uc_image_carousel_content\" >\n                        \n        \n  <\/div>\n  \n    \n<\/div>\n<div id=\"uc_uc_card_post_carousel_elementor_8cf5f00_item8\" class=\"uc_image_carousel_container_holder ue_post_carousel_item ue-\">\n  <div class=\"uc_image_carousel_placeholder\">\n    <a href=\"https:\/\/definet.de\/nds-de\/kooperationspartner\/muenchner-verein\/\"><div class=\"uc_image_carousel_bg\" style=\"background-image:url(https:\/\/definet.de\/wp-content\/uploads\/2020\/01\/muenchner-verein.jpg); background-position:center;\"><\/div><\/a>\n  <\/div>\n\n  <div class=\"uc_image_carousel_content\" >\n                        \n        \n  <\/div>\n  \n    \n<\/div>\n<div id=\"uc_uc_card_post_carousel_elementor_8cf5f00_item9\" class=\"uc_image_carousel_container_holder ue_post_carousel_item ue-\">\n  <div class=\"uc_image_carousel_placeholder\">\n    <a href=\"https:\/\/definet.de\/nds-de\/kooperationspartner\/eh-versicherungsmakler\/\"><div class=\"uc_image_carousel_bg\" style=\"background-image:url(https:\/\/definet.de\/wp-content\/uploads\/2020\/01\/eh-versicherungsmakler.jpg); background-position:center;\"><\/div><\/a>\n  <\/div>\n\n  <div class=\"uc_image_carousel_content\" >\n                        \n        \n  <\/div>\n  \n    \n<\/div>\n<div id=\"uc_uc_card_post_carousel_elementor_8cf5f00_item10\" class=\"uc_image_carousel_container_holder ue_post_carousel_item ue-\">\n  <div class=\"uc_image_carousel_placeholder\">\n    <a href=\"https:\/\/definet.de\/nds-de\/kooperationspartner\/dialog\/\"><div class=\"uc_image_carousel_bg\" style=\"background-image:url(https:\/\/definet.de\/wp-content\/uploads\/2020\/01\/dialog.jpg); background-position:center;\"><\/div><\/a>\n  <\/div>\n\n  <div class=\"uc_image_carousel_content\" >\n                        \n        \n  <\/div>\n  \n    \n<\/div>\n\n   <\/div>\t\n<\/div>\n\n<!-- end Post Carousel Lite -->\t\t\t\t<\/div>\n\t\t\t\t<\/div>\n\t\t\t\t\t<\/div>\n\t\t\t\t<\/div>\n\t\t\t\t<\/div>\n\t\t","protected":false},"excerpt":{"rendered":"<p>FORMAXX AG Meine Kunden haben mit Immobilien-Investitionen am meisten Gewinn gemacht. Wichtig ist, die passende Immobilie auszuw\u00e4hlen, weil man sie oft lange beh\u00e4lt.DEFINET gibt mir gepr\u00fcfte Empfehlungen f\u00fcr Immobilien. Daf\u00fcr werden der Markt und der Standort genau untersucht. So finde ich Immobilien mit guter Chance auf Gewinn und Wertsteigerung.Zum Angebot geh\u00f6ren zum Beispiel bestehende H\u00e4user, [&hellip;]<\/p>\n","protected":false},"author":1,"featured_media":23937,"parent":23996,"menu_order":0,"comment_status":"closed","ping_status":"closed","template":"","meta":{"_acf_changed":false,"footnotes":""},"folder":[1174],"class_list":["post-24002","page","type-page","status-publish","has-post-thumbnail","hentry"],"acf":[],"yoast_head":"<!-- This site is optimized with the Yoast SEO plugin v27.5 - https:\/\/yoast.com\/product\/yoast-seo-wordpress\/ -->\n<title>Referenzen - St\u00e4rke nutzen, unabh\u00e4ngig bleiben - DEFINET AG<\/title>\n<meta name=\"description\" content=\"VPV, Formaxx AG und Mayflower Capital AG berichten \u00fcber die Zusammenarbeit mit Definet AG. Zus\u00e4tzlich finden Sie eine \u00dcbersicht einiger Kooperationspartner.\" \/>\n<meta name=\"robots\" content=\"index, follow, max-snippet:-1, max-image-preview:large, max-video-preview:-1\" \/>\n<link rel=\"canonical\" href=\"https:\/\/definet.de\/nds-de\/uber-definet\/referenzen\/\" \/>\n<meta property=\"og:locale\" content=\"en_US\" \/>\n<meta property=\"og:type\" content=\"article\" \/>\n<meta property=\"og:title\" content=\"Referenzen - Definet AG\" \/>\n<meta property=\"og:description\" content=\"VPV, Formaxx AG und Mayflower Capital AG berichten \u00fcber die Zusammenarbeit mit Definet AG. Zus\u00e4tzlich finden Sie eine \u00dcbersicht einiger Kooperationspartner.\" \/>\n<meta property=\"og:url\" content=\"https:\/\/definet.de\/nds-de\/uber-definet\/referenzen\/\" \/>\n<meta property=\"og:site_name\" content=\"DEFINET AG\" \/>\n<meta property=\"article:modified_time\" content=\"2025-05-26T12:33:00+00:00\" \/>\n<meta property=\"og:image\" content=\"https:\/\/definet.de\/wp-content\/uploads\/2025\/02\/referenzen.jpg\" \/>\n\t<meta property=\"og:image:width\" content=\"1200\" \/>\n\t<meta property=\"og:image:height\" content=\"630\" \/>\n\t<meta property=\"og:image:type\" content=\"image\/jpeg\" \/>\n<meta name=\"twitter:card\" content=\"summary_large_image\" \/>\n<meta name=\"twitter:title\" content=\"Referenzen - Definet AG\" \/>\n<meta name=\"twitter:description\" content=\"VPV, Formaxx AG und Mayflower Capital AG berichten \u00fcber die Zusammenarbeit mit Definet AG. Zus\u00e4tzlich finden Sie eine \u00dcbersicht einiger Kooperationspartner.\" \/>\n<meta name=\"twitter:label1\" content=\"Gesch\u00e4tzte Lesezeit\" \/>\n\t<meta name=\"twitter:data1\" content=\"2\u00a0Minuten\" \/>\n<script type=\"application\/ld+json\" class=\"yoast-schema-graph\">{\"@context\":\"https:\\\/\\\/schema.org\",\"@graph\":[{\"@type\":\"WebPage\",\"@id\":\"https:\\\/\\\/definet.de\\\/nds-de\\\/uber-definet\\\/referenzen\\\/\",\"url\":\"https:\\\/\\\/definet.de\\\/nds-de\\\/uber-definet\\\/referenzen\\\/\",\"name\":\"Referenzen - St\u00e4rke nutzen, unabh\u00e4ngig bleiben - DEFINET AG\",\"isPartOf\":{\"@id\":\"https:\\\/\\\/definet.de\\\/#website\"},\"primaryImageOfPage\":{\"@id\":\"https:\\\/\\\/definet.de\\\/nds-de\\\/uber-definet\\\/referenzen\\\/#primaryimage\"},\"image\":{\"@id\":\"https:\\\/\\\/definet.de\\\/nds-de\\\/uber-definet\\\/referenzen\\\/#primaryimage\"},\"thumbnailUrl\":\"https:\\\/\\\/definet.de\\\/wp-content\\\/uploads\\\/2025\\\/02\\\/referenzen.jpg\",\"datePublished\":\"2019-11-19T10:43:57+00:00\",\"dateModified\":\"2025-05-26T12:33:00+00:00\",\"description\":\"VPV, Formaxx AG und Mayflower Capital AG berichten \u00fcber die Zusammenarbeit mit Definet AG. Zus\u00e4tzlich finden Sie eine \u00dcbersicht einiger Kooperationspartner.\",\"breadcrumb\":{\"@id\":\"https:\\\/\\\/definet.de\\\/nds-de\\\/uber-definet\\\/referenzen\\\/#breadcrumb\"},\"inLanguage\":\"de\",\"potentialAction\":[{\"@type\":\"ReadAction\",\"target\":[\"https:\\\/\\\/definet.de\\\/nds-de\\\/uber-definet\\\/referenzen\\\/\"]}]},{\"@type\":\"ImageObject\",\"inLanguage\":\"de\",\"@id\":\"https:\\\/\\\/definet.de\\\/nds-de\\\/uber-definet\\\/referenzen\\\/#primaryimage\",\"url\":\"https:\\\/\\\/definet.de\\\/wp-content\\\/uploads\\\/2025\\\/02\\\/referenzen.jpg\",\"contentUrl\":\"https:\\\/\\\/definet.de\\\/wp-content\\\/uploads\\\/2025\\\/02\\\/referenzen.jpg\",\"width\":1200,\"height\":630,\"caption\":\"DEFINET AG \u2013 Referenzen\"},{\"@type\":\"BreadcrumbList\",\"@id\":\"https:\\\/\\\/definet.de\\\/nds-de\\\/uber-definet\\\/referenzen\\\/#breadcrumb\",\"itemListElement\":[{\"@type\":\"ListItem\",\"position\":1,\"name\":\"Startseite\",\"item\":\"https:\\\/\\\/definet.de\\\/nds-de\\\/home\\\/\"},{\"@type\":\"ListItem\",\"position\":2,\"name\":\"\u00dcber DEFINET\",\"item\":\"https:\\\/\\\/definet.de\\\/nds-de\\\/uber-definet\\\/\"},{\"@type\":\"ListItem\",\"position\":3,\"name\":\"Referenzen\"}]},{\"@type\":\"WebSite\",\"@id\":\"https:\\\/\\\/definet.de\\\/#website\",\"url\":\"https:\\\/\\\/definet.de\\\/\",\"name\":\"Definet AG\",\"description\":\"Kompetenz. Mehrwert. Partnerschaft.\",\"publisher\":{\"@id\":\"https:\\\/\\\/definet.de\\\/#organization\"},\"potentialAction\":[{\"@type\":\"SearchAction\",\"target\":{\"@type\":\"EntryPoint\",\"urlTemplate\":\"https:\\\/\\\/definet.de\\\/?s={search_term_string}\"},\"query-input\":{\"@type\":\"PropertyValueSpecification\",\"valueRequired\":true,\"valueName\":\"search_term_string\"}}],\"inLanguage\":\"de\"},{\"@type\":\"Organization\",\"@id\":\"https:\\\/\\\/definet.de\\\/#organization\",\"name\":\"DEFINET AG\",\"url\":\"https:\\\/\\\/definet.de\\\/\",\"logo\":{\"@type\":\"ImageObject\",\"inLanguage\":\"de\",\"@id\":\"https:\\\/\\\/definet.de\\\/#\\\/schema\\\/logo\\\/image\\\/\",\"url\":\"https:\\\/\\\/definet.de\\\/wp-content\\\/uploads\\\/2020\\\/01\\\/Logo_Definet.png\",\"contentUrl\":\"https:\\\/\\\/definet.de\\\/wp-content\\\/uploads\\\/2020\\\/01\\\/Logo_Definet.png\",\"width\":2547,\"height\":567,\"caption\":\"DEFINET AG\"},\"image\":{\"@id\":\"https:\\\/\\\/definet.de\\\/#\\\/schema\\\/logo\\\/image\\\/\"},\"sameAs\":[\"https:\\\/\\\/www.linkedin.com\\\/company\\\/definetag\"]}]}<\/script>\n<!-- \/ Yoast SEO plugin. -->","yoast_head_json":{"title":"Referenzen - St\u00e4rke nutzen, unabh\u00e4ngig bleiben - DEFINET AG","description":"VPV, Formaxx AG und Mayflower Capital AG berichten \u00fcber die Zusammenarbeit mit Definet AG. Zus\u00e4tzlich finden Sie eine \u00dcbersicht einiger Kooperationspartner.","robots":{"index":"index","follow":"follow","max-snippet":"max-snippet:-1","max-image-preview":"max-image-preview:large","max-video-preview":"max-video-preview:-1"},"canonical":"https:\/\/definet.de\/nds-de\/uber-definet\/referenzen\/","og_locale":"en_US","og_type":"article","og_title":"Referenzen - Definet AG","og_description":"VPV, Formaxx AG und Mayflower Capital AG berichten \u00fcber die Zusammenarbeit mit Definet AG. Zus\u00e4tzlich finden Sie eine \u00dcbersicht einiger Kooperationspartner.","og_url":"https:\/\/definet.de\/nds-de\/uber-definet\/referenzen\/","og_site_name":"DEFINET AG","article_modified_time":"2025-05-26T12:33:00+00:00","og_image":[{"width":1200,"height":630,"url":"https:\/\/definet.de\/wp-content\/uploads\/2025\/02\/referenzen.jpg","type":"image\/jpeg"}],"twitter_card":"summary_large_image","twitter_title":"Referenzen - Definet AG","twitter_description":"VPV, Formaxx AG und Mayflower Capital AG berichten \u00fcber die Zusammenarbeit mit Definet AG. Zus\u00e4tzlich finden Sie eine \u00dcbersicht einiger Kooperationspartner.","twitter_misc":{"Gesch\u00e4tzte Lesezeit":"2\u00a0Minuten"},"schema":{"@context":"https:\/\/schema.org","@graph":[{"@type":"WebPage","@id":"https:\/\/definet.de\/nds-de\/uber-definet\/referenzen\/","url":"https:\/\/definet.de\/nds-de\/uber-definet\/referenzen\/","name":"Referenzen - St\u00e4rke nutzen, unabh\u00e4ngig bleiben - DEFINET AG","isPartOf":{"@id":"https:\/\/definet.de\/#website"},"primaryImageOfPage":{"@id":"https:\/\/definet.de\/nds-de\/uber-definet\/referenzen\/#primaryimage"},"image":{"@id":"https:\/\/definet.de\/nds-de\/uber-definet\/referenzen\/#primaryimage"},"thumbnailUrl":"https:\/\/definet.de\/wp-content\/uploads\/2025\/02\/referenzen.jpg","datePublished":"2019-11-19T10:43:57+00:00","dateModified":"2025-05-26T12:33:00+00:00","description":"VPV, Formaxx AG und Mayflower Capital AG berichten \u00fcber die Zusammenarbeit mit Definet AG. Zus\u00e4tzlich finden Sie eine \u00dcbersicht einiger Kooperationspartner.","breadcrumb":{"@id":"https:\/\/definet.de\/nds-de\/uber-definet\/referenzen\/#breadcrumb"},"inLanguage":"de","potentialAction":[{"@type":"ReadAction","target":["https:\/\/definet.de\/nds-de\/uber-definet\/referenzen\/"]}]},{"@type":"ImageObject","inLanguage":"de","@id":"https:\/\/definet.de\/nds-de\/uber-definet\/referenzen\/#primaryimage","url":"https:\/\/definet.de\/wp-content\/uploads\/2025\/02\/referenzen.jpg","contentUrl":"https:\/\/definet.de\/wp-content\/uploads\/2025\/02\/referenzen.jpg","width":1200,"height":630,"caption":"DEFINET AG \u2013 Referenzen"},{"@type":"BreadcrumbList","@id":"https:\/\/definet.de\/nds-de\/uber-definet\/referenzen\/#breadcrumb","itemListElement":[{"@type":"ListItem","position":1,"name":"Startseite","item":"https:\/\/definet.de\/nds-de\/home\/"},{"@type":"ListItem","position":2,"name":"\u00dcber DEFINET","item":"https:\/\/definet.de\/nds-de\/uber-definet\/"},{"@type":"ListItem","position":3,"name":"Referenzen"}]},{"@type":"WebSite","@id":"https:\/\/definet.de\/#website","url":"https:\/\/definet.de\/","name":"Definet AG","description":"Kompetenz. Mehrwert. Partnerschaft.","publisher":{"@id":"https:\/\/definet.de\/#organization"},"potentialAction":[{"@type":"SearchAction","target":{"@type":"EntryPoint","urlTemplate":"https:\/\/definet.de\/?s={search_term_string}"},"query-input":{"@type":"PropertyValueSpecification","valueRequired":true,"valueName":"search_term_string"}}],"inLanguage":"de"},{"@type":"Organization","@id":"https:\/\/definet.de\/#organization","name":"DEFINET AG","url":"https:\/\/definet.de\/","logo":{"@type":"ImageObject","inLanguage":"de","@id":"https:\/\/definet.de\/#\/schema\/logo\/image\/","url":"https:\/\/definet.de\/wp-content\/uploads\/2020\/01\/Logo_Definet.png","contentUrl":"https:\/\/definet.de\/wp-content\/uploads\/2020\/01\/Logo_Definet.png","width":2547,"height":567,"caption":"DEFINET AG"},"image":{"@id":"https:\/\/definet.de\/#\/schema\/logo\/image\/"},"sameAs":["https:\/\/www.linkedin.com\/company\/definetag"]}]}},"_links":{"self":[{"href":"https:\/\/definet.de\/nds-de\/wp-json\/wp\/v2\/pages\/24002","targetHints":{"allow":["GET"]}}],"collection":[{"href":"https:\/\/definet.de\/nds-de\/wp-json\/wp\/v2\/pages"}],"about":[{"href":"https:\/\/definet.de\/nds-de\/wp-json\/wp\/v2\/types\/page"}],"author":[{"embeddable":true,"href":"https:\/\/definet.de\/nds-de\/wp-json\/wp\/v2\/users\/1"}],"replies":[{"embeddable":true,"href":"https:\/\/definet.de\/nds-de\/wp-json\/wp\/v2\/comments?post=24002"}],"version-history":[{"count":1,"href":"https:\/\/definet.de\/nds-de\/wp-json\/wp\/v2\/pages\/24002\/revisions"}],"predecessor-version":[{"id":24003,"href":"https:\/\/definet.de\/nds-de\/wp-json\/wp\/v2\/pages\/24002\/revisions\/24003"}],"up":[{"embeddable":true,"href":"https:\/\/definet.de\/nds-de\/wp-json\/wp\/v2\/pages\/23996"}],"wp:featuredmedia":[{"embeddable":true,"href":"https:\/\/definet.de\/nds-de\/wp-json\/wp\/v2\/media\/23937"}],"wp:attachment":[{"href":"https:\/\/definet.de\/nds-de\/wp-json\/wp\/v2\/media?parent=24002"}],"wp:term":[{"taxonomy":"folder","embeddable":true,"href":"https:\/\/definet.de\/nds-de\/wp-json\/wp\/v2\/folder?post=24002"}],"curies":[{"name":"wp","href":"https:\/\/api.w.org\/{rel}","templated":true}]}}