{"id":24010,"date":"2019-11-19T11:45:26","date_gmt":"2019-11-19T10:45:26","guid":{"rendered":"https:\/\/definet.de\/produkte\/"},"modified":"2025-05-27T14:29:11","modified_gmt":"2025-05-27T12:29:11","slug":"produkte","status":"publish","type":"page","link":"https:\/\/definet.de\/nds-de\/definet-all-inclusive\/produkte\/","title":{"rendered":"Produkte"},"content":{"rendered":"\t\t<div data-elementor-type=\"wp-page\" data-elementor-id=\"24010\" class=\"elementor elementor-24010 elementor-78\" data-elementor-post-type=\"page\">\n\t\t\t\t<div class=\"elementor-element elementor-element-6e67ea15 e-flex e-con-boxed e-con e-parent\" data-id=\"6e67ea15\" data-element_type=\"container\" data-e-type=\"container\">\n\t\t\t\t\t<div class=\"e-con-inner\">\n\t\t\t\t<div class=\"elementor-element elementor-element-f4dcee1 elementor-widget elementor-widget-text-editor\" data-id=\"f4dcee1\" data-element_type=\"widget\" data-e-type=\"widget\" data-widget_type=\"text-editor.default\">\n\t\t\t\t<div class=\"elementor-widget-container\">\n\t\t\t\t\t\t\t\t\t<h2>Produkte f\u00fcr die Finanzberatung<\/h2><p>DEFINET bietet viele Produkte f\u00fcr die Finanzberatung an. Sie bekommen alles aus einer Hand.<\/p><h3>Marktbeobachtung<\/h3><p>Unsere Mitarbeiter schauen st\u00e4ndig, was auf dem Markt passiert. Sie analysieren viele Produkte in der Finanzberatung. So k\u00f6nnen wir Ihnen die besten Produkte anbieten. Mit DEFINET bekommen Sie unabh\u00e4ngige Empfehlungen. Das hei\u00dft, wir empfehlen Ihnen Produkte, die nicht nur von unseren Partnern kommen. Au\u00dferdem profitieren Sie von guten Preisen durch unser gro\u00dfes Netzwerk.  <\/p>\t\t\t\t\t\t\t\t<\/div>\n\t\t\t\t<\/div>\n\t\t\t\t<div class=\"elementor-element elementor-element-96b3130 dc-has-condition dc-condition-empty elementor-widget__width-initial elementor-widget-mobile__width-inherit elementor-widget elementor-widget-image\" data-id=\"96b3130\" data-element_type=\"widget\" data-e-type=\"widget\" data-widget_type=\"image.default\">\n\t\t\t\t<div class=\"elementor-widget-container\">\n\t\t\t\t\t\t\t\t\t\t\t\t\t\t\t\t<a href=\"https:\/\/definet.de\/nds-de\/definet-all-inclusive\/produkte\/versicherung\/\">\n\t\t\t\t\t\t\t<img decoding=\"async\" src=\"https:\/\/definet.de\/wp-content\/uploads\/2025\/02\/produkte-versicherung.svg\" class=\"attachment-full size-full wp-image-23961\" alt=\"Icon Versicherung\" \/>\t\t\t\t\t\t\t\t<\/a>\n\t\t\t\t\t\t\t\t\t\t\t\t\t\t\t<\/div>\n\t\t\t\t<\/div>\n\t\t\t\t<div class=\"elementor-element elementor-element-33bb65a dc-has-condition dc-condition-empty elementor-widget__width-initial elementor-widget-mobile__width-inherit elementor-widget elementor-widget-image\" data-id=\"33bb65a\" data-element_type=\"widget\" data-e-type=\"widget\" data-widget_type=\"image.default\">\n\t\t\t\t<div class=\"elementor-widget-container\">\n\t\t\t\t\t\t\t\t\t\t\t\t\t\t\t\t<a href=\"https:\/\/definet.de\/nds-de\/definet-all-inclusive\/produkte\/investment\/\">\n\t\t\t\t\t\t\t<img decoding=\"async\" src=\"https:\/\/definet.de\/wp-content\/uploads\/2025\/02\/produkte-investment.svg\" class=\"attachment-full size-full wp-image-23960\" alt=\"Icon Investment\" \/>\t\t\t\t\t\t\t\t<\/a>\n\t\t\t\t\t\t\t\t\t\t\t\t\t\t\t<\/div>\n\t\t\t\t<\/div>\n\t\t\t\t<div class=\"elementor-element elementor-element-2689467 dc-has-condition dc-condition-empty elementor-widget__width-initial elementor-widget-mobile__width-inherit elementor-widget elementor-widget-image\" data-id=\"2689467\" data-element_type=\"widget\" data-e-type=\"widget\" data-widget_type=\"image.default\">\n\t\t\t\t<div class=\"elementor-widget-container\">\n\t\t\t\t\t\t\t\t\t\t\t\t\t\t\t\t<a href=\"https:\/\/definet.de\/nds-de\/definet-all-inclusive\/produkte\/finanzierung\/\">\n\t\t\t\t\t\t\t<img decoding=\"async\" src=\"https:\/\/definet.de\/wp-content\/uploads\/2025\/02\/produkte-finanzierung.svg\" class=\"attachment-full size-full wp-image-23959\" alt=\"Icon Finanzierung\" \/>\t\t\t\t\t\t\t\t<\/a>\n\t\t\t\t\t\t\t\t\t\t\t\t\t\t\t<\/div>\n\t\t\t\t<\/div>\n\t\t\t\t\t<\/div>\n\t\t\t\t<\/div>\n\t\t\t\t<\/div>\n\t\t","protected":false},"excerpt":{"rendered":"<p>Produkte f\u00fcr die Finanzberatung DEFINET bietet viele Produkte f\u00fcr die Finanzberatung an. Sie bekommen alles aus einer Hand. Marktbeobachtung Unsere Mitarbeiter schauen st\u00e4ndig, was auf dem Markt passiert. Sie analysieren viele Produkte in der Finanzberatung. So k\u00f6nnen wir Ihnen die besten Produkte anbieten. Mit DEFINET bekommen Sie unabh\u00e4ngige Empfehlungen. Das hei\u00dft, wir empfehlen Ihnen Produkte, [&hellip;]<\/p>\n","protected":false},"author":1,"featured_media":23936,"parent":24087,"menu_order":0,"comment_status":"closed","ping_status":"closed","template":"","meta":{"_acf_changed":false,"footnotes":""},"folder":[1261],"class_list":["post-24010","page","type-page","status-publish","has-post-thumbnail","hentry"],"acf":[],"yoast_head":"<!-- This site is optimized with the Yoast SEO plugin v27.5 - https:\/\/yoast.com\/product\/yoast-seo-wordpress\/ -->\n<title>Produkte - Produkte in allen Sparten - DEFINET AG<\/title>\n<meta name=\"description\" content=\"DEFINET bietet viele Produkte f\u00fcr die Finanzberatung an. Sie bekommen alles aus einer Hand.\" \/>\n<meta name=\"robots\" content=\"index, follow, max-snippet:-1, max-image-preview:large, max-video-preview:-1\" \/>\n<link rel=\"canonical\" href=\"https:\/\/definet.de\/nds-de\/definet-all-inclusive\/produkte\/\" \/>\n<meta property=\"og:locale\" content=\"en_US\" \/>\n<meta property=\"og:type\" content=\"article\" \/>\n<meta property=\"og:title\" content=\"Produktportfolio - Definet AG\" \/>\n<meta property=\"og:description\" content=\"Das volle Programm: Produkte in allen Sparten | Mit dem Produkteinkauf und -management von DEFINET decken Sie das volle Sortiment der Finanzberatung ab \u2013 und das aus einer Hand.\" \/>\n<meta property=\"og:url\" content=\"https:\/\/definet.de\/nds-de\/definet-all-inclusive\/produkte\/\" \/>\n<meta property=\"og:site_name\" content=\"DEFINET AG\" \/>\n<meta property=\"article:modified_time\" content=\"2025-05-27T12:29:11+00:00\" \/>\n<meta property=\"og:image\" content=\"https:\/\/definet.de\/wp-content\/uploads\/2020\/01\/produktportfolio.jpg\" \/>\n<meta name=\"twitter:card\" content=\"summary_large_image\" \/>\n<meta name=\"twitter:title\" content=\"Produktportfolio - Definet AG\" \/>\n<meta name=\"twitter:description\" content=\"DEFINET bietet viele Produkte f\u00fcr die Finanzberatung an. Sie bekommen alles aus einer Hand.\" \/>\n<script type=\"application\/ld+json\" class=\"yoast-schema-graph\">{\"@context\":\"https:\\\/\\\/schema.org\",\"@graph\":[{\"@type\":\"WebPage\",\"@id\":\"https:\\\/\\\/definet.de\\\/nds-de\\\/definet-all-inclusive\\\/produkte\\\/\",\"url\":\"https:\\\/\\\/definet.de\\\/nds-de\\\/definet-all-inclusive\\\/produkte\\\/\",\"name\":\"Produkte - Produkte in allen Sparten - DEFINET AG\",\"isPartOf\":{\"@id\":\"https:\\\/\\\/definet.de\\\/#website\"},\"primaryImageOfPage\":{\"@id\":\"https:\\\/\\\/definet.de\\\/nds-de\\\/definet-all-inclusive\\\/produkte\\\/#primaryimage\"},\"image\":{\"@id\":\"https:\\\/\\\/definet.de\\\/nds-de\\\/definet-all-inclusive\\\/produkte\\\/#primaryimage\"},\"thumbnailUrl\":\"https:\\\/\\\/definet.de\\\/wp-content\\\/uploads\\\/2025\\\/02\\\/produkte.jpg\",\"datePublished\":\"2019-11-19T10:45:26+00:00\",\"dateModified\":\"2025-05-27T12:29:11+00:00\",\"description\":\"DEFINET bietet viele Produkte f\u00fcr die Finanzberatung an. Sie bekommen alles aus einer Hand.\",\"breadcrumb\":{\"@id\":\"https:\\\/\\\/definet.de\\\/nds-de\\\/definet-all-inclusive\\\/produkte\\\/#breadcrumb\"},\"inLanguage\":\"de\",\"potentialAction\":[{\"@type\":\"ReadAction\",\"target\":[\"https:\\\/\\\/definet.de\\\/nds-de\\\/definet-all-inclusive\\\/produkte\\\/\"]}]},{\"@type\":\"ImageObject\",\"inLanguage\":\"de\",\"@id\":\"https:\\\/\\\/definet.de\\\/nds-de\\\/definet-all-inclusive\\\/produkte\\\/#primaryimage\",\"url\":\"https:\\\/\\\/definet.de\\\/wp-content\\\/uploads\\\/2025\\\/02\\\/produkte.jpg\",\"contentUrl\":\"https:\\\/\\\/definet.de\\\/wp-content\\\/uploads\\\/2025\\\/02\\\/produkte.jpg\",\"width\":1200,\"height\":630,\"caption\":\"DEFINET AG \u2013 Produkte\"},{\"@type\":\"BreadcrumbList\",\"@id\":\"https:\\\/\\\/definet.de\\\/nds-de\\\/definet-all-inclusive\\\/produkte\\\/#breadcrumb\",\"itemListElement\":[{\"@type\":\"ListItem\",\"position\":1,\"name\":\"Startseite\",\"item\":\"https:\\\/\\\/definet.de\\\/nds-de\\\/home\\\/\"},{\"@type\":\"ListItem\",\"position\":2,\"name\":\"DEFINET All inclusive\",\"item\":\"https:\\\/\\\/definet.de\\\/nds-de\\\/definet-all-inclusive\\\/\"},{\"@type\":\"ListItem\",\"position\":3,\"name\":\"Produkte\"}]},{\"@type\":\"WebSite\",\"@id\":\"https:\\\/\\\/definet.de\\\/#website\",\"url\":\"https:\\\/\\\/definet.de\\\/\",\"name\":\"Definet AG\",\"description\":\"Kompetenz. Mehrwert. Partnerschaft.\",\"publisher\":{\"@id\":\"https:\\\/\\\/definet.de\\\/#organization\"},\"potentialAction\":[{\"@type\":\"SearchAction\",\"target\":{\"@type\":\"EntryPoint\",\"urlTemplate\":\"https:\\\/\\\/definet.de\\\/?s={search_term_string}\"},\"query-input\":{\"@type\":\"PropertyValueSpecification\",\"valueRequired\":true,\"valueName\":\"search_term_string\"}}],\"inLanguage\":\"de\"},{\"@type\":\"Organization\",\"@id\":\"https:\\\/\\\/definet.de\\\/#organization\",\"name\":\"DEFINET AG\",\"url\":\"https:\\\/\\\/definet.de\\\/\",\"logo\":{\"@type\":\"ImageObject\",\"inLanguage\":\"de\",\"@id\":\"https:\\\/\\\/definet.de\\\/#\\\/schema\\\/logo\\\/image\\\/\",\"url\":\"https:\\\/\\\/definet.de\\\/wp-content\\\/uploads\\\/2020\\\/01\\\/Logo_Definet.png\",\"contentUrl\":\"https:\\\/\\\/definet.de\\\/wp-content\\\/uploads\\\/2020\\\/01\\\/Logo_Definet.png\",\"width\":2547,\"height\":567,\"caption\":\"DEFINET AG\"},\"image\":{\"@id\":\"https:\\\/\\\/definet.de\\\/#\\\/schema\\\/logo\\\/image\\\/\"},\"sameAs\":[\"https:\\\/\\\/www.linkedin.com\\\/company\\\/definetag\"]}]}<\/script>\n<!-- \/ Yoast SEO plugin. -->","yoast_head_json":{"title":"Produkte - Produkte in allen Sparten - DEFINET AG","description":"DEFINET bietet viele Produkte f\u00fcr die Finanzberatung an. Sie bekommen alles aus einer Hand.","robots":{"index":"index","follow":"follow","max-snippet":"max-snippet:-1","max-image-preview":"max-image-preview:large","max-video-preview":"max-video-preview:-1"},"canonical":"https:\/\/definet.de\/nds-de\/definet-all-inclusive\/produkte\/","og_locale":"en_US","og_type":"article","og_title":"Produktportfolio - Definet AG","og_description":"Das volle Programm: Produkte in allen Sparten | Mit dem Produkteinkauf und -management von DEFINET decken Sie das volle Sortiment der Finanzberatung ab \u2013 und das aus einer Hand.","og_url":"https:\/\/definet.de\/nds-de\/definet-all-inclusive\/produkte\/","og_site_name":"DEFINET AG","article_modified_time":"2025-05-27T12:29:11+00:00","og_image":[{"url":"https:\/\/definet.de\/wp-content\/uploads\/2020\/01\/produktportfolio.jpg","type":"","width":"","height":""}],"twitter_card":"summary_large_image","twitter_title":"Produktportfolio - Definet AG","twitter_description":"DEFINET bietet viele Produkte f\u00fcr die Finanzberatung an. Sie bekommen alles aus einer Hand.","schema":{"@context":"https:\/\/schema.org","@graph":[{"@type":"WebPage","@id":"https:\/\/definet.de\/nds-de\/definet-all-inclusive\/produkte\/","url":"https:\/\/definet.de\/nds-de\/definet-all-inclusive\/produkte\/","name":"Produkte - Produkte in allen Sparten - DEFINET AG","isPartOf":{"@id":"https:\/\/definet.de\/#website"},"primaryImageOfPage":{"@id":"https:\/\/definet.de\/nds-de\/definet-all-inclusive\/produkte\/#primaryimage"},"image":{"@id":"https:\/\/definet.de\/nds-de\/definet-all-inclusive\/produkte\/#primaryimage"},"thumbnailUrl":"https:\/\/definet.de\/wp-content\/uploads\/2025\/02\/produkte.jpg","datePublished":"2019-11-19T10:45:26+00:00","dateModified":"2025-05-27T12:29:11+00:00","description":"DEFINET bietet viele Produkte f\u00fcr die Finanzberatung an. Sie bekommen alles aus einer Hand.","breadcrumb":{"@id":"https:\/\/definet.de\/nds-de\/definet-all-inclusive\/produkte\/#breadcrumb"},"inLanguage":"de","potentialAction":[{"@type":"ReadAction","target":["https:\/\/definet.de\/nds-de\/definet-all-inclusive\/produkte\/"]}]},{"@type":"ImageObject","inLanguage":"de","@id":"https:\/\/definet.de\/nds-de\/definet-all-inclusive\/produkte\/#primaryimage","url":"https:\/\/definet.de\/wp-content\/uploads\/2025\/02\/produkte.jpg","contentUrl":"https:\/\/definet.de\/wp-content\/uploads\/2025\/02\/produkte.jpg","width":1200,"height":630,"caption":"DEFINET AG \u2013 Produkte"},{"@type":"BreadcrumbList","@id":"https:\/\/definet.de\/nds-de\/definet-all-inclusive\/produkte\/#breadcrumb","itemListElement":[{"@type":"ListItem","position":1,"name":"Startseite","item":"https:\/\/definet.de\/nds-de\/home\/"},{"@type":"ListItem","position":2,"name":"DEFINET All inclusive","item":"https:\/\/definet.de\/nds-de\/definet-all-inclusive\/"},{"@type":"ListItem","position":3,"name":"Produkte"}]},{"@type":"WebSite","@id":"https:\/\/definet.de\/#website","url":"https:\/\/definet.de\/","name":"Definet AG","description":"Kompetenz. Mehrwert. Partnerschaft.","publisher":{"@id":"https:\/\/definet.de\/#organization"},"potentialAction":[{"@type":"SearchAction","target":{"@type":"EntryPoint","urlTemplate":"https:\/\/definet.de\/?s={search_term_string}"},"query-input":{"@type":"PropertyValueSpecification","valueRequired":true,"valueName":"search_term_string"}}],"inLanguage":"de"},{"@type":"Organization","@id":"https:\/\/definet.de\/#organization","name":"DEFINET AG","url":"https:\/\/definet.de\/","logo":{"@type":"ImageObject","inLanguage":"de","@id":"https:\/\/definet.de\/#\/schema\/logo\/image\/","url":"https:\/\/definet.de\/wp-content\/uploads\/2020\/01\/Logo_Definet.png","contentUrl":"https:\/\/definet.de\/wp-content\/uploads\/2020\/01\/Logo_Definet.png","width":2547,"height":567,"caption":"DEFINET AG"},"image":{"@id":"https:\/\/definet.de\/#\/schema\/logo\/image\/"},"sameAs":["https:\/\/www.linkedin.com\/company\/definetag"]}]}},"_links":{"self":[{"href":"https:\/\/definet.de\/nds-de\/wp-json\/wp\/v2\/pages\/24010","targetHints":{"allow":["GET"]}}],"collection":[{"href":"https:\/\/definet.de\/nds-de\/wp-json\/wp\/v2\/pages"}],"about":[{"href":"https:\/\/definet.de\/nds-de\/wp-json\/wp\/v2\/types\/page"}],"author":[{"embeddable":true,"href":"https:\/\/definet.de\/nds-de\/wp-json\/wp\/v2\/users\/1"}],"replies":[{"embeddable":true,"href":"https:\/\/definet.de\/nds-de\/wp-json\/wp\/v2\/comments?post=24010"}],"version-history":[{"count":2,"href":"https:\/\/definet.de\/nds-de\/wp-json\/wp\/v2\/pages\/24010\/revisions"}],"predecessor-version":[{"id":24089,"href":"https:\/\/definet.de\/nds-de\/wp-json\/wp\/v2\/pages\/24010\/revisions\/24089"}],"up":[{"embeddable":true,"href":"https:\/\/definet.de\/nds-de\/wp-json\/wp\/v2\/pages\/24087"}],"wp:featuredmedia":[{"embeddable":true,"href":"https:\/\/definet.de\/nds-de\/wp-json\/wp\/v2\/media\/23936"}],"wp:attachment":[{"href":"https:\/\/definet.de\/nds-de\/wp-json\/wp\/v2\/media?parent=24010"}],"wp:term":[{"taxonomy":"folder","embeddable":true,"href":"https:\/\/definet.de\/nds-de\/wp-json\/wp\/v2\/folder?post=24010"}],"curies":[{"name":"wp","href":"https:\/\/api.w.org\/{rel}","templated":true}]}}