{"id":24024,"date":"2019-11-19T11:48:57","date_gmt":"2019-11-19T10:48:57","guid":{"rendered":"https:\/\/definet.de\/akademie\/"},"modified":"2025-05-27T13:25:05","modified_gmt":"2025-05-27T11:25:05","slug":"akademie","status":"publish","type":"page","link":"https:\/\/definet.de\/nds-de\/mehr-wert\/akademie\/","title":{"rendered":"Akademie"},"content":{"rendered":"\t\t<div data-elementor-type=\"wp-page\" data-elementor-id=\"24024\" class=\"elementor elementor-24024 elementor-96\" data-elementor-post-type=\"page\">\n\t\t\t\t<div class=\"elementor-element elementor-element-5b02e942 e-flex e-con-boxed e-con e-parent\" data-id=\"5b02e942\" data-element_type=\"container\" data-e-type=\"container\">\n\t\t\t\t\t<div class=\"e-con-inner\">\n\t\t\t\t<div class=\"elementor-element elementor-element-1ae22a8 elementor-widget__width-inherit elementor-widget elementor-widget-heading\" data-id=\"1ae22a8\" data-element_type=\"widget\" data-e-type=\"widget\" data-widget_type=\"heading.default\">\n\t\t\t\t<div class=\"elementor-widget-container\">\n\t\t\t\t\t<h2 class=\"elementor-heading-title elementor-size-default\">Akademie<\/h2>\t\t\t\t<\/div>\n\t\t\t\t<\/div>\n\t\t\t\t<div class=\"elementor-element elementor-element-0bc59c7 elementor-widget__width-initial elementor-widget-mobile_extra__width-inherit elementor-widget elementor-widget-text-editor\" data-id=\"0bc59c7\" data-element_type=\"widget\" data-e-type=\"widget\" data-settings=\"{&quot;motion_fx_motion_fx_scrolling&quot;:&quot;yes&quot;,&quot;motion_fx_translateY_effect&quot;:&quot;yes&quot;,&quot;motion_fx_translateY_speed&quot;:{&quot;unit&quot;:&quot;px&quot;,&quot;size&quot;:1,&quot;sizes&quot;:[]},&quot;motion_fx_devices&quot;:[&quot;widescreen&quot;,&quot;desktop&quot;,&quot;laptop&quot;,&quot;tablet_extra&quot;,&quot;tablet&quot;],&quot;motion_fx_range&quot;:&quot;viewport&quot;,&quot;motion_fx_translateY_affectedRange&quot;:{&quot;unit&quot;:&quot;%&quot;,&quot;size&quot;:&quot;&quot;,&quot;sizes&quot;:{&quot;start&quot;:0,&quot;end&quot;:100}}}\" data-widget_type=\"text-editor.default\">\n\t\t\t\t<div class=\"elementor-widget-container\">\n\t\t\t\t\t\t\t\t\t<h3>Die DEFINET-Akademie bietet Schulungen f\u00fcr Finanzberatung an.<\/h3><p>Die DEFINET-Akademie bietet individuelle Schulungen f\u00fcr die Finanzberatung an. Die beste M\u00f6glichkeit, DEFINET kennenzulernen, ist die Teilnahme an den DEFINET-Impulstagen, die Vorbereitung auf IHK- oder DEFINO-Pr\u00fcfungen oder eine Inhouse-Schulung f\u00fcr Ihre Firma. Egal ob Einzelkurs, Standardseminar oder ma\u00dfgeschneiderte L\u00f6sung \u2013 bei uns sind Sie richtig!  <\/p>\t\t\t\t\t\t\t\t<\/div>\n\t\t\t\t<\/div>\n\t\t\t\t<div class=\"elementor-element elementor-element-2ae821bf elementor-widget__width-initial elementor-widget-mobile_extra__width-inherit content-box-primary elementor-widget elementor-widget-text-editor\" data-id=\"2ae821bf\" data-element_type=\"widget\" data-e-type=\"widget\" data-widget_type=\"text-editor.default\">\n\t\t\t\t<div class=\"elementor-widget-container\">\n\t\t\t\t\t\t\t\t\t<h3 id=\"methoden-formate\">Methoden und Formate<\/h3><p>Die DEFINET-Akademie nutzt viele verschiedene Methoden f\u00fcr Aus- und Weiterbildung. Ob Pr\u00e4senzveranstaltungen, Webinare, Online-Trainings oder individuelle (Online-)Coachings und Fallstudien besser zu Ihren Vermittlern passen, kl\u00e4ren wir gern im pers\u00f6nlichen Gespr\u00e4ch. <\/p><ul class=\"list-style\"><li>Anwendung g\u00e4ngiger Methoden und Formate<\/li><li>von Webinaren bis hin zu Coachings<\/li><\/ul>\t\t\t\t\t\t\t\t<\/div>\n\t\t\t\t<\/div>\n\t\t\t\t<div class=\"elementor-element elementor-element-3e73155 elementor-widget__width-initial elementor-widget-mobile_extra__width-inherit content-box-black elementor-widget elementor-widget-text-editor\" data-id=\"3e73155\" data-element_type=\"widget\" data-e-type=\"widget\" data-widget_type=\"text-editor.default\">\n\t\t\t\t<div class=\"elementor-widget-container\">\n\t\t\t\t\t\t\t\t\t<h3 id=\"bildungszeiten\">Bildungszeiten<\/h3><p>Wir bieten das passende Angebot, damit Ihre Vermittlerinnen und Vermittler mindestens die nach IDD geforderten 15 Stunden Weiterbildung pro Jahr erf\u00fcllen und gegebenenfalls auch die Weiterbildungspflicht f\u00fcr Immobilienmakler nach \u00a7 34c GewO erf\u00fcllen k\u00f6nnen.<\/p><p>Die DEFINET AG ist Bildungsdienstleister und Trusted Partner Service bei der Initiative <em><strong>gut beraten<\/strong><\/em>.<\/p><ul class=\"list-style\"><li>min. 15 h\/Jahr nach IDD-Forderung <\/li><li>Weiterbildungspflicht \u00a7 34c GewO<\/li><\/ul><h3 id=\"angebote-akademie\"> <\/h3>\t\t\t\t\t\t\t\t<\/div>\n\t\t\t\t<\/div>\n\t\t\t\t<div class=\"elementor-element elementor-element-67a693f elementor-widget__width-initial elementor-widget-mobile_extra__width-inherit elementor-widget elementor-widget-text-editor\" data-id=\"67a693f\" data-element_type=\"widget\" data-e-type=\"widget\" data-settings=\"{&quot;motion_fx_motion_fx_scrolling&quot;:&quot;yes&quot;,&quot;motion_fx_translateY_effect&quot;:&quot;yes&quot;,&quot;motion_fx_translateY_speed&quot;:{&quot;unit&quot;:&quot;px&quot;,&quot;size&quot;:1,&quot;sizes&quot;:[]},&quot;motion_fx_devices&quot;:[&quot;widescreen&quot;,&quot;desktop&quot;,&quot;laptop&quot;,&quot;tablet_extra&quot;,&quot;tablet&quot;],&quot;motion_fx_range&quot;:&quot;viewport&quot;,&quot;motion_fx_translateY_affectedRange&quot;:{&quot;unit&quot;:&quot;%&quot;,&quot;size&quot;:&quot;&quot;,&quot;sizes&quot;:{&quot;start&quot;:0,&quot;end&quot;:100}}}\" data-widget_type=\"text-editor.default\">\n\t\t\t\t<div class=\"elementor-widget-container\">\n\t\t\t\t\t\t\t\t\t<h3 id=\"referenten\">Unsere Referenten<\/h3><p>Die DEFINET-Akademie hat viele Referenten zur Auswahl.<br>Bei der Auswahl und Vorbereitung achten wir besonders auf Qualit\u00e4t, Praxiswissen und Erfahrung der Referenten. F\u00fcr die Vorbereitung auf die DEFINO-Zertifizierungspr\u00fcfung setzen wir nur Referenten ein, die das DEFINO-Trainer- und Pr\u00fcfersiegel haben.  <\/p><ul class=\"list-style\"><li>gro\u00dfer Referentenpool<\/li><li>Fokus auf Qualit\u00e4t und Erfahrung<\/li><li>Referenten mit DEFINO-Pr\u00fcfesiegel<\/li><\/ul>\t\t\t\t\t\t\t\t<\/div>\n\t\t\t\t<\/div>\n\t\t\t\t<div class=\"elementor-element elementor-element-33b8192 elementor-widget__width-inherit elementor-widget elementor-widget-heading\" data-id=\"33b8192\" data-element_type=\"widget\" data-e-type=\"widget\" data-widget_type=\"heading.default\">\n\t\t\t\t<div class=\"elementor-widget-container\">\n\t\t\t\t\t<h3 class=\"elementor-heading-title elementor-size-default\">Angebote f\u00fcr Aus- und Weiterbildungen der DEFINET-Akademie<\/h3>\t\t\t\t<\/div>\n\t\t\t\t<\/div>\n\t\t\t\t<div class=\"elementor-element elementor-element-c77ba31 elementor-widget elementor-widget-text-editor\" data-id=\"c77ba31\" data-element_type=\"widget\" data-e-type=\"widget\" data-widget_type=\"text-editor.default\">\n\t\t\t\t<div class=\"elementor-widget-container\">\n\t\t\t\t\t\t\t\t\t<p>Bl\u00e4ttern Sie gerne durch unseren Seminarkatalog und kontaktieren uns unter <a href=\"mailto:akademie@definet.de\">akademie@definet.de<\/a>, wenn Sie Fragen haben.<\/p>\t\t\t\t\t\t\t\t<\/div>\n\t\t\t\t<\/div>\n\t\t\t\t<div class=\"elementor-element elementor-element-53418e5 elementor-widget__width-inherit elementor-widget elementor-widget-shortcode\" data-id=\"53418e5\" data-element_type=\"widget\" data-e-type=\"widget\" data-widget_type=\"shortcode.default\">\n\t\t\t\t<div class=\"elementor-widget-container\">\n\t\t\t\t\t\t\t<div class=\"elementor-shortcode\"><div class=\"_3d-flip-book  fb3d-fullscreen-mode full-size\" data-id=\"4427\" data-mode=\"fullscreen\" data-title=\"false\" data-template=\"short-white-book-view\" data-lightbox=\"dark-shadow\" data-urlparam=\"fb3d-page\" data-page-n=\"0\" data-pdf=\"\" data-tax=\"null\" data-thumbnail=\"\" data-cols=\"3\" data-book-template=\"default\" data-trigger=\"\"><\/div><script type=\"text\/javascript\">window.FB3D_CLIENT_DATA = window.FB3D_CLIENT_DATA || [];FB3D_CLIENT_DATA.push('eyJwb3N0cyI6eyI0NDI3Ijp7IklEIjo0NDI3LCJ0aXRsZSI6IkRFRklORVQtQWthZGVtaWUgU2VtaW5hcmthdGFsb2ciLCJ0eXBlIjoicGRmIiwicmVhZHlfZnVuY3Rpb24iOiIiLCJib29rX3N0eWxlIjoidm9sdW1lIiwiYm9va190ZW1wbGF0ZSI6Im5vbmUiLCJvdXRsaW5lIjpbXSwiZGF0YSI6eyJwb3N0X0lEIjoiLTEiLCJndWlkIjoiaHR0cHM6XC9cL2RlZmluZXQuZGVcL3dwLWNvbnRlbnRcL3VwbG9hZHNcLzNkLWZsaXAtYm9va1wvREVGSU5FVC1Ba2FkZW1pZS1TZW1pbmFya2F0YWxvZy5wZGYiLCJwZGZfcGFnZXMiOiI3MiIsInBhZ2VzX2N1c3RvbWl6YXRpb24iOiJub25lIn0sInRodW1ibmFpbCI6eyJkYXRhIjp7InBvc3RfSUQiOiIwIn0sInR5cGUiOiJhdXRvIn0sInByb3BzIjp7ImJhY2tncm91bmRDb2xvciI6ImF1dG8iLCJiYWNrZ3JvdW5kSW1hZ2UiOiJhdXRvIiwiYmFja2dyb3VuZFN0eWxlIjoiYXV0byIsImhpZ2hsaWdodExpbmtzIjoiYXV0byIsImxpZ2h0aW5nIjoiYXV0byIsImNhY2hlZFBhZ2VzIjoiYXV0byIsInJlbmRlckluYWN0aXZlUGFnZXMiOiJhdXRvIiwicmVuZGVySW5hY3RpdmVQYWdlc09uTW9iaWxlIjoiYXV0byIsInJlbmRlcldoaWxlRmxpcHBpbmciOiJhdXRvIiwicHJlbG9hZFBhZ2VzIjoiYXV0byIsImF1dG9QbGF5RHVyYXRpb24iOiJhdXRvIiwicnRsIjoiYXV0byIsImludGVyYWN0aXZlQ29ybmVycyI6ImF1dG8iLCJtYXhEZXB0aCI6ImF1dG8iLCJzaGVldCI6eyJzdGFydFZlbG9jaXR5IjoiYXV0byIsIndhdmUiOiJhdXRvIiwic2hhcGUiOiJhdXRvIiwid2lkdGhUZXhlbHMiOiJhdXRvIiwiY29sb3IiOiJhdXRvIiwic2lkZSI6ImF1dG8iLCJjb3JuZXJEZXZpYXRpb24iOiJhdXRvIiwiZmxleGliaWxpdHkiOiJhdXRvIiwiZmxleGlibGVDb3JuZXIiOiJhdXRvIiwiYmVuZGluZyI6ImF1dG8iLCJoZWlnaHRUZXhlbHMiOiJhdXRvIn0sImNvdmVyIjp7IndhdmUiOiJhdXRvIiwiY29sb3IiOiJhdXRvIiwic2lkZSI6ImF1dG8iLCJiaW5kZXJUZXh0dXJlIjoiYXV0byIsImRlcHRoIjoiYXV0byIsInBhZGRpbmciOiJhdXRvIiwic3RhcnRWZWxvY2l0eSI6ImF1dG8iLCJmbGV4aWJpbGl0eSI6ImF1dG8iLCJmbGV4aWJsZUNvcm5lciI6ImF1dG8iLCJiZW5kaW5nIjoiYXV0byIsIndpZHRoVGV4ZWxzIjoiYXV0byIsImhlaWdodFRleGVscyI6ImF1dG8iLCJtYXNzIjoiYXV0byIsInNoYXBlIjoiYXV0byJ9LCJwYWdlIjp7IndhdmUiOiJhdXRvIiwiY29sb3IiOiJhdXRvIiwic2lkZSI6ImF1dG8iLCJkZXB0aCI6ImF1dG8iLCJzdGFydFZlbG9jaXR5IjoiYXV0byIsImZsZXhpYmlsaXR5IjoiYXV0byIsImZsZXhpYmxlQ29ybmVyIjoiYXV0byIsImJlbmRpbmciOiJhdXRvIiwid2lkdGhUZXhlbHMiOiJhdXRvIiwiaGVpZ2h0VGV4ZWxzIjoiYXV0byIsIm1hc3MiOiJhdXRvIiwic2hhcGUiOiJhdXRvIn0sImhlaWdodCI6ImF1dG8iLCJ3aWR0aCI6ImF1dG8iLCJncmF2aXR5IjoiYXV0byIsInBhZ2VzRm9yUHJlZGljdGluZyI6ImF1dG8ifSwiY29udHJvbFByb3BzIjp7ImFjdGlvbnMiOnsiY21kVG9jIjp7ImVuYWJsZWQiOiJhdXRvIiwiZW5hYmxlZEluTmFycm93IjoiYXV0byIsImFjdGl2ZSI6ImF1dG8iLCJkZWZhdWx0VGFiIjoiYXV0byJ9LCJjbWRBdXRvUGxheSI6eyJlbmFibGVkIjoiYXV0byIsImVuYWJsZWRJbk5hcnJvdyI6ImF1dG8iLCJhY3RpdmUiOiJhdXRvIn0sImNtZFNhdmUiOnsiZW5hYmxlZCI6IjAiLCJlbmFibGVkSW5OYXJyb3ciOiIwIn0sImNtZFByaW50Ijp7ImVuYWJsZWQiOiJhdXRvIiwiZW5hYmxlZEluTmFycm93IjoiYXV0byJ9LCJjbWRTaW5nbGVQYWdlIjp7ImVuYWJsZWQiOiJhdXRvIiwiZW5hYmxlZEluTmFycm93IjoiYXV0byIsImFjdGl2ZSI6ImF1dG8iLCJhY3RpdmVGb3JNb2JpbGUiOiJhdXRvIn0sIndpZFRvb2xiYXIiOnsiZW5hYmxlZCI6ImF1dG8iLCJlbmFibGVkSW5OYXJyb3ciOiJhdXRvIn19fSwiYXV0b1RodW1ibmFpbCI6Imh0dHBzOlwvXC9kZWZpbmV0LmRlXC93cC1jb250ZW50XC91cGxvYWRzXC8zZC1mbGlwLWJvb2tcL2F1dG8tdGh1bWJuYWlsc1wvNDQyNy5wbmciLCJwb3N0X25hbWUiOiJkZWZpbmV0LWFrYWRlbWllLXNlbWluYXJrYXRhbG9nIiwicG9zdF90eXBlIjoiM2QtZmxpcC1ib29rIn19LCJwYWdlcyI6W10sImZpcnN0UGFnZXMiOltdfQ==');window.FB3D_CLIENT_LOCALE && FB3D_CLIENT_LOCALE.render && FB3D_CLIENT_LOCALE.render();<\/script><\/div>\n\t\t\t\t\t\t<\/div>\n\t\t\t\t<\/div>\n\t\t\t\t\t<\/div>\n\t\t\t\t<\/div>\n\t\t\t\t<\/div>\n\t\t","protected":false},"excerpt":{"rendered":"<p>Akademie Die DEFINET-Akademie bietet Schulungen f\u00fcr Finanzberatung an. Die DEFINET-Akademie bietet individuelle Schulungen f\u00fcr die Finanzberatung an. Die beste M\u00f6glichkeit, DEFINET kennenzulernen, ist die Teilnahme an den DEFINET-Impulstagen, die Vorbereitung auf IHK- oder DEFINO-Pr\u00fcfungen oder eine Inhouse-Schulung f\u00fcr Ihre Firma. Egal ob Einzelkurs, Standardseminar oder ma\u00dfgeschneiderte L\u00f6sung \u2013 bei uns sind Sie richtig! Methoden und [&hellip;]<\/p>\n","protected":false},"author":1,"featured_media":23921,"parent":24075,"menu_order":0,"comment_status":"closed","ping_status":"closed","template":"","meta":{"_acf_changed":false,"footnotes":""},"folder":[1260],"class_list":["post-24024","page","type-page","status-publish","has-post-thumbnail","hentry"],"acf":[],"yoast_head":"<!-- This site is optimized with the Yoast SEO plugin v27.5 - https:\/\/yoast.com\/product\/yoast-seo-wordpress\/ -->\n<title>Aus- und Weiterbildungen - Akademie - DEFINET AG<\/title>\n<meta name=\"description\" content=\"Aus- und Weiterbildungen sind f\u00fcr eine hochwertige Finanzberatung unerl\u00e4sslich \u2013 ob Einzelma\u00dfnahme, Standardseminar oder individuelle L\u00f6sung.\" \/>\n<meta name=\"robots\" content=\"index, follow, max-snippet:-1, max-image-preview:large, max-video-preview:-1\" \/>\n<link rel=\"canonical\" href=\"https:\/\/definet.de\/nds-de\/mehr-wert\/akademie\/\" \/>\n<meta property=\"og:locale\" content=\"en_US\" \/>\n<meta property=\"og:type\" content=\"article\" \/>\n<meta property=\"og:title\" content=\"Aus- und Weiterbildung - Akademie - Definet AG\" \/>\n<meta property=\"og:description\" content=\"Aus- und Weiterbildungen sind f\u00fcr eine hochwertige Beratung unerl\u00e4sslich. Ob Einzelma\u00dfnahme, Standardseminar oder ma\u00dfgeschneiderte L\u00f6sung - bei uns sind Sie richtig!\" \/>\n<meta property=\"og:url\" content=\"https:\/\/definet.de\/nds-de\/mehr-wert\/akademie\/\" \/>\n<meta property=\"og:site_name\" content=\"DEFINET AG\" \/>\n<meta property=\"article:modified_time\" content=\"2025-05-27T11:25:05+00:00\" \/>\n<meta property=\"og:image\" content=\"https:\/\/definet.de\/wp-content\/uploads\/2020\/01\/akademie.jpg\" \/>\n<meta name=\"twitter:card\" content=\"summary_large_image\" \/>\n<meta name=\"twitter:title\" content=\"Aus- und Weiterbildung - Akademie - Definet AG\" \/>\n<meta name=\"twitter:description\" content=\"Aus- und Weiterbildungen sind f\u00fcr eine hochwertige Beratung unerl\u00e4sslich. Ob Einzelma\u00dfnahme, Standardseminar oder ma\u00dfgeschneiderte L\u00f6sung - bei uns sind Sie richtig!\" \/>\n<meta name=\"twitter:label1\" content=\"Gesch\u00e4tzte Lesezeit\" \/>\n\t<meta name=\"twitter:data1\" content=\"1\u00a0Minute\" \/>\n<script type=\"application\/ld+json\" class=\"yoast-schema-graph\">{\"@context\":\"https:\\\/\\\/schema.org\",\"@graph\":[{\"@type\":\"WebPage\",\"@id\":\"https:\\\/\\\/definet.de\\\/nds-de\\\/mehr-wert\\\/akademie\\\/\",\"url\":\"https:\\\/\\\/definet.de\\\/nds-de\\\/mehr-wert\\\/akademie\\\/\",\"name\":\"Aus- und Weiterbildungen - Akademie - DEFINET AG\",\"isPartOf\":{\"@id\":\"https:\\\/\\\/definet.de\\\/#website\"},\"primaryImageOfPage\":{\"@id\":\"https:\\\/\\\/definet.de\\\/nds-de\\\/mehr-wert\\\/akademie\\\/#primaryimage\"},\"image\":{\"@id\":\"https:\\\/\\\/definet.de\\\/nds-de\\\/mehr-wert\\\/akademie\\\/#primaryimage\"},\"thumbnailUrl\":\"https:\\\/\\\/definet.de\\\/wp-content\\\/uploads\\\/2025\\\/02\\\/akademie.jpg\",\"datePublished\":\"2019-11-19T10:48:57+00:00\",\"dateModified\":\"2025-05-27T11:25:05+00:00\",\"description\":\"Aus- und Weiterbildungen sind f\u00fcr eine hochwertige Finanzberatung unerl\u00e4sslich \u2013 ob Einzelma\u00dfnahme, Standardseminar oder individuelle L\u00f6sung.\",\"breadcrumb\":{\"@id\":\"https:\\\/\\\/definet.de\\\/nds-de\\\/mehr-wert\\\/akademie\\\/#breadcrumb\"},\"inLanguage\":\"de\",\"potentialAction\":[{\"@type\":\"ReadAction\",\"target\":[\"https:\\\/\\\/definet.de\\\/nds-de\\\/mehr-wert\\\/akademie\\\/\"]}]},{\"@type\":\"ImageObject\",\"inLanguage\":\"de\",\"@id\":\"https:\\\/\\\/definet.de\\\/nds-de\\\/mehr-wert\\\/akademie\\\/#primaryimage\",\"url\":\"https:\\\/\\\/definet.de\\\/wp-content\\\/uploads\\\/2025\\\/02\\\/akademie.jpg\",\"contentUrl\":\"https:\\\/\\\/definet.de\\\/wp-content\\\/uploads\\\/2025\\\/02\\\/akademie.jpg\",\"width\":1200,\"height\":630,\"caption\":\"DEFINET AG \u2013 Akademie\"},{\"@type\":\"BreadcrumbList\",\"@id\":\"https:\\\/\\\/definet.de\\\/nds-de\\\/mehr-wert\\\/akademie\\\/#breadcrumb\",\"itemListElement\":[{\"@type\":\"ListItem\",\"position\":1,\"name\":\"Startseite\",\"item\":\"https:\\\/\\\/definet.de\\\/nds-de\\\/home\\\/\"},{\"@type\":\"ListItem\",\"position\":2,\"name\":\"Mehr Wert\",\"item\":\"https:\\\/\\\/definet.de\\\/nds-de\\\/mehr-wert\\\/\"},{\"@type\":\"ListItem\",\"position\":3,\"name\":\"Akademie\"}]},{\"@type\":\"WebSite\",\"@id\":\"https:\\\/\\\/definet.de\\\/#website\",\"url\":\"https:\\\/\\\/definet.de\\\/\",\"name\":\"Definet AG\",\"description\":\"Kompetenz. Mehrwert. Partnerschaft.\",\"publisher\":{\"@id\":\"https:\\\/\\\/definet.de\\\/#organization\"},\"potentialAction\":[{\"@type\":\"SearchAction\",\"target\":{\"@type\":\"EntryPoint\",\"urlTemplate\":\"https:\\\/\\\/definet.de\\\/?s={search_term_string}\"},\"query-input\":{\"@type\":\"PropertyValueSpecification\",\"valueRequired\":true,\"valueName\":\"search_term_string\"}}],\"inLanguage\":\"de\"},{\"@type\":\"Organization\",\"@id\":\"https:\\\/\\\/definet.de\\\/#organization\",\"name\":\"DEFINET AG\",\"url\":\"https:\\\/\\\/definet.de\\\/\",\"logo\":{\"@type\":\"ImageObject\",\"inLanguage\":\"de\",\"@id\":\"https:\\\/\\\/definet.de\\\/#\\\/schema\\\/logo\\\/image\\\/\",\"url\":\"https:\\\/\\\/definet.de\\\/wp-content\\\/uploads\\\/2020\\\/01\\\/Logo_Definet.png\",\"contentUrl\":\"https:\\\/\\\/definet.de\\\/wp-content\\\/uploads\\\/2020\\\/01\\\/Logo_Definet.png\",\"width\":2547,\"height\":567,\"caption\":\"DEFINET AG\"},\"image\":{\"@id\":\"https:\\\/\\\/definet.de\\\/#\\\/schema\\\/logo\\\/image\\\/\"},\"sameAs\":[\"https:\\\/\\\/www.linkedin.com\\\/company\\\/definetag\"]}]}<\/script>\n<!-- \/ Yoast SEO plugin. -->","yoast_head_json":{"title":"Aus- und Weiterbildungen - Akademie - DEFINET AG","description":"Aus- und Weiterbildungen sind f\u00fcr eine hochwertige Finanzberatung unerl\u00e4sslich \u2013 ob Einzelma\u00dfnahme, Standardseminar oder individuelle L\u00f6sung.","robots":{"index":"index","follow":"follow","max-snippet":"max-snippet:-1","max-image-preview":"max-image-preview:large","max-video-preview":"max-video-preview:-1"},"canonical":"https:\/\/definet.de\/nds-de\/mehr-wert\/akademie\/","og_locale":"en_US","og_type":"article","og_title":"Aus- und Weiterbildung - Akademie - Definet AG","og_description":"Aus- und Weiterbildungen sind f\u00fcr eine hochwertige Beratung unerl\u00e4sslich. Ob Einzelma\u00dfnahme, Standardseminar oder ma\u00dfgeschneiderte L\u00f6sung - bei uns sind Sie richtig!","og_url":"https:\/\/definet.de\/nds-de\/mehr-wert\/akademie\/","og_site_name":"DEFINET AG","article_modified_time":"2025-05-27T11:25:05+00:00","og_image":[{"url":"https:\/\/definet.de\/wp-content\/uploads\/2020\/01\/akademie.jpg","type":"","width":"","height":""}],"twitter_card":"summary_large_image","twitter_title":"Aus- und Weiterbildung - Akademie - Definet AG","twitter_description":"Aus- und Weiterbildungen sind f\u00fcr eine hochwertige Beratung unerl\u00e4sslich. Ob Einzelma\u00dfnahme, Standardseminar oder ma\u00dfgeschneiderte L\u00f6sung - bei uns sind Sie richtig!","twitter_misc":{"Gesch\u00e4tzte Lesezeit":"1\u00a0Minute"},"schema":{"@context":"https:\/\/schema.org","@graph":[{"@type":"WebPage","@id":"https:\/\/definet.de\/nds-de\/mehr-wert\/akademie\/","url":"https:\/\/definet.de\/nds-de\/mehr-wert\/akademie\/","name":"Aus- und Weiterbildungen - Akademie - DEFINET AG","isPartOf":{"@id":"https:\/\/definet.de\/#website"},"primaryImageOfPage":{"@id":"https:\/\/definet.de\/nds-de\/mehr-wert\/akademie\/#primaryimage"},"image":{"@id":"https:\/\/definet.de\/nds-de\/mehr-wert\/akademie\/#primaryimage"},"thumbnailUrl":"https:\/\/definet.de\/wp-content\/uploads\/2025\/02\/akademie.jpg","datePublished":"2019-11-19T10:48:57+00:00","dateModified":"2025-05-27T11:25:05+00:00","description":"Aus- und Weiterbildungen sind f\u00fcr eine hochwertige Finanzberatung unerl\u00e4sslich \u2013 ob Einzelma\u00dfnahme, Standardseminar oder individuelle L\u00f6sung.","breadcrumb":{"@id":"https:\/\/definet.de\/nds-de\/mehr-wert\/akademie\/#breadcrumb"},"inLanguage":"de","potentialAction":[{"@type":"ReadAction","target":["https:\/\/definet.de\/nds-de\/mehr-wert\/akademie\/"]}]},{"@type":"ImageObject","inLanguage":"de","@id":"https:\/\/definet.de\/nds-de\/mehr-wert\/akademie\/#primaryimage","url":"https:\/\/definet.de\/wp-content\/uploads\/2025\/02\/akademie.jpg","contentUrl":"https:\/\/definet.de\/wp-content\/uploads\/2025\/02\/akademie.jpg","width":1200,"height":630,"caption":"DEFINET AG \u2013 Akademie"},{"@type":"BreadcrumbList","@id":"https:\/\/definet.de\/nds-de\/mehr-wert\/akademie\/#breadcrumb","itemListElement":[{"@type":"ListItem","position":1,"name":"Startseite","item":"https:\/\/definet.de\/nds-de\/home\/"},{"@type":"ListItem","position":2,"name":"Mehr Wert","item":"https:\/\/definet.de\/nds-de\/mehr-wert\/"},{"@type":"ListItem","position":3,"name":"Akademie"}]},{"@type":"WebSite","@id":"https:\/\/definet.de\/#website","url":"https:\/\/definet.de\/","name":"Definet AG","description":"Kompetenz. Mehrwert. Partnerschaft.","publisher":{"@id":"https:\/\/definet.de\/#organization"},"potentialAction":[{"@type":"SearchAction","target":{"@type":"EntryPoint","urlTemplate":"https:\/\/definet.de\/?s={search_term_string}"},"query-input":{"@type":"PropertyValueSpecification","valueRequired":true,"valueName":"search_term_string"}}],"inLanguage":"de"},{"@type":"Organization","@id":"https:\/\/definet.de\/#organization","name":"DEFINET AG","url":"https:\/\/definet.de\/","logo":{"@type":"ImageObject","inLanguage":"de","@id":"https:\/\/definet.de\/#\/schema\/logo\/image\/","url":"https:\/\/definet.de\/wp-content\/uploads\/2020\/01\/Logo_Definet.png","contentUrl":"https:\/\/definet.de\/wp-content\/uploads\/2020\/01\/Logo_Definet.png","width":2547,"height":567,"caption":"DEFINET AG"},"image":{"@id":"https:\/\/definet.de\/#\/schema\/logo\/image\/"},"sameAs":["https:\/\/www.linkedin.com\/company\/definetag"]}]}},"_links":{"self":[{"href":"https:\/\/definet.de\/nds-de\/wp-json\/wp\/v2\/pages\/24024","targetHints":{"allow":["GET"]}}],"collection":[{"href":"https:\/\/definet.de\/nds-de\/wp-json\/wp\/v2\/pages"}],"about":[{"href":"https:\/\/definet.de\/nds-de\/wp-json\/wp\/v2\/types\/page"}],"author":[{"embeddable":true,"href":"https:\/\/definet.de\/nds-de\/wp-json\/wp\/v2\/users\/1"}],"replies":[{"embeddable":true,"href":"https:\/\/definet.de\/nds-de\/wp-json\/wp\/v2\/comments?post=24024"}],"version-history":[{"count":1,"href":"https:\/\/definet.de\/nds-de\/wp-json\/wp\/v2\/pages\/24024\/revisions"}],"predecessor-version":[{"id":24025,"href":"https:\/\/definet.de\/nds-de\/wp-json\/wp\/v2\/pages\/24024\/revisions\/24025"}],"up":[{"embeddable":true,"href":"https:\/\/definet.de\/nds-de\/wp-json\/wp\/v2\/pages\/24075"}],"wp:featuredmedia":[{"embeddable":true,"href":"https:\/\/definet.de\/nds-de\/wp-json\/wp\/v2\/media\/23921"}],"wp:attachment":[{"href":"https:\/\/definet.de\/nds-de\/wp-json\/wp\/v2\/media?parent=24024"}],"wp:term":[{"taxonomy":"folder","embeddable":true,"href":"https:\/\/definet.de\/nds-de\/wp-json\/wp\/v2\/folder?post=24024"}],"curies":[{"name":"wp","href":"https:\/\/api.w.org\/{rel}","templated":true}]}}