{"id":24030,"date":"2020-01-07T09:54:40","date_gmt":"2020-01-07T08:54:40","guid":{"rendered":"https:\/\/definet.de\/produkte\/finanzierung\/"},"modified":"2025-05-26T16:10:23","modified_gmt":"2025-05-26T14:10:23","slug":"finanzierung","status":"publish","type":"page","link":"https:\/\/definet.de\/nds-de\/definet-all-inclusive\/produkte\/finanzierung\/","title":{"rendered":"Finanzierung"},"content":{"rendered":"\t\t<div data-elementor-type=\"wp-page\" data-elementor-id=\"24030\" class=\"elementor elementor-24030 elementor-465\" data-elementor-post-type=\"page\">\n\t\t\t\t<div class=\"elementor-element elementor-element-018ca55 e-flex e-con-boxed e-con e-parent\" data-id=\"018ca55\" data-element_type=\"container\" data-e-type=\"container\">\n\t\t\t\t\t<div class=\"e-con-inner\">\n\t\t\t\t<div class=\"elementor-element elementor-element-84f9bd8 elementor-widget__width-initial elementor-widget-mobile_extra__width-inherit elementor-widget elementor-widget-text-editor\" data-id=\"84f9bd8\" data-element_type=\"widget\" data-e-type=\"widget\" data-settings=\"{&quot;motion_fx_motion_fx_scrolling&quot;:&quot;yes&quot;,&quot;motion_fx_translateY_effect&quot;:&quot;yes&quot;,&quot;motion_fx_translateY_speed&quot;:{&quot;unit&quot;:&quot;px&quot;,&quot;size&quot;:1,&quot;sizes&quot;:[]},&quot;motion_fx_devices&quot;:[&quot;widescreen&quot;,&quot;desktop&quot;,&quot;laptop&quot;,&quot;tablet_extra&quot;,&quot;tablet&quot;],&quot;motion_fx_range&quot;:&quot;viewport&quot;,&quot;motion_fx_translateY_affectedRange&quot;:{&quot;unit&quot;:&quot;%&quot;,&quot;size&quot;:&quot;&quot;,&quot;sizes&quot;:{&quot;start&quot;:0,&quot;end&quot;:100}}}\" data-widget_type=\"text-editor.default\">\n\t\t\t\t<div class=\"elementor-widget-container\">\n\t\t\t\t\t\t\t\t\t<h2>Immobiliardarlehen<\/h2><p>Ob Neubau, Kauf, Anschlussfinanzierung, Kapitalbeschaffung oder Modernisierung \u2013 wer eine passende Finanzierung sucht, braucht erfahrene Beratung. Ihre Kunden bekommen bei Ihnen eine umfassende und vor allem unabh\u00e4ngige Beratung, die nur jemand geben kann, der nicht f\u00fcr den Produktgeber arbeitet. <\/p><p>Das DEFINET-KompetenzCenter f\u00fcr Finanzierung unterst\u00fctzt Ihre Vermittler bei einer unabh\u00e4ngigen und umfassenden Beratung. Als Direkteinreicher bei Banken k\u00f6nnen Sie \u00fcber DEFINET Angebote von mehr als 400 Banken, Sparkassen und Versicherungen vergleichen, um f\u00fcr Ihre Kunden die passende und g\u00fcnstigste Finanzierung zu finden. <\/p>\t\t\t\t\t\t\t\t<\/div>\n\t\t\t\t<\/div>\n\t\t\t\t<div class=\"elementor-element elementor-element-61da178 elementor-widget__width-initial content-box-primary elementor-widget-mobile_extra__width-inherit elementor-widget elementor-widget-text-editor\" data-id=\"61da178\" data-element_type=\"widget\" data-e-type=\"widget\" data-widget_type=\"text-editor.default\">\n\t\t\t\t<div class=\"elementor-widget-container\">\n\t\t\t\t\t\t\t\t\t<h2>Bausparen<\/h2><p>Auch wenn die Sparzinsen bei Bauspartarifen meist sehr niedrig sind, kann ein Bausparvertrag in vielen F\u00e4llen sinnvoll sein. \u00dcber die DEFINET-Plattform k\u00f6nnen Ihre Berater alle bekannten Bauspartarife vermitteln \u2013 und f\u00fcr Ihre Kunden oft schon heute g\u00fcnstige Zinsen f\u00fcr eine zuk\u00fcnftige Finanzierung sichern. <\/p>\t\t\t\t\t\t\t\t<\/div>\n\t\t\t\t<\/div>\n\t\t\t\t<div class=\"elementor-element elementor-element-78cf8a6 elementor-widget__width-inherit elementor-widget elementor-widget-text-editor\" data-id=\"78cf8a6\" data-element_type=\"widget\" data-e-type=\"widget\" data-widget_type=\"text-editor.default\">\n\t\t\t\t<div class=\"elementor-widget-container\">\n\t\t\t\t\t\t\t\t\t<h2>Konsumentendarlehen<\/h2><p>Ein Konsumentendarlehen hilft, finanzielle Engp\u00e4sse zu \u00fcberbr\u00fccken.<br>Ihre Vermittler finden dann die beste L\u00f6sung. \u00dcber DEFINET haben Sie einfachen Zugriff auf den gesamten Markt f\u00fcr Konsumentenkredite. So k\u00f6nnen Sie Ihren Kunden gute Konditionen anbieten und die Kredite einfach beantragen und abwickeln.  <\/p>\t\t\t\t\t\t\t\t<\/div>\n\t\t\t\t<\/div>\n\t\t\t\t<div class=\"elementor-element elementor-element-78ae65b elementor-widget__width-inherit elementor-widget elementor-widget-text-editor\" data-id=\"78ae65b\" data-element_type=\"widget\" data-e-type=\"widget\" data-widget_type=\"text-editor.default\">\n\t\t\t\t<div class=\"elementor-widget-container\">\n\t\t\t\t\t\t\t\t\t<h4>Haben Sie Fragen zum Thema? Dann wenden Sie sich direkt an Ihren Ansprechpartner! <\/h4>\t\t\t\t\t\t\t\t<\/div>\n\t\t\t\t<\/div>\n\t\t\t\t<div class=\"elementor-element elementor-element-71039e9 ansprechpartner elementor-widget elementor-widget-ucaddon_post_grid\" data-id=\"71039e9\" data-element_type=\"widget\" data-e-type=\"widget\" data-widget_type=\"ucaddon_post_grid.default\">\n\t\t\t\t<div class=\"elementor-widget-container\">\n\t\t\t\t\t\n<!-- start Post Grid -->\n<style>\/* widget: Post Grid *\/\n\n\n\n#uc_post_grid_elementor_71039e9{\n  min-height: 1px;\n}\n\n#uc_post_grid_elementor_71039e9.uc_post_grid_style_one .uc_post_grid_style_one_wrap {\n   display:grid;\n}\n\n\n#uc_post_grid_elementor_71039e9 .uc_post_grid_style_one_item{\n  position:relative;\n}\n\n#uc_post_grid_elementor_71039e9 .uc_post_image{\n  transition:0.3s;\n  position:relative;\n  overflow:hidden;\n}\n\n#uc_post_grid_elementor_71039e9 .uc_post_image img{\n  width:100%;\n  display:block;\n  transition:0.3s;\n}\n\n\t\n\n#uc_post_grid_elementor_71039e9 .uc_post_image_overlay{\n  position:absolute;\n  top:0px;\n  left:0px;\n  height:100%;\n  width:100%;\n  transition:0.3s;\n}\n\n#uc_post_grid_elementor_71039e9 .uc_more_btn-custom-field{\n  display:inline-block;\n  text-align:center;\n  text-decoration:none;\n  transition:0.3s;\n}\n\n#uc_post_grid_elementor_71039e9 .uc_more_btn{\n  display:inline-block;\n  text-align:center;\n  text-decoration:none;\n  transition:0.3s;\n}\n\n.ue-grid-item-category a{\n  display:inline-block;\n  font-size:10px;\n  position: relative;\n  z-index: 1;\n}\n\n\n.uc_post_title{\n  font-size:21px;\n}\n\n\n\n\n\n\n\n\n\n\t#uc_post_grid_elementor_71039e9 .uc_post_grid_style_one_item{\n      display:flex;\n    }\n\n\t#uc_post_grid_elementor_71039e9 .uc_content{\n      display:flex;\n      justify-content:center;\n      flex-direction:column;\n    }\n\n    #uc_post_grid_elementor_71039e9 .uc_content{\n      flex-shrink:0;\n      flex-grow:0;\n    }\n\n    #uc_post_grid_elementor_71039e9 .uc_post_grid_style_one_image{\n      flex-grow:1;\n      display: flex;      \n    }\n\t\n\n\n\n\n\n\n#uc_post_grid_elementor_71039e9 .ue-meta-data{  \n  display:flex !important;\n  flex-wrap: wrap;\n  line-height:1em;\n}\n\n#uc_post_grid_elementor_71039e9 .ue-grid-item-meta-data{\n  display:inline-flex;\n  align-items:center;\n}\n\n#uc_post_grid_elementor_71039e9 .ue-grid-item-meta-data a{\n  color:inherit;\n}\n\n.ue-grid-item-meta-data{\n  font-size:12px;\n}\n\n#uc_post_grid_elementor_71039e9 .ue-grid-item-meta-data-icon{\n  line-height:1em;\n}\n\n#uc_post_grid_elementor_71039e9 .ue-grid-item-meta-data-icon svg{\n  width:1em;\n  height:1em;\n}\n\n#uc_post_grid_elementor_71039e9 .ue-debug-meta{\n  padding:10px;\n  border:1px solid red;\n  position:relative;\n  line-height:1.5em;\n  font-size:11px;\n  width:100%;\n}\n\n#uc_post_grid_elementor_71039e9 .uc_btn_inner{\n  display:inline-flex;\n  align-items:center;\n  pointer-events:none;\n}\n\n#uc_post_grid_elementor_71039e9 .uc_btn_inner svg{\n  width:1em;\n  height:1em;\n}\n#uc_post_grid_elementor_71039e9 .ue_p_title{\n  pointer-events:none;\n}\n\n\n#uc_post_grid_elementor_71039e9 .uc_content_inner{\n  width: 100%;\n}\n\n\n#uc_post_grid_elementor_71039e9_item1 [href=\"javascript:void(0)\"]{\n  cursor: unset;\n}\n\n\n<\/style>\n\n<div class=\"uc_post_grid_style_one \" id=\"uc_post_grid_elementor_71039e9\"  >\n\t\t<div class=\"uc_post_grid_style_one_wrap ue_post_grid uc-items-wrapper\">\n\t\t\t\n\n\n\n<div id=\"uc_post_grid_elementor_71039e9_item1\" class=\"uc_post_grid_style_one_item ue_post_grid_item ue-item \">\n  \n      <a class=\"uc_post_grid_style_one_image \" href='javascript:void(0)' target=\"_self\">\n     <div class=\"uc_post_image\">\n       <img fetchpriority=\"high\" decoding=\"async\" src=\"https:\/\/definet.de\/wp-content\/uploads\/2020\/01\/Sprenger_Damian-768x512.jpg\"  src=\"https:\/\/definet.de\/wp-content\/uploads\/2020\/01\/Sprenger_Damian-768x512.jpg\" alt=\"Damit Sprenger Leiter Investments\" width=\"768\" height=\"512\">\n       <div class=\"uc_post_image_overlay\"><\/div>\n     <\/div>\n    <\/a>\n   \n  <div class=\"uc_content\">\n    <div class=\"uc_content_inner\">\n      <div class=\"uc_content-info-wrapper\" >\n        \n       \n              \n\n            \t\t\t<div class=\"uc_post_title\"><a class=\"\" href='javascript:void(0)' target=\"_self\"><div class=\"ue_p_title\">Damian Sprenger<\/div><\/a><\/div>\n      \t\n         \n  <div class=\"uc_post_text_custom_field\">Photovoltaik-Investments<\/div>\n                \n       \n        <div class=\"ue-meta-data\">\n            \n                \t    \n                \n        \n\t\n           \n          \t\t\n      \t\t\t\t\n\t  \t\t<div class=\"ue-grid-item-meta-data\"><a href=\"tel:+49 6196 5868 216\"><span class=\"ue-grid-item-meta-data-icon\"><svg xmlns=\"http:\/\/www.w3.org\/2000\/svg\" id=\"Ebene_1\" viewBox=\"0 0 24 24\"><path d=\"M18.5,23.5c-.8,0-1.5-.2-2.2-.7C10.3,18.8,5.2,13.7,1.2,7.7.1,6.1.3,4,1.7,2.7l1.3-1.3C4.1.2,5.9.2,7,1.3l2.5,2.5c1.1,1.1,1.1,2.9,0,4l-.5.5c2.1,2.5,4.3,4.7,6.8,6.8l.5-.5c.5-.5,1.2-.8,2-.8h0c.8,0,1.5.3,2,.8l2.5,2.5c.5.5.8,1.2.8,2s-.3,1.5-.8,2l-1.3,1.3c-.8.8-1.8,1.2-2.8,1.2ZM5,1.5c-.5,0-.9.2-1.3.5l-1.3,1.3c-1,1-1.2,2.6-.4,3.7,3.9,5.9,9,10.9,14.9,14.9,1.2.8,2.7.6,3.7-.4l1.3-1.3c.3-.3.5-.8.5-1.3s-.2-.9-.5-1.3l-2.5-2.5c-.3-.3-.8-.5-1.3-.5h0c-.5,0-.9.2-1.3.5l-.8.8c-.2.2-.5.2-.7,0-2.8-2.3-5.3-4.8-7.6-7.6-.2-.2-.1-.5,0-.7l.8-.8h0c.7-.7.7-1.9,0-2.6l-2.5-2.4c-.4-.4-.8-.5-1.3-.5Z\"><\/path><\/svg><\/span>  +49 6196 5868 216<\/a><\/div>\n      \t\t\t\t\n                \n           \n          \t\t\n      \t\t\t\t\n              <div class=\"ue-grid-item-meta-data\"><a href=\"mailto:damian.sprenger@definet.de\"><span class=\"ue-grid-item-meta-data-icon\"><svg xmlns=\"http:\/\/www.w3.org\/2000\/svg\" xmlns:xlink=\"http:\/\/www.w3.org\/1999\/xlink\" id=\"Light\" viewBox=\"0 0 24 24\"><path d=\"M20.8,22.4H3.2c-.9,0-2.7-.6-2.7-2.7v-11c0-.9.6-2.7,2.7-2.7h17.6c.9,0,2.7.6,2.7,2.7v11c0,.9-.6,2.7-2.7,2.7ZM3.2,7c-1.6,0-1.7,1.5-1.7,1.7v11c0,1.6,1.5,1.7,1.7,1.7h17.6c1.6,0,1.7-1.5,1.7-1.7v-11c0-1.6-1.5-1.7-1.7-1.7,0,0-17.6,0-17.6,0Z\"><\/path><path d=\"M12,16c-.8,0-1.7-.2-2.4-.7L.7,10.2c-.2-.1-.3-.4-.2-.7.1-.2.4-.3.7-.2l8.8,5.1c1.2.7,2.7.7,3.9,0l8.8-5.1c.2-.1.5,0,.7.2.1.2,0,.5-.2.7l-8.8,5.1c-.8.4-1.6.7-2.5.7h0Z\"><\/path><\/svg><\/span>  damian.sprenger@definet.de<\/a><\/div>\n                  \t\n                \n           \n            \n              <div class=\"ue-grid-item-meta-data\"><a href=\"Helfmann-Park 8, 65760 Eschborn\"><span class=\"ue-grid-item-meta-data-icon\"><svg xmlns=\"http:\/\/www.w3.org\/2000\/svg\" id=\"Ebene_1\" viewBox=\"0 0 24 24\"><path d=\"M12,23.9c-.2,0-.4,0-.6-.2-1.5-1.1-8.9-7.2-8.9-13.7S6.6,0,12,0s9.5,4.3,9.5,10-7.4,12.5-8.9,13.7c-.2.1-.4.2-.6.2ZM12,1.1C7.2,1.1,3.5,4.9,3.5,10.1s7.1,11.8,8.5,12.9c1.4-1.1,8.5-6.9,8.5-12.9S16.8,1.1,12,1.1Z\"><\/path><path d=\"M12,15.1c-3,0-5.5-2.5-5.5-5.5s2.5-5.5,5.5-5.5,5.5,2.5,5.5,5.5-2.5,5.5-5.5,5.5ZM12,5.1c-2.5,0-4.5,2-4.5,4.5s2,4.5,4.5,4.5,4.5-2,4.5-4.5-2-4.5-4.5-4.5Z\"><\/path><\/svg><\/span>  Helfmann-Park 8, 65760 Eschborn<\/a><\/div>\n                  \n                \n           \n            \n                  \n                \n           \n            \t\n                  \n    \t\t\t\n      \n            \n  <\/div>\t\n      \t<div class=\"uc_post_text\"><\/div>\n            \n                            \n                                  \n     <\/div>                      \n                           \n \t<\/div>  <\/div>      \n        \n<\/div>\n\n\t\t<\/div>\n\t<\/div>\n\n\n\n<!-- end Post Grid -->\t\t\t\t<\/div>\n\t\t\t\t<\/div>\n\t\t\t\t\t<\/div>\n\t\t\t\t<\/div>\n\t\t\t\t<\/div>\n\t\t","protected":false},"excerpt":{"rendered":"<p>Immobiliardarlehen Ob Neubau, Kauf, Anschlussfinanzierung, Kapitalbeschaffung oder Modernisierung \u2013 wer eine passende Finanzierung sucht, braucht erfahrene Beratung. Ihre Kunden bekommen bei Ihnen eine umfassende und vor allem unabh\u00e4ngige Beratung, die nur jemand geben kann, der nicht f\u00fcr den Produktgeber arbeitet. Das DEFINET-KompetenzCenter f\u00fcr Finanzierung unterst\u00fctzt Ihre Vermittler bei einer unabh\u00e4ngigen und umfassenden Beratung. Als Direkteinreicher [&hellip;]<\/p>\n","protected":false},"author":1,"featured_media":23926,"parent":24010,"menu_order":0,"comment_status":"closed","ping_status":"closed","template":"","meta":{"_acf_changed":false,"footnotes":""},"folder":[1261],"class_list":["post-24030","page","type-page","status-publish","has-post-thumbnail","hentry"],"acf":[],"yoast_head":"<!-- This site is optimized with the Yoast SEO plugin v27.5 - https:\/\/yoast.com\/product\/yoast-seo-wordpress\/ -->\n<title>Finanzierung - gro\u00dfes Produktportfolio - DEFINET AG<\/title>\n<meta name=\"description\" content=\"Das DEFINET-KompetenzCenter f\u00fcr Finanzierung unterst\u00fctzt Ihre Vermittler bei einer unabh\u00e4ngigen und umfassenden Beratung.\" \/>\n<meta name=\"robots\" content=\"index, follow, max-snippet:-1, max-image-preview:large, max-video-preview:-1\" \/>\n<link rel=\"canonical\" href=\"https:\/\/definet.de\/nds-de\/definet-all-inclusive\/produkte\/finanzierung\/\" \/>\n<meta property=\"og:locale\" content=\"en_US\" \/>\n<meta property=\"og:type\" content=\"article\" \/>\n<meta property=\"og:title\" content=\"Finanzierung - gro\u00dfes Produktportfolio - DEFINET AG\" \/>\n<meta property=\"og:description\" content=\"Das DEFINET-KompetenzCenter f\u00fcr Finanzierung unterst\u00fctzt Ihre Vermittler bei einer unabh\u00e4ngigen und umfassenden Beratung.\" \/>\n<meta property=\"og:url\" content=\"https:\/\/definet.de\/nds-de\/definet-all-inclusive\/produkte\/finanzierung\/\" \/>\n<meta property=\"og:site_name\" content=\"DEFINET AG\" \/>\n<meta property=\"article:modified_time\" content=\"2025-05-26T14:10:23+00:00\" \/>\n<meta property=\"og:image\" content=\"https:\/\/definet.de\/wp-content\/uploads\/2025\/02\/finanzierung.jpg\" \/>\n\t<meta property=\"og:image:width\" content=\"1200\" \/>\n\t<meta property=\"og:image:height\" content=\"630\" \/>\n\t<meta property=\"og:image:type\" content=\"image\/jpeg\" \/>\n<meta name=\"twitter:card\" content=\"summary_large_image\" \/>\n<meta name=\"twitter:label1\" content=\"Gesch\u00e4tzte Lesezeit\" \/>\n\t<meta name=\"twitter:data1\" content=\"1\u00a0Minute\" \/>\n<script type=\"application\/ld+json\" class=\"yoast-schema-graph\">{\"@context\":\"https:\\\/\\\/schema.org\",\"@graph\":[{\"@type\":\"WebPage\",\"@id\":\"https:\\\/\\\/definet.de\\\/nds-de\\\/definet-all-inclusive\\\/produkte\\\/finanzierung\\\/\",\"url\":\"https:\\\/\\\/definet.de\\\/nds-de\\\/definet-all-inclusive\\\/produkte\\\/finanzierung\\\/\",\"name\":\"Finanzierung - gro\u00dfes Produktportfolio - DEFINET AG\",\"isPartOf\":{\"@id\":\"https:\\\/\\\/definet.de\\\/#website\"},\"primaryImageOfPage\":{\"@id\":\"https:\\\/\\\/definet.de\\\/nds-de\\\/definet-all-inclusive\\\/produkte\\\/finanzierung\\\/#primaryimage\"},\"image\":{\"@id\":\"https:\\\/\\\/definet.de\\\/nds-de\\\/definet-all-inclusive\\\/produkte\\\/finanzierung\\\/#primaryimage\"},\"thumbnailUrl\":\"https:\\\/\\\/definet.de\\\/wp-content\\\/uploads\\\/2025\\\/02\\\/finanzierung.jpg\",\"datePublished\":\"2020-01-07T08:54:40+00:00\",\"dateModified\":\"2025-05-26T14:10:23+00:00\",\"description\":\"Das DEFINET-KompetenzCenter f\u00fcr Finanzierung unterst\u00fctzt Ihre Vermittler bei einer unabh\u00e4ngigen und umfassenden Beratung.\",\"breadcrumb\":{\"@id\":\"https:\\\/\\\/definet.de\\\/nds-de\\\/definet-all-inclusive\\\/produkte\\\/finanzierung\\\/#breadcrumb\"},\"inLanguage\":\"de\",\"potentialAction\":[{\"@type\":\"ReadAction\",\"target\":[\"https:\\\/\\\/definet.de\\\/nds-de\\\/definet-all-inclusive\\\/produkte\\\/finanzierung\\\/\"]}]},{\"@type\":\"ImageObject\",\"inLanguage\":\"de\",\"@id\":\"https:\\\/\\\/definet.de\\\/nds-de\\\/definet-all-inclusive\\\/produkte\\\/finanzierung\\\/#primaryimage\",\"url\":\"https:\\\/\\\/definet.de\\\/wp-content\\\/uploads\\\/2025\\\/02\\\/finanzierung.jpg\",\"contentUrl\":\"https:\\\/\\\/definet.de\\\/wp-content\\\/uploads\\\/2025\\\/02\\\/finanzierung.jpg\",\"width\":1200,\"height\":630,\"caption\":\"DEFINET AG \u2013 Finanzierung\"},{\"@type\":\"BreadcrumbList\",\"@id\":\"https:\\\/\\\/definet.de\\\/nds-de\\\/definet-all-inclusive\\\/produkte\\\/finanzierung\\\/#breadcrumb\",\"itemListElement\":[{\"@type\":\"ListItem\",\"position\":1,\"name\":\"Startseite\",\"item\":\"https:\\\/\\\/definet.de\\\/nds-de\\\/home\\\/\"},{\"@type\":\"ListItem\",\"position\":2,\"name\":\"DEFINET All inclusive\",\"item\":\"https:\\\/\\\/definet.de\\\/nds-de\\\/definet-all-inclusive\\\/\"},{\"@type\":\"ListItem\",\"position\":3,\"name\":\"Produkte\",\"item\":\"https:\\\/\\\/definet.de\\\/nds-de\\\/definet-all-inclusive\\\/produkte\\\/\"},{\"@type\":\"ListItem\",\"position\":4,\"name\":\"Finanzierung\"}]},{\"@type\":\"WebSite\",\"@id\":\"https:\\\/\\\/definet.de\\\/#website\",\"url\":\"https:\\\/\\\/definet.de\\\/\",\"name\":\"Definet AG\",\"description\":\"Kompetenz. Mehrwert. Partnerschaft.\",\"publisher\":{\"@id\":\"https:\\\/\\\/definet.de\\\/#organization\"},\"potentialAction\":[{\"@type\":\"SearchAction\",\"target\":{\"@type\":\"EntryPoint\",\"urlTemplate\":\"https:\\\/\\\/definet.de\\\/?s={search_term_string}\"},\"query-input\":{\"@type\":\"PropertyValueSpecification\",\"valueRequired\":true,\"valueName\":\"search_term_string\"}}],\"inLanguage\":\"de\"},{\"@type\":\"Organization\",\"@id\":\"https:\\\/\\\/definet.de\\\/#organization\",\"name\":\"DEFINET AG\",\"url\":\"https:\\\/\\\/definet.de\\\/\",\"logo\":{\"@type\":\"ImageObject\",\"inLanguage\":\"de\",\"@id\":\"https:\\\/\\\/definet.de\\\/#\\\/schema\\\/logo\\\/image\\\/\",\"url\":\"https:\\\/\\\/definet.de\\\/wp-content\\\/uploads\\\/2020\\\/01\\\/Logo_Definet.png\",\"contentUrl\":\"https:\\\/\\\/definet.de\\\/wp-content\\\/uploads\\\/2020\\\/01\\\/Logo_Definet.png\",\"width\":2547,\"height\":567,\"caption\":\"DEFINET AG\"},\"image\":{\"@id\":\"https:\\\/\\\/definet.de\\\/#\\\/schema\\\/logo\\\/image\\\/\"},\"sameAs\":[\"https:\\\/\\\/www.linkedin.com\\\/company\\\/definetag\"]}]}<\/script>\n<!-- \/ Yoast SEO plugin. -->","yoast_head_json":{"title":"Finanzierung - gro\u00dfes Produktportfolio - DEFINET AG","description":"Das DEFINET-KompetenzCenter f\u00fcr Finanzierung unterst\u00fctzt Ihre Vermittler bei einer unabh\u00e4ngigen und umfassenden Beratung.","robots":{"index":"index","follow":"follow","max-snippet":"max-snippet:-1","max-image-preview":"max-image-preview:large","max-video-preview":"max-video-preview:-1"},"canonical":"https:\/\/definet.de\/nds-de\/definet-all-inclusive\/produkte\/finanzierung\/","og_locale":"en_US","og_type":"article","og_title":"Finanzierung - gro\u00dfes Produktportfolio - DEFINET AG","og_description":"Das DEFINET-KompetenzCenter f\u00fcr Finanzierung unterst\u00fctzt Ihre Vermittler bei einer unabh\u00e4ngigen und umfassenden Beratung.","og_url":"https:\/\/definet.de\/nds-de\/definet-all-inclusive\/produkte\/finanzierung\/","og_site_name":"DEFINET AG","article_modified_time":"2025-05-26T14:10:23+00:00","og_image":[{"width":1200,"height":630,"url":"https:\/\/definet.de\/wp-content\/uploads\/2025\/02\/finanzierung.jpg","type":"image\/jpeg"}],"twitter_card":"summary_large_image","twitter_misc":{"Gesch\u00e4tzte Lesezeit":"1\u00a0Minute"},"schema":{"@context":"https:\/\/schema.org","@graph":[{"@type":"WebPage","@id":"https:\/\/definet.de\/nds-de\/definet-all-inclusive\/produkte\/finanzierung\/","url":"https:\/\/definet.de\/nds-de\/definet-all-inclusive\/produkte\/finanzierung\/","name":"Finanzierung - gro\u00dfes Produktportfolio - DEFINET AG","isPartOf":{"@id":"https:\/\/definet.de\/#website"},"primaryImageOfPage":{"@id":"https:\/\/definet.de\/nds-de\/definet-all-inclusive\/produkte\/finanzierung\/#primaryimage"},"image":{"@id":"https:\/\/definet.de\/nds-de\/definet-all-inclusive\/produkte\/finanzierung\/#primaryimage"},"thumbnailUrl":"https:\/\/definet.de\/wp-content\/uploads\/2025\/02\/finanzierung.jpg","datePublished":"2020-01-07T08:54:40+00:00","dateModified":"2025-05-26T14:10:23+00:00","description":"Das DEFINET-KompetenzCenter f\u00fcr Finanzierung unterst\u00fctzt Ihre Vermittler bei einer unabh\u00e4ngigen und umfassenden Beratung.","breadcrumb":{"@id":"https:\/\/definet.de\/nds-de\/definet-all-inclusive\/produkte\/finanzierung\/#breadcrumb"},"inLanguage":"de","potentialAction":[{"@type":"ReadAction","target":["https:\/\/definet.de\/nds-de\/definet-all-inclusive\/produkte\/finanzierung\/"]}]},{"@type":"ImageObject","inLanguage":"de","@id":"https:\/\/definet.de\/nds-de\/definet-all-inclusive\/produkte\/finanzierung\/#primaryimage","url":"https:\/\/definet.de\/wp-content\/uploads\/2025\/02\/finanzierung.jpg","contentUrl":"https:\/\/definet.de\/wp-content\/uploads\/2025\/02\/finanzierung.jpg","width":1200,"height":630,"caption":"DEFINET AG \u2013 Finanzierung"},{"@type":"BreadcrumbList","@id":"https:\/\/definet.de\/nds-de\/definet-all-inclusive\/produkte\/finanzierung\/#breadcrumb","itemListElement":[{"@type":"ListItem","position":1,"name":"Startseite","item":"https:\/\/definet.de\/nds-de\/home\/"},{"@type":"ListItem","position":2,"name":"DEFINET All inclusive","item":"https:\/\/definet.de\/nds-de\/definet-all-inclusive\/"},{"@type":"ListItem","position":3,"name":"Produkte","item":"https:\/\/definet.de\/nds-de\/definet-all-inclusive\/produkte\/"},{"@type":"ListItem","position":4,"name":"Finanzierung"}]},{"@type":"WebSite","@id":"https:\/\/definet.de\/#website","url":"https:\/\/definet.de\/","name":"Definet AG","description":"Kompetenz. Mehrwert. Partnerschaft.","publisher":{"@id":"https:\/\/definet.de\/#organization"},"potentialAction":[{"@type":"SearchAction","target":{"@type":"EntryPoint","urlTemplate":"https:\/\/definet.de\/?s={search_term_string}"},"query-input":{"@type":"PropertyValueSpecification","valueRequired":true,"valueName":"search_term_string"}}],"inLanguage":"de"},{"@type":"Organization","@id":"https:\/\/definet.de\/#organization","name":"DEFINET AG","url":"https:\/\/definet.de\/","logo":{"@type":"ImageObject","inLanguage":"de","@id":"https:\/\/definet.de\/#\/schema\/logo\/image\/","url":"https:\/\/definet.de\/wp-content\/uploads\/2020\/01\/Logo_Definet.png","contentUrl":"https:\/\/definet.de\/wp-content\/uploads\/2020\/01\/Logo_Definet.png","width":2547,"height":567,"caption":"DEFINET AG"},"image":{"@id":"https:\/\/definet.de\/#\/schema\/logo\/image\/"},"sameAs":["https:\/\/www.linkedin.com\/company\/definetag"]}]}},"_links":{"self":[{"href":"https:\/\/definet.de\/nds-de\/wp-json\/wp\/v2\/pages\/24030","targetHints":{"allow":["GET"]}}],"collection":[{"href":"https:\/\/definet.de\/nds-de\/wp-json\/wp\/v2\/pages"}],"about":[{"href":"https:\/\/definet.de\/nds-de\/wp-json\/wp\/v2\/types\/page"}],"author":[{"embeddable":true,"href":"https:\/\/definet.de\/nds-de\/wp-json\/wp\/v2\/users\/1"}],"replies":[{"embeddable":true,"href":"https:\/\/definet.de\/nds-de\/wp-json\/wp\/v2\/comments?post=24030"}],"version-history":[{"count":1,"href":"https:\/\/definet.de\/nds-de\/wp-json\/wp\/v2\/pages\/24030\/revisions"}],"predecessor-version":[{"id":24031,"href":"https:\/\/definet.de\/nds-de\/wp-json\/wp\/v2\/pages\/24030\/revisions\/24031"}],"up":[{"embeddable":true,"href":"https:\/\/definet.de\/nds-de\/wp-json\/wp\/v2\/pages\/24010"}],"wp:featuredmedia":[{"embeddable":true,"href":"https:\/\/definet.de\/nds-de\/wp-json\/wp\/v2\/media\/23926"}],"wp:attachment":[{"href":"https:\/\/definet.de\/nds-de\/wp-json\/wp\/v2\/media?parent=24030"}],"wp:term":[{"taxonomy":"folder","embeddable":true,"href":"https:\/\/definet.de\/nds-de\/wp-json\/wp\/v2\/folder?post=24030"}],"curies":[{"name":"wp","href":"https:\/\/api.w.org\/{rel}","templated":true}]}}