{"id":24032,"date":"2020-01-07T18:37:49","date_gmt":"2020-01-07T17:37:49","guid":{"rendered":"https:\/\/definet.de\/marketing\/"},"modified":"2025-05-27T14:29:09","modified_gmt":"2025-05-27T12:29:09","slug":"marketing","status":"publish","type":"page","link":"https:\/\/definet.de\/nds-de\/definet-all-inclusive\/marketing\/","title":{"rendered":"Marketing"},"content":{"rendered":"\t\t<div data-elementor-type=\"wp-page\" data-elementor-id=\"24032\" class=\"elementor elementor-24032 elementor-612\" data-elementor-post-type=\"page\">\n\t\t\t\t<div class=\"elementor-element elementor-element-9f3280a e-flex e-con-boxed e-con e-parent\" data-id=\"9f3280a\" data-element_type=\"container\" data-e-type=\"container\">\n\t\t\t\t\t<div class=\"e-con-inner\">\n\t\t\t\t<div class=\"elementor-element elementor-element-8c2d0fc elementor-widget__width-initial content-box-primary elementor-widget-mobile_extra__width-inherit elementor-widget elementor-widget-text-editor\" data-id=\"8c2d0fc\" data-element_type=\"widget\" data-e-type=\"widget\" data-widget_type=\"text-editor.default\">\n\t\t\t\t<div class=\"elementor-widget-container\">\n\t\t\t\t\t\t\t\t\t<h2>Strategische Beratung<\/h2>\n<p>Wir sind Marketingprofis. Wir helfen Ihnen, neue Ideen f\u00fcr Ihr Beratungsgesch\u00e4ft zu entwickeln.<br>Wir gestalten das Erscheinungsbild Ihrer Marke oder Ihres Unternehmens.<br>Dazu geh\u00f6ren Logo und Styleguide.<br>Nutzen Sie unser Wissen in der Pressearbeit, Mediaplanung und bei Werbeagenturen.  <\/p>\t\t\t\t\t\t\t\t<\/div>\n\t\t\t\t<\/div>\n\t\t\t\t<div class=\"elementor-element elementor-element-c1c0259 elementor-widget__width-initial elementor-widget-mobile_extra__width-inherit elementor-widget elementor-widget-text-editor\" data-id=\"c1c0259\" data-element_type=\"widget\" data-e-type=\"widget\" data-settings=\"{&quot;motion_fx_motion_fx_scrolling&quot;:&quot;yes&quot;,&quot;motion_fx_translateY_effect&quot;:&quot;yes&quot;,&quot;motion_fx_translateY_speed&quot;:{&quot;unit&quot;:&quot;px&quot;,&quot;size&quot;:1,&quot;sizes&quot;:[]},&quot;motion_fx_devices&quot;:[&quot;widescreen&quot;,&quot;desktop&quot;,&quot;laptop&quot;,&quot;tablet_extra&quot;,&quot;tablet&quot;],&quot;motion_fx_range&quot;:&quot;viewport&quot;,&quot;motion_fx_translateY_affectedRange&quot;:{&quot;unit&quot;:&quot;%&quot;,&quot;size&quot;:&quot;&quot;,&quot;sizes&quot;:{&quot;start&quot;:0,&quot;end&quot;:100}}}\" data-widget_type=\"text-editor.default\">\n\t\t\t\t<div class=\"elementor-widget-container\">\n\t\t\t\t\t\t\t\t\t<h2>Print-Marketing<\/h2><p>Hochwertige Printmedien sind auch heute wichtig.<br>Sie sind ein gutes Kommunikationsmittel und Werbeprodukt.<br>Gemeinsame Marketing-Ma\u00dfnahmen im Off- und Online-Bereich sind am effektivsten.<br>Wir erstellen Ihre Printprodukte mit passenden Bildern und klaren Inhalten.<br>Vom ersten Briefing bis zum individuellen Design beraten wir Sie zu Konzept, Textwahl, Logo-Entwicklung und<br>Corporate Design.   <\/p><p>Wir bereiten auch Gesch\u00e4ftsmaterialien f\u00fcr Sie vor.<br>Dazu geh\u00f6ren einheitliche Gesch\u00e4ftspapiere, Umschl\u00e4ge, Visitenkarten, Brosch\u00fcren und Gesch\u00e4ftsberichte.<br>Nutzen Sie unsere Designleistungen wie Illustration, Grafikerstellung, Bildbearbeitung und Druckveredelung.<br>Wir helfen Ihnen bei der Planung und Beschaffung von Werbemitteln wie Plakaten, Au\u00dfenwerbung, Anzeigen,<br>Flyern, Einladungen sowie Direktwerbesendungen. <\/p>\t\t\t\t\t\t\t\t<\/div>\n\t\t\t\t<\/div>\n\t\t\t\t<div class=\"elementor-element elementor-element-c47a36c elementor-widget__width-inherit elementor-widget elementor-widget-text-editor\" data-id=\"c47a36c\" data-element_type=\"widget\" data-e-type=\"widget\" data-widget_type=\"text-editor.default\">\n\t\t\t\t<div class=\"elementor-widget-container\">\n\t\t\t\t\t\t\t\t\t<h2>Online-Marketing<\/h2><p>DEFINET bietet kreative L\u00f6sungen f\u00fcr digitale Kommunikation.<br>Wir helfen Ihnen dabei, Ihre digitale Reichweite zu vergr\u00f6\u00dfern.<br>Dazu geh\u00f6ren Websites sowie Trailer. <\/p><p>Wir unterst\u00fctzen Sie bei Strategieentwicklung sowie Webdesign.<br>Wir haben viel Wissen \u00fcber Werbung.<\/p><p>Wenn Sie Ihre Kunden regelm\u00e4\u00dfig per E-Mail informieren m\u00f6chten,<br>helfen wir Ihnen bei der Planung sowie dem Versand von Newslettern.<br>Um Ihre Vermittler mit wichtigen Materialien zu versorgen,<br>kann DEFINET einen Webshop einrichten.<\/p><p>Dieser Webshop wird an die Bed\u00fcrfnisse Ihrer Kunden angepasst.<\/p>\t\t\t\t\t\t\t\t<\/div>\n\t\t\t\t<\/div>\n\t\t\t\t<div class=\"elementor-element elementor-element-90c84c9 elementor-widget elementor-widget-text-editor\" data-id=\"90c84c9\" data-element_type=\"widget\" data-e-type=\"widget\" data-widget_type=\"text-editor.default\">\n\t\t\t\t<div class=\"elementor-widget-container\">\n\t\t\t\t\t\t\t\t\t<h3>Haben Sie Fragen zum Thema? Dann wenden Sie sich direkt an Ihren Ansprechpartner! <\/h3>\t\t\t\t\t\t\t\t<\/div>\n\t\t\t\t<\/div>\n\t\t\t\t<div class=\"elementor-element elementor-element-edefb1f ansprechpartner elementor-widget elementor-widget-ucaddon_post_grid\" data-id=\"edefb1f\" data-element_type=\"widget\" data-e-type=\"widget\" data-widget_type=\"ucaddon_post_grid.default\">\n\t\t\t\t<div class=\"elementor-widget-container\">\n\t\t\t\t\t\n<!-- start Post Grid -->\n<style>\/* widget: Post Grid *\/\n\n\n\n#uc_post_grid_elementor_edefb1f{\n  min-height: 1px;\n}\n\n#uc_post_grid_elementor_edefb1f.uc_post_grid_style_one .uc_post_grid_style_one_wrap {\n   display:grid;\n}\n\n\n#uc_post_grid_elementor_edefb1f .uc_post_grid_style_one_item{\n  position:relative;\n}\n\n#uc_post_grid_elementor_edefb1f .uc_post_image{\n  transition:0.3s;\n  position:relative;\n  overflow:hidden;\n}\n\n#uc_post_grid_elementor_edefb1f .uc_post_image img{\n  width:100%;\n  display:block;\n  transition:0.3s;\n}\n\n\t\n\n#uc_post_grid_elementor_edefb1f .uc_post_image_overlay{\n  position:absolute;\n  top:0px;\n  left:0px;\n  height:100%;\n  width:100%;\n  transition:0.3s;\n}\n\n#uc_post_grid_elementor_edefb1f .uc_more_btn-custom-field{\n  display:inline-block;\n  text-align:center;\n  text-decoration:none;\n  transition:0.3s;\n}\n\n#uc_post_grid_elementor_edefb1f .uc_more_btn{\n  display:inline-block;\n  text-align:center;\n  text-decoration:none;\n  transition:0.3s;\n}\n\n.ue-grid-item-category a{\n  display:inline-block;\n  font-size:10px;\n  position: relative;\n  z-index: 1;\n}\n\n\n.uc_post_title{\n  font-size:21px;\n}\n\n\n\n\n\n\n\n\n\n\t#uc_post_grid_elementor_edefb1f .uc_post_grid_style_one_item{\n      display:flex;\n    }\n\n\t#uc_post_grid_elementor_edefb1f .uc_content{\n      display:flex;\n      justify-content:center;\n      flex-direction:column;\n    }\n\n    #uc_post_grid_elementor_edefb1f .uc_content{\n      flex-shrink:0;\n      flex-grow:0;\n    }\n\n    #uc_post_grid_elementor_edefb1f .uc_post_grid_style_one_image{\n      flex-grow:1;\n      display: flex;      \n    }\n\t\n\n\n\n\n\n\n#uc_post_grid_elementor_edefb1f .ue-meta-data{  \n  display:flex !important;\n  flex-wrap: wrap;\n  line-height:1em;\n}\n\n#uc_post_grid_elementor_edefb1f .ue-grid-item-meta-data{\n  display:inline-flex;\n  align-items:center;\n}\n\n#uc_post_grid_elementor_edefb1f .ue-grid-item-meta-data a{\n  color:inherit;\n}\n\n.ue-grid-item-meta-data{\n  font-size:12px;\n}\n\n#uc_post_grid_elementor_edefb1f .ue-grid-item-meta-data-icon{\n  line-height:1em;\n}\n\n#uc_post_grid_elementor_edefb1f .ue-grid-item-meta-data-icon svg{\n  width:1em;\n  height:1em;\n}\n\n#uc_post_grid_elementor_edefb1f .ue-debug-meta{\n  padding:10px;\n  border:1px solid red;\n  position:relative;\n  line-height:1.5em;\n  font-size:11px;\n  width:100%;\n}\n\n#uc_post_grid_elementor_edefb1f .uc_btn_inner{\n  display:inline-flex;\n  align-items:center;\n  pointer-events:none;\n}\n\n#uc_post_grid_elementor_edefb1f .uc_btn_inner svg{\n  width:1em;\n  height:1em;\n}\n#uc_post_grid_elementor_edefb1f .ue_p_title{\n  pointer-events:none;\n}\n\n\n#uc_post_grid_elementor_edefb1f .uc_content_inner{\n  width: 100%;\n}\n\n\n#uc_post_grid_elementor_edefb1f_item1 [href=\"javascript:void(0)\"]{\n  cursor: unset;\n}\n\n\n<\/style>\n\n<div class=\"uc_post_grid_style_one \" id=\"uc_post_grid_elementor_edefb1f\"  >\n\t\t<div class=\"uc_post_grid_style_one_wrap ue_post_grid uc-items-wrapper\">\n\t\t\t\n\n\n\n<div id=\"uc_post_grid_elementor_edefb1f_item1\" class=\"uc_post_grid_style_one_item ue_post_grid_item ue-item \">\n  \n      <a class=\"uc_post_grid_style_one_image \" href='javascript:void(0)' target=\"_self\">\n     <div class=\"uc_post_image\">\n       <img fetchpriority=\"high\" decoding=\"async\" src=\"https:\/\/definet.de\/wp-content\/uploads\/2023\/09\/joerg-roeckinghausen.jpg\"  src=\"https:\/\/definet.de\/wp-content\/uploads\/2023\/09\/joerg-roeckinghausen.jpg\" alt=\"Vorstand DEFINET AG \u2013 J\u00f6rg R\u00f6ckinghausen\" width=\"1620\" height=\"1080\">\n       <div class=\"uc_post_image_overlay\"><\/div>\n     <\/div>\n    <\/a>\n   \n  <div class=\"uc_content\">\n    <div class=\"uc_content_inner\">\n      <div class=\"uc_content-info-wrapper\" >\n        \n       \n              \n\n            \t\t\t<div class=\"uc_post_title\"><a class=\"\" href='javascript:void(0)' target=\"_self\"><div class=\"ue_p_title\">J\u00f6rg R\u00f6ckinghausen<\/div><\/a><\/div>\n      \t\n         \n  <div class=\"uc_post_text_custom_field\">Produkte, Marketing, Akademie, Beratungsprozesse<\/div>\n                \n       \n        <div class=\"ue-meta-data\">\n            \n                \t    \n                \n        \n\t\n           \n          \t\t\n      \t\t\t\t\n\t  \t\t<div class=\"ue-grid-item-meta-data\"><a href=\"tel:+49 6196 5868 205\"><span class=\"ue-grid-item-meta-data-icon\"><svg xmlns=\"http:\/\/www.w3.org\/2000\/svg\" id=\"Ebene_1\" viewBox=\"0 0 24 24\"><path d=\"M18.5,23.5c-.8,0-1.5-.2-2.2-.7C10.3,18.8,5.2,13.7,1.2,7.7.1,6.1.3,4,1.7,2.7l1.3-1.3C4.1.2,5.9.2,7,1.3l2.5,2.5c1.1,1.1,1.1,2.9,0,4l-.5.5c2.1,2.5,4.3,4.7,6.8,6.8l.5-.5c.5-.5,1.2-.8,2-.8h0c.8,0,1.5.3,2,.8l2.5,2.5c.5.5.8,1.2.8,2s-.3,1.5-.8,2l-1.3,1.3c-.8.8-1.8,1.2-2.8,1.2ZM5,1.5c-.5,0-.9.2-1.3.5l-1.3,1.3c-1,1-1.2,2.6-.4,3.7,3.9,5.9,9,10.9,14.9,14.9,1.2.8,2.7.6,3.7-.4l1.3-1.3c.3-.3.5-.8.5-1.3s-.2-.9-.5-1.3l-2.5-2.5c-.3-.3-.8-.5-1.3-.5h0c-.5,0-.9.2-1.3.5l-.8.8c-.2.2-.5.2-.7,0-2.8-2.3-5.3-4.8-7.6-7.6-.2-.2-.1-.5,0-.7l.8-.8h0c.7-.7.7-1.9,0-2.6l-2.5-2.4c-.4-.4-.8-.5-1.3-.5Z\"><\/path><\/svg><\/span>  +49 6196 5868 205<\/a><\/div>\n      \t\t\t\t\n                \n           \n          \t\t\n      \t\t\t\t\n              <div class=\"ue-grid-item-meta-data\"><a href=\"mailto:joerg.roeckinghausen@definet.de\"><span class=\"ue-grid-item-meta-data-icon\"><svg xmlns=\"http:\/\/www.w3.org\/2000\/svg\" xmlns:xlink=\"http:\/\/www.w3.org\/1999\/xlink\" id=\"Light\" viewBox=\"0 0 24 24\"><path d=\"M20.8,22.4H3.2c-.9,0-2.7-.6-2.7-2.7v-11c0-.9.6-2.7,2.7-2.7h17.6c.9,0,2.7.6,2.7,2.7v11c0,.9-.6,2.7-2.7,2.7ZM3.2,7c-1.6,0-1.7,1.5-1.7,1.7v11c0,1.6,1.5,1.7,1.7,1.7h17.6c1.6,0,1.7-1.5,1.7-1.7v-11c0-1.6-1.5-1.7-1.7-1.7,0,0-17.6,0-17.6,0Z\"><\/path><path d=\"M12,16c-.8,0-1.7-.2-2.4-.7L.7,10.2c-.2-.1-.3-.4-.2-.7.1-.2.4-.3.7-.2l8.8,5.1c1.2.7,2.7.7,3.9,0l8.8-5.1c.2-.1.5,0,.7.2.1.2,0,.5-.2.7l-8.8,5.1c-.8.4-1.6.7-2.5.7h0Z\"><\/path><\/svg><\/span>  joerg.roeckinghausen@definet.de<\/a><\/div>\n                  \t\n                \n           \n            \n              <div class=\"ue-grid-item-meta-data\"><a href=\"Helfmann-Park 8, 65760 Eschborn\"><span class=\"ue-grid-item-meta-data-icon\"><svg xmlns=\"http:\/\/www.w3.org\/2000\/svg\" id=\"Ebene_1\" viewBox=\"0 0 24 24\"><path d=\"M12,23.9c-.2,0-.4,0-.6-.2-1.5-1.1-8.9-7.2-8.9-13.7S6.6,0,12,0s9.5,4.3,9.5,10-7.4,12.5-8.9,13.7c-.2.1-.4.2-.6.2ZM12,1.1C7.2,1.1,3.5,4.9,3.5,10.1s7.1,11.8,8.5,12.9c1.4-1.1,8.5-6.9,8.5-12.9S16.8,1.1,12,1.1Z\"><\/path><path d=\"M12,15.1c-3,0-5.5-2.5-5.5-5.5s2.5-5.5,5.5-5.5,5.5,2.5,5.5,5.5-2.5,5.5-5.5,5.5ZM12,5.1c-2.5,0-4.5,2-4.5,4.5s2,4.5,4.5,4.5,4.5-2,4.5-4.5-2-4.5-4.5-4.5Z\"><\/path><\/svg><\/span>  Helfmann-Park 8, 65760 Eschborn<\/a><\/div>\n                  \n                \n           \n            \n              <div class=\"ue-grid-item-meta-data\"><a href=\"https:\/\/www.linkedin.com\/in\/j%C3%B6rg-r%C3%B6ckinghausen-53bb1693\/\"><span class=\"ue-grid-item-meta-data-icon\"><svg xmlns=\"http:\/\/www.w3.org\/2000\/svg\" id=\"Ebene_1\" viewBox=\"0 0 24 24\"><path d=\"M22.5,23h-5c-.3,0-.5-.2-.5-.5v-7c0-.8-.7-1.5-1.5-1.5s-1.5.7-1.5,1.5v7c0,.3-.2.5-.5.5h-5c-.3,0-.5-.2-.5-.5v-13c0-.3.2-.5.5-.5h5c.3,0,.5.2.5.5v.5c1-.6,2.2-1,3.5-1,3.4,0,5.5,2.6,5.5,6.9v6.7c0,.3-.2.5-.5.5ZM18,22h4v-6.2c0-3.7-1.7-5.9-4.5-5.9-1.3,0-2.6.5-3.7,1.4-.1.1-.4.2-.5,0-.2,0-.3-.3-.3-.5v-1h-4v12h4v-6.5c0-1.4,1.1-2.5,2.5-2.5s2.5,1.1,2.5,2.5v6.5ZM6.5,23H1.5c-.3,0-.5-.2-.5-.5v-13c0-.3.2-.5.5-.5h5c.3,0,.5.2.5.5v13c0,.3-.2.5-.5.5ZM2,22h4v-12H2v12ZM4,8c-1.7,0-3-1.3-3-3s1.3-3,3-3,3,1.3,3,3-1.3,3-3,3ZM4,3c-1.1,0-2,.9-2,2s.9,2,2,2,2-.9,2-2-.9-2-2-2Z\"><\/path><\/svg><\/span><\/a> <\/div>\n                  \n                \n           \n            \t\n              <div class=\"ue-grid-item-meta-data\"><a href=\"https:\/\/www.xing.com\/profile\/Joerg_Roeckinghausen\"><span class=\"ue-grid-item-meta-data-icon\"><svg xmlns=\"http:\/\/www.w3.org\/2000\/svg\" id=\"Ebene_1\" viewBox=\"0 0 24 24\"><path d=\"M5.6,17H.5c-.2,0-.3,0-.4-.3,0-.2,0-.4,0-.5l3.8-6.3L1.1,4.7c0-.2,0-.3,0-.5,0-.2.3-.2.4-.2h5.1c.2,0,.4,0,.4.3l3,5.5c0,.2,0,.3,0,.5l-4,6.5c0,.1-.3.2-.4.2ZM1.4,16h3.9l3.7-6.1-2.7-4.9h-3.9l2.6,4.7c0,.2,0,.3,0,.5l-3.5,5.8Z\"><\/path><path d=\"M20.7,24h-5.4c-.2,0-.3,0-.4-.3l-5.1-9c0-.2,0-.3,0-.5L17.7.3c0-.2.3-.3.4-.3h5.4c.2,0,.3,0,.4.2,0,.2,0,.3,0,.5l-7.8,13.7,5,8.8c0,.2,0,.3,0,.5,0,.2-.3.2-.4.2ZM15.6,23h4.2l-4.7-8.3c0-.2,0-.3,0-.5L22.6,1h-4.2l-7.7,13.5,4.9,8.5Z\"><\/path><\/svg><\/span><\/a> <\/div>\n                  \n    \t\t\t\n      \n            \n  <\/div>\t\n      \t<div class=\"uc_post_text\"><\/div>\n            \n                            \n                                  \n     <\/div>                      \n                           \n \t<\/div>  <\/div>      \n        \n<\/div>\n\n\t\t<\/div>\n\t<\/div>\n\n\n\n<!-- end Post Grid -->\t\t\t\t<\/div>\n\t\t\t\t<\/div>\n\t\t\t\t\t<\/div>\n\t\t\t\t<\/div>\n\t\t\t\t<\/div>\n\t\t","protected":false},"excerpt":{"rendered":"<p>Strategische Beratung Wir sind Marketingprofis. Wir helfen Ihnen, neue Ideen f\u00fcr Ihr Beratungsgesch\u00e4ft zu entwickeln.Wir gestalten das Erscheinungsbild Ihrer Marke oder Ihres Unternehmens.Dazu geh\u00f6ren Logo und Styleguide.Nutzen Sie unser Wissen in der Pressearbeit, Mediaplanung und bei Werbeagenturen. Print-Marketing Hochwertige Printmedien sind auch heute wichtig.Sie sind ein gutes Kommunikationsmittel und Werbeprodukt.Gemeinsame Marketing-Ma\u00dfnahmen im Off- und Online-Bereich [&hellip;]<\/p>\n","protected":false},"author":1,"featured_media":23932,"parent":24087,"menu_order":0,"comment_status":"closed","ping_status":"closed","template":"","meta":{"_acf_changed":false,"footnotes":""},"folder":[1261],"class_list":["post-24032","page","type-page","status-publish","has-post-thumbnail","hentry"],"acf":[],"yoast_head":"<!-- This site is optimized with the Yoast SEO plugin v27.5 - https:\/\/yoast.com\/product\/yoast-seo-wordpress\/ -->\n<title>Marketing Support in allen Kernkompetenzen - DEFINET AG<\/title>\n<meta name=\"description\" content=\"Als auf die Branche spezialisierte Marketingprofis unterst\u00fctzen wir Sie aktiv bei der Entwicklung neuer strategischer Ans\u00e4tze f\u00fcr Ihr Beratungsgesch\u00e4ft.\" \/>\n<meta name=\"robots\" content=\"index, follow, max-snippet:-1, max-image-preview:large, max-video-preview:-1\" \/>\n<link rel=\"canonical\" href=\"https:\/\/definet.de\/nds-de\/definet-all-inclusive\/marketing\/\" \/>\n<meta property=\"og:locale\" content=\"en_US\" \/>\n<meta property=\"og:type\" content=\"article\" \/>\n<meta property=\"og:title\" content=\"Marketing - Support - Definet AG\" \/>\n<meta property=\"og:description\" content=\"Als auf die Branche spezialisierte Marketingprofis unterst\u00fctzen wir Sie aktiv bei der Entwicklung neuer strategischer Ans\u00e4tze f\u00fcr Ihr Beratungsgesch\u00e4ft und unterst\u00fctzen Sie hinsichtlich Print- und Online-Marketing.\" \/>\n<meta property=\"og:url\" content=\"https:\/\/definet.de\/nds-de\/definet-all-inclusive\/marketing\/\" \/>\n<meta property=\"og:site_name\" content=\"DEFINET AG\" \/>\n<meta property=\"article:modified_time\" content=\"2025-05-27T12:29:09+00:00\" \/>\n<meta property=\"og:image\" content=\"https:\/\/definet.de\/wp-content\/uploads\/2020\/01\/marketing.jpg\" \/>\n<meta name=\"twitter:card\" content=\"summary_large_image\" \/>\n<meta name=\"twitter:title\" content=\"Marketing - Support - Definet AG\" \/>\n<meta name=\"twitter:description\" content=\"Als auf die Branche spezialisierte Marketingprofis unterst\u00fctzen wir Sie aktiv bei der Entwicklung neuer strategischer Ans\u00e4tze f\u00fcr Ihr Beratungsgesch\u00e4ft und unterst\u00fctzen Sie hinsichtlich Print- und Online-Marketing.\" \/>\n<meta name=\"twitter:label1\" content=\"Gesch\u00e4tzte Lesezeit\" \/>\n\t<meta name=\"twitter:data1\" content=\"1\u00a0Minute\" \/>\n<script type=\"application\/ld+json\" class=\"yoast-schema-graph\">{\"@context\":\"https:\\\/\\\/schema.org\",\"@graph\":[{\"@type\":\"WebPage\",\"@id\":\"https:\\\/\\\/definet.de\\\/nds-de\\\/definet-all-inclusive\\\/marketing\\\/\",\"url\":\"https:\\\/\\\/definet.de\\\/nds-de\\\/definet-all-inclusive\\\/marketing\\\/\",\"name\":\"Marketing Support in allen Kernkompetenzen - DEFINET AG\",\"isPartOf\":{\"@id\":\"https:\\\/\\\/definet.de\\\/#website\"},\"primaryImageOfPage\":{\"@id\":\"https:\\\/\\\/definet.de\\\/nds-de\\\/definet-all-inclusive\\\/marketing\\\/#primaryimage\"},\"image\":{\"@id\":\"https:\\\/\\\/definet.de\\\/nds-de\\\/definet-all-inclusive\\\/marketing\\\/#primaryimage\"},\"thumbnailUrl\":\"https:\\\/\\\/definet.de\\\/wp-content\\\/uploads\\\/2025\\\/02\\\/marketing.jpg\",\"datePublished\":\"2020-01-07T17:37:49+00:00\",\"dateModified\":\"2025-05-27T12:29:09+00:00\",\"description\":\"Als auf die Branche spezialisierte Marketingprofis unterst\u00fctzen wir Sie aktiv bei der Entwicklung neuer strategischer Ans\u00e4tze f\u00fcr Ihr Beratungsgesch\u00e4ft.\",\"breadcrumb\":{\"@id\":\"https:\\\/\\\/definet.de\\\/nds-de\\\/definet-all-inclusive\\\/marketing\\\/#breadcrumb\"},\"inLanguage\":\"de\",\"potentialAction\":[{\"@type\":\"ReadAction\",\"target\":[\"https:\\\/\\\/definet.de\\\/nds-de\\\/definet-all-inclusive\\\/marketing\\\/\"]}]},{\"@type\":\"ImageObject\",\"inLanguage\":\"de\",\"@id\":\"https:\\\/\\\/definet.de\\\/nds-de\\\/definet-all-inclusive\\\/marketing\\\/#primaryimage\",\"url\":\"https:\\\/\\\/definet.de\\\/wp-content\\\/uploads\\\/2025\\\/02\\\/marketing.jpg\",\"contentUrl\":\"https:\\\/\\\/definet.de\\\/wp-content\\\/uploads\\\/2025\\\/02\\\/marketing.jpg\",\"width\":1200,\"height\":630,\"caption\":\"DEFINET AG \u2013 Marketing\"},{\"@type\":\"BreadcrumbList\",\"@id\":\"https:\\\/\\\/definet.de\\\/nds-de\\\/definet-all-inclusive\\\/marketing\\\/#breadcrumb\",\"itemListElement\":[{\"@type\":\"ListItem\",\"position\":1,\"name\":\"Startseite\",\"item\":\"https:\\\/\\\/definet.de\\\/nds-de\\\/home\\\/\"},{\"@type\":\"ListItem\",\"position\":2,\"name\":\"DEFINET All inclusive\",\"item\":\"https:\\\/\\\/definet.de\\\/nds-de\\\/definet-all-inclusive\\\/\"},{\"@type\":\"ListItem\",\"position\":3,\"name\":\"Marketing\"}]},{\"@type\":\"WebSite\",\"@id\":\"https:\\\/\\\/definet.de\\\/#website\",\"url\":\"https:\\\/\\\/definet.de\\\/\",\"name\":\"Definet AG\",\"description\":\"Kompetenz. Mehrwert. Partnerschaft.\",\"publisher\":{\"@id\":\"https:\\\/\\\/definet.de\\\/#organization\"},\"potentialAction\":[{\"@type\":\"SearchAction\",\"target\":{\"@type\":\"EntryPoint\",\"urlTemplate\":\"https:\\\/\\\/definet.de\\\/?s={search_term_string}\"},\"query-input\":{\"@type\":\"PropertyValueSpecification\",\"valueRequired\":true,\"valueName\":\"search_term_string\"}}],\"inLanguage\":\"de\"},{\"@type\":\"Organization\",\"@id\":\"https:\\\/\\\/definet.de\\\/#organization\",\"name\":\"DEFINET AG\",\"url\":\"https:\\\/\\\/definet.de\\\/\",\"logo\":{\"@type\":\"ImageObject\",\"inLanguage\":\"de\",\"@id\":\"https:\\\/\\\/definet.de\\\/#\\\/schema\\\/logo\\\/image\\\/\",\"url\":\"https:\\\/\\\/definet.de\\\/wp-content\\\/uploads\\\/2020\\\/01\\\/Logo_Definet.png\",\"contentUrl\":\"https:\\\/\\\/definet.de\\\/wp-content\\\/uploads\\\/2020\\\/01\\\/Logo_Definet.png\",\"width\":2547,\"height\":567,\"caption\":\"DEFINET AG\"},\"image\":{\"@id\":\"https:\\\/\\\/definet.de\\\/#\\\/schema\\\/logo\\\/image\\\/\"},\"sameAs\":[\"https:\\\/\\\/www.linkedin.com\\\/company\\\/definetag\"]}]}<\/script>\n<!-- \/ Yoast SEO plugin. -->","yoast_head_json":{"title":"Marketing Support in allen Kernkompetenzen - DEFINET AG","description":"Als auf die Branche spezialisierte Marketingprofis unterst\u00fctzen wir Sie aktiv bei der Entwicklung neuer strategischer Ans\u00e4tze f\u00fcr Ihr Beratungsgesch\u00e4ft.","robots":{"index":"index","follow":"follow","max-snippet":"max-snippet:-1","max-image-preview":"max-image-preview:large","max-video-preview":"max-video-preview:-1"},"canonical":"https:\/\/definet.de\/nds-de\/definet-all-inclusive\/marketing\/","og_locale":"en_US","og_type":"article","og_title":"Marketing - Support - Definet AG","og_description":"Als auf die Branche spezialisierte Marketingprofis unterst\u00fctzen wir Sie aktiv bei der Entwicklung neuer strategischer Ans\u00e4tze f\u00fcr Ihr Beratungsgesch\u00e4ft und unterst\u00fctzen Sie hinsichtlich Print- und Online-Marketing.","og_url":"https:\/\/definet.de\/nds-de\/definet-all-inclusive\/marketing\/","og_site_name":"DEFINET AG","article_modified_time":"2025-05-27T12:29:09+00:00","og_image":[{"url":"https:\/\/definet.de\/wp-content\/uploads\/2020\/01\/marketing.jpg","type":"","width":"","height":""}],"twitter_card":"summary_large_image","twitter_title":"Marketing - Support - Definet AG","twitter_description":"Als auf die Branche spezialisierte Marketingprofis unterst\u00fctzen wir Sie aktiv bei der Entwicklung neuer strategischer Ans\u00e4tze f\u00fcr Ihr Beratungsgesch\u00e4ft und unterst\u00fctzen Sie hinsichtlich Print- und Online-Marketing.","twitter_misc":{"Gesch\u00e4tzte Lesezeit":"1\u00a0Minute"},"schema":{"@context":"https:\/\/schema.org","@graph":[{"@type":"WebPage","@id":"https:\/\/definet.de\/nds-de\/definet-all-inclusive\/marketing\/","url":"https:\/\/definet.de\/nds-de\/definet-all-inclusive\/marketing\/","name":"Marketing Support in allen Kernkompetenzen - DEFINET AG","isPartOf":{"@id":"https:\/\/definet.de\/#website"},"primaryImageOfPage":{"@id":"https:\/\/definet.de\/nds-de\/definet-all-inclusive\/marketing\/#primaryimage"},"image":{"@id":"https:\/\/definet.de\/nds-de\/definet-all-inclusive\/marketing\/#primaryimage"},"thumbnailUrl":"https:\/\/definet.de\/wp-content\/uploads\/2025\/02\/marketing.jpg","datePublished":"2020-01-07T17:37:49+00:00","dateModified":"2025-05-27T12:29:09+00:00","description":"Als auf die Branche spezialisierte Marketingprofis unterst\u00fctzen wir Sie aktiv bei der Entwicklung neuer strategischer Ans\u00e4tze f\u00fcr Ihr Beratungsgesch\u00e4ft.","breadcrumb":{"@id":"https:\/\/definet.de\/nds-de\/definet-all-inclusive\/marketing\/#breadcrumb"},"inLanguage":"de","potentialAction":[{"@type":"ReadAction","target":["https:\/\/definet.de\/nds-de\/definet-all-inclusive\/marketing\/"]}]},{"@type":"ImageObject","inLanguage":"de","@id":"https:\/\/definet.de\/nds-de\/definet-all-inclusive\/marketing\/#primaryimage","url":"https:\/\/definet.de\/wp-content\/uploads\/2025\/02\/marketing.jpg","contentUrl":"https:\/\/definet.de\/wp-content\/uploads\/2025\/02\/marketing.jpg","width":1200,"height":630,"caption":"DEFINET AG \u2013 Marketing"},{"@type":"BreadcrumbList","@id":"https:\/\/definet.de\/nds-de\/definet-all-inclusive\/marketing\/#breadcrumb","itemListElement":[{"@type":"ListItem","position":1,"name":"Startseite","item":"https:\/\/definet.de\/nds-de\/home\/"},{"@type":"ListItem","position":2,"name":"DEFINET All inclusive","item":"https:\/\/definet.de\/nds-de\/definet-all-inclusive\/"},{"@type":"ListItem","position":3,"name":"Marketing"}]},{"@type":"WebSite","@id":"https:\/\/definet.de\/#website","url":"https:\/\/definet.de\/","name":"Definet AG","description":"Kompetenz. Mehrwert. Partnerschaft.","publisher":{"@id":"https:\/\/definet.de\/#organization"},"potentialAction":[{"@type":"SearchAction","target":{"@type":"EntryPoint","urlTemplate":"https:\/\/definet.de\/?s={search_term_string}"},"query-input":{"@type":"PropertyValueSpecification","valueRequired":true,"valueName":"search_term_string"}}],"inLanguage":"de"},{"@type":"Organization","@id":"https:\/\/definet.de\/#organization","name":"DEFINET AG","url":"https:\/\/definet.de\/","logo":{"@type":"ImageObject","inLanguage":"de","@id":"https:\/\/definet.de\/#\/schema\/logo\/image\/","url":"https:\/\/definet.de\/wp-content\/uploads\/2020\/01\/Logo_Definet.png","contentUrl":"https:\/\/definet.de\/wp-content\/uploads\/2020\/01\/Logo_Definet.png","width":2547,"height":567,"caption":"DEFINET AG"},"image":{"@id":"https:\/\/definet.de\/#\/schema\/logo\/image\/"},"sameAs":["https:\/\/www.linkedin.com\/company\/definetag"]}]}},"_links":{"self":[{"href":"https:\/\/definet.de\/nds-de\/wp-json\/wp\/v2\/pages\/24032","targetHints":{"allow":["GET"]}}],"collection":[{"href":"https:\/\/definet.de\/nds-de\/wp-json\/wp\/v2\/pages"}],"about":[{"href":"https:\/\/definet.de\/nds-de\/wp-json\/wp\/v2\/types\/page"}],"author":[{"embeddable":true,"href":"https:\/\/definet.de\/nds-de\/wp-json\/wp\/v2\/users\/1"}],"replies":[{"embeddable":true,"href":"https:\/\/definet.de\/nds-de\/wp-json\/wp\/v2\/comments?post=24032"}],"version-history":[{"count":1,"href":"https:\/\/definet.de\/nds-de\/wp-json\/wp\/v2\/pages\/24032\/revisions"}],"predecessor-version":[{"id":24033,"href":"https:\/\/definet.de\/nds-de\/wp-json\/wp\/v2\/pages\/24032\/revisions\/24033"}],"up":[{"embeddable":true,"href":"https:\/\/definet.de\/nds-de\/wp-json\/wp\/v2\/pages\/24087"}],"wp:featuredmedia":[{"embeddable":true,"href":"https:\/\/definet.de\/nds-de\/wp-json\/wp\/v2\/media\/23932"}],"wp:attachment":[{"href":"https:\/\/definet.de\/nds-de\/wp-json\/wp\/v2\/media?parent=24032"}],"wp:term":[{"taxonomy":"folder","embeddable":true,"href":"https:\/\/definet.de\/nds-de\/wp-json\/wp\/v2\/folder?post=24032"}],"curies":[{"name":"wp","href":"https:\/\/api.w.org\/{rel}","templated":true}]}}