{"id":24051,"date":"2021-03-13T15:52:07","date_gmt":"2021-03-13T14:52:07","guid":{"rendered":"https:\/\/definet.de\/nachhaltigkeit-esg\/"},"modified":"2025-05-27T12:25:34","modified_gmt":"2025-05-27T10:25:34","slug":"nachhaltigkeit-esg","status":"publish","type":"page","link":"https:\/\/definet.de\/nds-de\/nachhaltigkeit-esg\/","title":{"rendered":"Nachhaltigkeit (ESG)"},"content":{"rendered":"\t\t<div data-elementor-type=\"wp-page\" data-elementor-id=\"24051\" class=\"elementor elementor-24051 elementor-3558\" data-elementor-post-type=\"page\">\n\t\t\t\t<div class=\"elementor-element elementor-element-7a54964f e-flex e-con-boxed e-con e-parent\" data-id=\"7a54964f\" data-element_type=\"container\" data-e-type=\"container\">\n\t\t\t\t\t<div class=\"e-con-inner\">\n\t\t\t\t<div class=\"elementor-element elementor-element-2f89ca12 elementor-widget elementor-widget-text-editor\" data-id=\"2f89ca12\" data-element_type=\"widget\" data-e-type=\"widget\" data-widget_type=\"text-editor.default\">\n\t\t\t\t<div class=\"elementor-widget-container\">\n\t\t\t\t\t\t\t\t\t<header class=\"entry-header\"><h2>Nachhaltigkeit bei der DEFINET AG<\/h2><\/header><div class=\"entry-content bigger-content\"><p>Am 10. M\u00e4rz 2021 trat die EU-Verordnung \u00fcber \u201enachhaltigkeitsbezogene Offenlegungspflichten im Finanzdienstleistungssektor\u201c (TVO) in Kraft. Damit macht Europa einen wichtigen Schritt beim Thema Nachhaltigkeit. Die TVO basiert auf dem EU-Aktionsplan f\u00fcr ein nachhaltiges Finanzwesen. <\/p><p>Nachfolgend m\u00f6chten wir Sie \u00fcber unseren Umgang mit dem Thema Nachhaltigkeit (ESG), das f\u00fcr uns und unsere DEFINET-Mitarbeiter einen hohen Stellenwert hat, informieren.<\/p><\/div><h3>I. Grunds\u00e4tzliches\/Was sind Nachhaltigkeitsrisiken?<\/h3><p>Als Nachhaltigkeitsrisiken, auch ESG-Risiken genannt, werden Ereignisse oder Bedingungen aus den drei Bereichen <strong>Umwelt (Environment), Soziales (Social) <\/strong>und<strong> Unternehmensf\u00fchrung (Governance)<\/strong> bezeichnet, deren Eintreten Auswirkungen auf den Wert einer Anlage haben k\u00f6nnten. Diese Risiken k\u00f6nnen einzelne Unternehmen genauso wie ganze Branchen oder Regionen betreffen. <\/p><p>Beispiele f\u00fcr Nachhaltigkeitsrisiken, die sich aus den drei Bereichen ergeben k\u00f6nnten:<\/p><ul><li>Umwelt: Wegen des Klimawandels k\u00f6nnen immer mehr extreme Wetterereignisse auftreten, die ein Risiko darstellen. Dieses Risiko nennt man auch physisches Risiko. Ein Beispiel daf\u00fcr ist eine lange Trockenzeit in einer Region, Hochwasser oder \u00dcberschwemmungen.  <\/li><li>Soziales: Im Bereich Soziales k\u00f6nnen Risiken entstehen, wenn zum Beispiel Menschenrechte nicht beachtet werden, Gleichberechtigung fehlt oder der Gesundheitsschutz nicht gew\u00e4hrleistet ist.<\/li><li>Unternehmensf\u00fchrung: Risiken in der Unternehmensf\u00fchrung k\u00f6nnen zum Beispiel sein, wenn Unternehmen Steuern nicht ehrlich zahlen oder Korruption vorkommt.<\/li><\/ul><h3>II. DEFINET-Strategie zur Einbeziehung von Nachhaltigkeitsrisiken bei der (Versicherungs-) Anlage- und Finanzanlageberatung<\/h3><p>F\u00fcr uns sind diese wichtigen Bereiche entscheidend, wenn es darum geht, Nachhaltigkeitsrisiken zu beachten:<\/p><ul><li>die Auswahl der Produktpartner und deren Produktportfolio<\/li><li>die (Versicherungs-)Anlage- und Finanzanlageberatung an sich<\/li><\/ul><p>Im Einzelnen:<\/p><h4>1. Auswahl Produktpartner und deren Produktportfolio<\/h4><p>All unsere Produktpartner im Bereich (Versicherungs-)Anlage- und Finanzanlageberatung w\u00e4hlen wir sehr sorgsam aus.<\/p><p>Unser Management und ausgew\u00e4hlte Kolleginnen und Kollegen tauschen sich regelm\u00e4\u00dfig mit unseren (potenziellen) Produktpartnern aus, um wichtige ESG-Themen (Umwelt, Soziales, Unternehmensf\u00fchrung) zu besprechen. Das Ziel ist, zu verstehen, wie diese Partner mit solchen Themen umgehen und dies im Blick zu behalten. <\/p><p>Wir arbeiten nur mit Produktpartnern zusammen, die st\u00e4ndig daran arbeiten, ihr Verhalten in Bezug auf ESG (Umwelt, Soziales, Unternehmensf\u00fchrung) zu verbessern und ihre bew\u00e4hrten Methoden weiterzuentwickeln. Diese Partner haben unser Vertrauen. <\/p><p>Das gilt auch f\u00fcr unser Produktangebot. Bei der Auswahl der Produkte achten wir darauf, dass ESG-Kriterien und Aspekte des nachhaltigen Investierens in die Analyse einflie\u00dfen. So k\u00f6nnen unsere Kunden diese Informationen bei ihren Entscheidungen ber\u00fccksichtigen. <\/p><h4>2. Nachhaltigkeitsrisiken im Rahmen unserer Beratungst\u00e4tigkeit (Art. 3 TVO)<\/h4><p>Wir sind stolz darauf, in der Beratung zu Versicherungen und Finanzanlagen auf ein gro\u00dfes Angebot an Produkten zur\u00fcckgreifen zu k\u00f6nnen.<\/p><p>Damit Nachhaltigkeitsrisiken in unsere Beratung einflie\u00dfen, pr\u00fcfen wir bei der Auswahl unserer Produktpartner und ihrer Produkte vor allem die Informationen, die uns zur Verf\u00fcgung stehen. Produktpartner, die offensichtlich keine Strategie haben, Nachhaltigkeitsrisiken bei ihren Investitionsentscheidungen zu beachten, bieten wir m\u00f6glicherweise nicht an. <\/p><p>In der Beratung wird gegebenenfalls besonders erkl\u00e4rt, wenn die Ber\u00fccksichtigung von Nachhaltigkeitsrisiken bei der Investmententscheidung f\u00fcr den Kunden deutliche Vor- oder Nachteile haben kann.<\/p><p>F\u00fcr die Bewertung von Nachhaltigkeitsrisiken nutzen wir auch zus\u00e4tzliche Informationen von Dienstleistern, Verb\u00e4nden oder Organisationen, die sich auf die Einsch\u00e4tzung dieser Risiken spezialisiert haben.<\/p><p>Der jeweilige Produktpartner informiert au\u00dferdem in seinen vorvertraglichen Unterlagen dar\u00fcber, wie Nachhaltigkeitsrisiken bei seinen Investitionsentscheidungen ber\u00fccksichtigt werden.<\/p><p>Unsere Kunden k\u00f6nnen jederzeit vor einem m\u00f6glichen Vertragsabschluss Fragen stellen \u2013 und wir freuen uns sogar, wenn sie das tun.<\/p><h5><strong>a. Einzelheiten zur (Versicherungs-)Anlageberatung:<\/strong><\/h5><p>Im Rahmen unserer Beratung bieten wir Produkte mit Nachhaltigkeitsfokus an. Diese Produkte erf\u00fcllen den Wunsch unserer Kunden, Anlagen zu w\u00e4hlen, die besondere Umwelt-, soziale oder gesellschaftliche Aspekte ber\u00fccksichtigen.<\/p><p>Diese Versicherungsanlage- und Altersvorsorgeprodukte k\u00f6nnen passend sein, je nachdem, welche Ziele, Erfahrungen mit Geldanlagen und Risikobereitschaft die Kunden haben.<\/p><h5><strong>b. Einzelheiten zur Finanzanlageberatung<\/strong><\/h5><p>Wir k\u00f6nnen den Wunsch unserer Kunden erf\u00fcllen, in Produkte zu investieren, die besonders auf Nachhaltigkeit achten.<\/p><p>Unseren Kunden stehen Investmentfonds zur Verf\u00fcgung, die nach Artikel 6 der EU-Offenlegungsverordnung eingestuft sind. Dabei wird grunds\u00e4tzlich eine ESG-Pr\u00fcfung (Umwelt, Soziales, Unternehmensf\u00fchrung) durch die Produktanbieter ber\u00fccksichtigt.<\/p><p>Auf Wunsch k\u00f6nnen wir unseren Kunden auch eine Auswahl besonders nachhaltiger Fonds nach Artikel 8 der EU-Offenlegungsverordnung anbieten. Diese Fonds legen ihren Schwerpunkt auf Umwelt-, soziale oder gesellschaftliche Aspekte. <\/p><p>Die Investments k\u00f6nnen in der Anlageberatung passend sein, je nachdem, welche Ziele, Erfahrungen mit Geldanlagen und welches Verh\u00e4ltnis von Gewinn und Risiko (Rendite-Risiko-Profil) die Kunden haben.<\/p><p>Generell wird auch bei Nachhaltigkeitsrisiken empfohlen, das Geld m\u00f6glichst breit zu verteilen (Diversifikation). Das gilt sowohl f\u00fcr verschiedene Finanzprodukte als auch innerhalb eines einzelnen Finanzprodukts.<\/p><h3>III. Ber\u00fccksichtigung nachteiliger Auswirkungen auf Nachhaltigkeitsfaktoren (Art. 4 TVO)<\/h3><p>Nachhaltigkeitsrisiken k\u00f6nnen sowohl positive als auch negative Auswirkungen auf die zuk\u00fcnftige Wertentwicklung haben. Deshalb ist es wichtig, diese Risiken ernst zu nehmen und zu beachten. <\/p><p>Die Erkennung von Nachhaltigkeitsrisiken erfolgt haupts\u00e4chlich durch den Produktpartner. Auf dessen Informationen greifen wir, wie bereits erkl\u00e4rt, zur\u00fcck.<\/p><p>In der Beratung werden die wichtigsten negativen Auswirkungen von Investitionsentscheidungen auf Nachhaltigkeitsfaktoren ber\u00fccksichtigt. Wir weisen darauf hin, dass diese Ber\u00fccksichtigung aktuell nur eingeschr\u00e4nkt m\u00f6glich ist, weil die Informationen der Produktpartner noch im Aufbau sind und manchmal noch nicht vollst\u00e4ndig vorliegen. <\/p><p>Die Ber\u00fccksichtigung erfolgt anhand der Informationen, die wir von den Produktpartnern erhalten. Diese Informationen geben wir an unsere Kunden weiter und besprechen sie gemeinsam mit ihnen.<\/p><p>Wir nehmen keine eigene Bewertung und Auswahl von Produkten anhand von Nachhaltigkeitsmerkmalen vor, zum Beispiel durch Ranglisten oder Auswahlverfahren. Nach unserer Ansicht k\u00f6nnen solche Bewertungen nur von den Produktpartnern selbst gemacht werden.<\/p><h3>IV. Verg\u00fctungspolitik und Nachhaltigkeitsrisiken (Art. 5 TVO)<\/h3><p>Die Bezahlung f\u00fcr die Vermittlung von Versicherungs- und Finanzanlageprodukten wird grunds\u00e4tzlich nicht durch Nachhaltigkeitsrisiken beeinflusst.<\/p>\t\t\t\t\t\t\t\t<\/div>\n\t\t\t\t<\/div>\n\t\t\t\t\t<\/div>\n\t\t\t\t<\/div>\n\t\t\t\t<\/div>\n\t\t","protected":false},"excerpt":{"rendered":"<p>Nachhaltigkeit bei der DEFINET AG Am 10. M\u00e4rz 2021 trat die EU-Verordnung \u00fcber \u201enachhaltigkeitsbezogene Offenlegungspflichten im Finanzdienstleistungssektor\u201c (TVO) in Kraft. Damit macht Europa einen wichtigen Schritt beim Thema Nachhaltigkeit. Die TVO basiert auf dem EU-Aktionsplan f\u00fcr ein nachhaltiges Finanzwesen. Nachfolgend m\u00f6chten wir Sie \u00fcber unseren Umgang mit dem Thema Nachhaltigkeit (ESG), das f\u00fcr uns und [&hellip;]<\/p>\n","protected":false},"author":1,"featured_media":23946,"parent":0,"menu_order":0,"comment_status":"closed","ping_status":"closed","template":"","meta":{"_acf_changed":false,"footnotes":""},"folder":[1170],"class_list":["post-24051","page","type-page","status-publish","has-post-thumbnail","hentry"],"acf":[],"yoast_head":"<!-- This site is optimized with the Yoast SEO plugin v27.5 - https:\/\/yoast.com\/product\/yoast-seo-wordpress\/ -->\n<title>Nachhaltigkeit (ESG) - Allgemeine Informationen - DEFINET AG<\/title>\n<meta name=\"description\" content=\"DEFINET AG | Mergenthalerallee 15\u201321 | 65760 Eschborn | Telefon: 06196 58684-00 | Fax: 06196 586844-400 | E-Mail: info@definet.de\" \/>\n<meta name=\"robots\" content=\"index, follow, max-snippet:-1, max-image-preview:large, max-video-preview:-1\" \/>\n<link rel=\"canonical\" href=\"https:\/\/definet.de\/nds-de\/nachhaltigkeit-esg\/\" \/>\n<meta property=\"og:locale\" content=\"en_US\" \/>\n<meta property=\"og:type\" content=\"article\" \/>\n<meta property=\"og:title\" content=\"Impressum - Definet AG\" \/>\n<meta property=\"og:description\" content=\"DEFINET AG | Mergenthalerallee 15\u201321 | 65760 Eschborn\" \/>\n<meta property=\"og:url\" content=\"https:\/\/definet.de\/nds-de\/nachhaltigkeit-esg\/\" \/>\n<meta property=\"og:site_name\" content=\"DEFINET AG\" \/>\n<meta property=\"article:modified_time\" content=\"2025-05-27T10:25:34+00:00\" \/>\n<meta property=\"og:image\" content=\"https:\/\/definet.de\/wp-content\/uploads\/2025\/02\/nachhaltigkeit.jpg\" \/>\n\t<meta property=\"og:image:width\" content=\"1200\" \/>\n\t<meta property=\"og:image:height\" content=\"630\" \/>\n\t<meta property=\"og:image:type\" content=\"image\/jpeg\" \/>\n<meta name=\"twitter:card\" content=\"summary_large_image\" \/>\n<meta name=\"twitter:title\" content=\"Impressum - Definet AG\" \/>\n<meta name=\"twitter:description\" content=\"DEFINET AG | Mergenthalerallee 15\u201321 | 65760 Eschborn\" \/>\n<meta name=\"twitter:label1\" content=\"Gesch\u00e4tzte Lesezeit\" \/>\n\t<meta name=\"twitter:data1\" content=\"5\u00a0Minuten\" \/>\n<script type=\"application\/ld+json\" class=\"yoast-schema-graph\">{\"@context\":\"https:\\\/\\\/schema.org\",\"@graph\":[{\"@type\":\"WebPage\",\"@id\":\"https:\\\/\\\/definet.de\\\/nds-de\\\/nachhaltigkeit-esg\\\/\",\"url\":\"https:\\\/\\\/definet.de\\\/nds-de\\\/nachhaltigkeit-esg\\\/\",\"name\":\"Nachhaltigkeit (ESG) - Allgemeine Informationen - DEFINET AG\",\"isPartOf\":{\"@id\":\"https:\\\/\\\/definet.de\\\/#website\"},\"primaryImageOfPage\":{\"@id\":\"https:\\\/\\\/definet.de\\\/nds-de\\\/nachhaltigkeit-esg\\\/#primaryimage\"},\"image\":{\"@id\":\"https:\\\/\\\/definet.de\\\/nds-de\\\/nachhaltigkeit-esg\\\/#primaryimage\"},\"thumbnailUrl\":\"https:\\\/\\\/definet.de\\\/wp-content\\\/uploads\\\/2025\\\/02\\\/nachhaltigkeit.jpg\",\"datePublished\":\"2021-03-13T14:52:07+00:00\",\"dateModified\":\"2025-05-27T10:25:34+00:00\",\"description\":\"DEFINET AG | Mergenthalerallee 15\u201321 | 65760 Eschborn | Telefon: 06196 58684-00 | Fax: 06196 586844-400 | E-Mail: info@definet.de\",\"breadcrumb\":{\"@id\":\"https:\\\/\\\/definet.de\\\/nds-de\\\/nachhaltigkeit-esg\\\/#breadcrumb\"},\"inLanguage\":\"de\",\"potentialAction\":[{\"@type\":\"ReadAction\",\"target\":[\"https:\\\/\\\/definet.de\\\/nds-de\\\/nachhaltigkeit-esg\\\/\"]}]},{\"@type\":\"ImageObject\",\"inLanguage\":\"de\",\"@id\":\"https:\\\/\\\/definet.de\\\/nds-de\\\/nachhaltigkeit-esg\\\/#primaryimage\",\"url\":\"https:\\\/\\\/definet.de\\\/wp-content\\\/uploads\\\/2025\\\/02\\\/nachhaltigkeit.jpg\",\"contentUrl\":\"https:\\\/\\\/definet.de\\\/wp-content\\\/uploads\\\/2025\\\/02\\\/nachhaltigkeit.jpg\",\"width\":1200,\"height\":630,\"caption\":\"DEFINET AG \u2013 Nachhaltigkeit\"},{\"@type\":\"BreadcrumbList\",\"@id\":\"https:\\\/\\\/definet.de\\\/nds-de\\\/nachhaltigkeit-esg\\\/#breadcrumb\",\"itemListElement\":[{\"@type\":\"ListItem\",\"position\":1,\"name\":\"Startseite\",\"item\":\"https:\\\/\\\/definet.de\\\/nds-de\\\/home\\\/\"},{\"@type\":\"ListItem\",\"position\":2,\"name\":\"Nachhaltigkeit (ESG)\"}]},{\"@type\":\"WebSite\",\"@id\":\"https:\\\/\\\/definet.de\\\/#website\",\"url\":\"https:\\\/\\\/definet.de\\\/\",\"name\":\"Definet AG\",\"description\":\"Kompetenz. Mehrwert. Partnerschaft.\",\"publisher\":{\"@id\":\"https:\\\/\\\/definet.de\\\/#organization\"},\"potentialAction\":[{\"@type\":\"SearchAction\",\"target\":{\"@type\":\"EntryPoint\",\"urlTemplate\":\"https:\\\/\\\/definet.de\\\/?s={search_term_string}\"},\"query-input\":{\"@type\":\"PropertyValueSpecification\",\"valueRequired\":true,\"valueName\":\"search_term_string\"}}],\"inLanguage\":\"de\"},{\"@type\":\"Organization\",\"@id\":\"https:\\\/\\\/definet.de\\\/#organization\",\"name\":\"DEFINET AG\",\"url\":\"https:\\\/\\\/definet.de\\\/\",\"logo\":{\"@type\":\"ImageObject\",\"inLanguage\":\"de\",\"@id\":\"https:\\\/\\\/definet.de\\\/#\\\/schema\\\/logo\\\/image\\\/\",\"url\":\"https:\\\/\\\/definet.de\\\/wp-content\\\/uploads\\\/2020\\\/01\\\/Logo_Definet.png\",\"contentUrl\":\"https:\\\/\\\/definet.de\\\/wp-content\\\/uploads\\\/2020\\\/01\\\/Logo_Definet.png\",\"width\":2547,\"height\":567,\"caption\":\"DEFINET AG\"},\"image\":{\"@id\":\"https:\\\/\\\/definet.de\\\/#\\\/schema\\\/logo\\\/image\\\/\"},\"sameAs\":[\"https:\\\/\\\/www.linkedin.com\\\/company\\\/definetag\"]}]}<\/script>\n<!-- \/ Yoast SEO plugin. -->","yoast_head_json":{"title":"Nachhaltigkeit (ESG) - Allgemeine Informationen - DEFINET AG","description":"DEFINET AG | Mergenthalerallee 15\u201321 | 65760 Eschborn | Telefon: 06196 58684-00 | Fax: 06196 586844-400 | E-Mail: info@definet.de","robots":{"index":"index","follow":"follow","max-snippet":"max-snippet:-1","max-image-preview":"max-image-preview:large","max-video-preview":"max-video-preview:-1"},"canonical":"https:\/\/definet.de\/nds-de\/nachhaltigkeit-esg\/","og_locale":"en_US","og_type":"article","og_title":"Impressum - Definet AG","og_description":"DEFINET AG | Mergenthalerallee 15\u201321 | 65760 Eschborn","og_url":"https:\/\/definet.de\/nds-de\/nachhaltigkeit-esg\/","og_site_name":"DEFINET AG","article_modified_time":"2025-05-27T10:25:34+00:00","og_image":[{"width":1200,"height":630,"url":"https:\/\/definet.de\/wp-content\/uploads\/2025\/02\/nachhaltigkeit.jpg","type":"image\/jpeg"}],"twitter_card":"summary_large_image","twitter_title":"Impressum - Definet AG","twitter_description":"DEFINET AG | Mergenthalerallee 15\u201321 | 65760 Eschborn","twitter_misc":{"Gesch\u00e4tzte Lesezeit":"5\u00a0Minuten"},"schema":{"@context":"https:\/\/schema.org","@graph":[{"@type":"WebPage","@id":"https:\/\/definet.de\/nds-de\/nachhaltigkeit-esg\/","url":"https:\/\/definet.de\/nds-de\/nachhaltigkeit-esg\/","name":"Nachhaltigkeit (ESG) - Allgemeine Informationen - DEFINET AG","isPartOf":{"@id":"https:\/\/definet.de\/#website"},"primaryImageOfPage":{"@id":"https:\/\/definet.de\/nds-de\/nachhaltigkeit-esg\/#primaryimage"},"image":{"@id":"https:\/\/definet.de\/nds-de\/nachhaltigkeit-esg\/#primaryimage"},"thumbnailUrl":"https:\/\/definet.de\/wp-content\/uploads\/2025\/02\/nachhaltigkeit.jpg","datePublished":"2021-03-13T14:52:07+00:00","dateModified":"2025-05-27T10:25:34+00:00","description":"DEFINET AG | Mergenthalerallee 15\u201321 | 65760 Eschborn | Telefon: 06196 58684-00 | Fax: 06196 586844-400 | E-Mail: info@definet.de","breadcrumb":{"@id":"https:\/\/definet.de\/nds-de\/nachhaltigkeit-esg\/#breadcrumb"},"inLanguage":"de","potentialAction":[{"@type":"ReadAction","target":["https:\/\/definet.de\/nds-de\/nachhaltigkeit-esg\/"]}]},{"@type":"ImageObject","inLanguage":"de","@id":"https:\/\/definet.de\/nds-de\/nachhaltigkeit-esg\/#primaryimage","url":"https:\/\/definet.de\/wp-content\/uploads\/2025\/02\/nachhaltigkeit.jpg","contentUrl":"https:\/\/definet.de\/wp-content\/uploads\/2025\/02\/nachhaltigkeit.jpg","width":1200,"height":630,"caption":"DEFINET AG \u2013 Nachhaltigkeit"},{"@type":"BreadcrumbList","@id":"https:\/\/definet.de\/nds-de\/nachhaltigkeit-esg\/#breadcrumb","itemListElement":[{"@type":"ListItem","position":1,"name":"Startseite","item":"https:\/\/definet.de\/nds-de\/home\/"},{"@type":"ListItem","position":2,"name":"Nachhaltigkeit (ESG)"}]},{"@type":"WebSite","@id":"https:\/\/definet.de\/#website","url":"https:\/\/definet.de\/","name":"Definet AG","description":"Kompetenz. Mehrwert. Partnerschaft.","publisher":{"@id":"https:\/\/definet.de\/#organization"},"potentialAction":[{"@type":"SearchAction","target":{"@type":"EntryPoint","urlTemplate":"https:\/\/definet.de\/?s={search_term_string}"},"query-input":{"@type":"PropertyValueSpecification","valueRequired":true,"valueName":"search_term_string"}}],"inLanguage":"de"},{"@type":"Organization","@id":"https:\/\/definet.de\/#organization","name":"DEFINET AG","url":"https:\/\/definet.de\/","logo":{"@type":"ImageObject","inLanguage":"de","@id":"https:\/\/definet.de\/#\/schema\/logo\/image\/","url":"https:\/\/definet.de\/wp-content\/uploads\/2020\/01\/Logo_Definet.png","contentUrl":"https:\/\/definet.de\/wp-content\/uploads\/2020\/01\/Logo_Definet.png","width":2547,"height":567,"caption":"DEFINET AG"},"image":{"@id":"https:\/\/definet.de\/#\/schema\/logo\/image\/"},"sameAs":["https:\/\/www.linkedin.com\/company\/definetag"]}]}},"_links":{"self":[{"href":"https:\/\/definet.de\/nds-de\/wp-json\/wp\/v2\/pages\/24051","targetHints":{"allow":["GET"]}}],"collection":[{"href":"https:\/\/definet.de\/nds-de\/wp-json\/wp\/v2\/pages"}],"about":[{"href":"https:\/\/definet.de\/nds-de\/wp-json\/wp\/v2\/types\/page"}],"author":[{"embeddable":true,"href":"https:\/\/definet.de\/nds-de\/wp-json\/wp\/v2\/users\/1"}],"replies":[{"embeddable":true,"href":"https:\/\/definet.de\/nds-de\/wp-json\/wp\/v2\/comments?post=24051"}],"version-history":[{"count":1,"href":"https:\/\/definet.de\/nds-de\/wp-json\/wp\/v2\/pages\/24051\/revisions"}],"predecessor-version":[{"id":24052,"href":"https:\/\/definet.de\/nds-de\/wp-json\/wp\/v2\/pages\/24051\/revisions\/24052"}],"wp:featuredmedia":[{"embeddable":true,"href":"https:\/\/definet.de\/nds-de\/wp-json\/wp\/v2\/media\/23946"}],"wp:attachment":[{"href":"https:\/\/definet.de\/nds-de\/wp-json\/wp\/v2\/media?parent=24051"}],"wp:term":[{"taxonomy":"folder","embeddable":true,"href":"https:\/\/definet.de\/nds-de\/wp-json\/wp\/v2\/folder?post=24051"}],"curies":[{"name":"wp","href":"https:\/\/api.w.org\/{rel}","templated":true}]}}