{"id":24075,"date":"2025-02-06T10:46:56","date_gmt":"2025-02-06T09:46:56","guid":{"rendered":"https:\/\/definet.de\/mehr-wert\/"},"modified":"2025-05-27T13:25:06","modified_gmt":"2025-05-27T11:25:06","slug":"mehr-wert","status":"publish","type":"page","link":"https:\/\/definet.de\/nds-de\/mehr-wert\/","title":{"rendered":"Mehr Wert"},"content":{"rendered":"\t\t<div data-elementor-type=\"wp-page\" data-elementor-id=\"24075\" class=\"elementor elementor-24075 elementor-20901\" data-elementor-post-type=\"page\">\n\t\t\t\t<div class=\"elementor-element elementor-element-59318a9 e-flex e-con-boxed e-con e-parent\" data-id=\"59318a9\" data-element_type=\"container\" data-e-type=\"container\">\n\t\t\t\t\t<div class=\"e-con-inner\">\n\t\t\t\t<div class=\"elementor-element elementor-element-d168b8a elementor-widget elementor-widget-text-editor\" data-id=\"d168b8a\" data-element_type=\"widget\" data-e-type=\"widget\" data-widget_type=\"text-editor.default\">\n\t\t\t\t<div class=\"elementor-widget-container\">\n\t\t\t\t\t\t\t\t\t<h2>L\u00f6sungen, die Sie voranbringen<\/h2><p>In einer immer digitaler werdenden Welt sind individuell angepasste L\u00f6sungen wichtig, um erfolgreich zu bleiben. Mit den Services von DEFINET helfen wir Ihnen, Ihren Beratungsalltag effizienter zu gestalten und Ihre Kundenbeziehungen langfristig zu st\u00e4rken. Unsere digitalen Angebote, umfassenden Analysen und gezielte Weiterbildung durch unsere Akademie bilden die Grundlage f\u00fcr Ihren Erfolg. Entdecken Sie, wie Sie mit uns an Ihrer Seite Ihre Arbeit auf ein h\u00f6heres Niveau bringen k\u00f6nnen.   <\/p><h2>Ihr Erfolgsfaktor f\u00fcr die digitale Finanzberatung<\/h2>\t\t\t\t\t\t\t\t<\/div>\n\t\t\t\t<\/div>\n\t\t\t\t<div class=\"elementor-element elementor-element-fb04267 elementor-widget__width-initial elementor-widget-mobile_extra__width-inherit content-box-primary elementor-widget elementor-widget-text-editor\" data-id=\"fb04267\" data-element_type=\"widget\" data-e-type=\"widget\" data-widget_type=\"text-editor.default\">\n\t\t\t\t<div class=\"elementor-widget-container\">\n\t\t\t\t\t\t\t\t\t<h3>Ma\u00dfgeschneiderte L\u00f6sungen f\u00fcr die digitale \u00c4ra<\/h3><p>In einer Welt, die immer mehr von Digitalisierung und technischem Fortschritt gepr\u00e4gt ist, werden individuelle L\u00f6sungen zum wichtigen Wettbewerbsvorteil. DEFINET hat es sich zum Ziel gesetzt, Sie auf Ihrem Weg in die Zukunft der Finanzberatung umfassend zu unterst\u00fctzen. Unser umfassendes Serviceangebot bietet Ihnen nicht nur moderne digitale Werkzeuge, sondern auch gr\u00fcndliche Analysen und gezielte Weiterbildungen \u2013 alles aus einer Hand.  <\/p>\t\t\t\t\t\t\t\t<\/div>\n\t\t\t\t<\/div>\n\t\t\t\t<div class=\"elementor-element elementor-element-7a26c17 elementor-widget__width-initial elementor-widget-mobile_extra__width-inherit elementor-widget elementor-widget-text-editor\" data-id=\"7a26c17\" data-element_type=\"widget\" data-e-type=\"widget\" data-settings=\"{&quot;motion_fx_motion_fx_scrolling&quot;:&quot;yes&quot;,&quot;motion_fx_translateY_effect&quot;:&quot;yes&quot;,&quot;motion_fx_translateY_speed&quot;:{&quot;unit&quot;:&quot;px&quot;,&quot;size&quot;:1,&quot;sizes&quot;:[]},&quot;motion_fx_devices&quot;:[&quot;widescreen&quot;,&quot;desktop&quot;,&quot;laptop&quot;,&quot;tablet_extra&quot;,&quot;tablet&quot;],&quot;motion_fx_range&quot;:&quot;viewport&quot;,&quot;motion_fx_translateY_affectedRange&quot;:{&quot;unit&quot;:&quot;%&quot;,&quot;size&quot;:&quot;&quot;,&quot;sizes&quot;:{&quot;start&quot;:0,&quot;end&quot;:100}}}\" data-widget_type=\"text-editor.default\">\n\t\t\t\t<div class=\"elementor-widget-container\">\n\t\t\t\t\t\t\t\t\t<h3>Effizienz, Transparenz und Kundenn\u00e4he als Basis Ihres Erfolgs<\/h3><p>Wir wissen, dass Erfolg in der Finanzberatung heute mehr bedeutet als nur Fachwissen. Es geht darum, Abl\u00e4ufe zu verbessern, Kundenbeziehungen langfristig zu st\u00e4rken und den Verwaltungsaufwand zu reduzieren. Unsere digitalen Services und modernen Backoffice-L\u00f6sungen unterst\u00fctzen Sie dabei, Ihre Arbeitsprozesse zu automatisieren und den Datenfluss effizient zu gestalten. So schaffen wir eine Arbeitsweise, die transparent und auf den Kunden ausgerichtet ist, und erm\u00f6glichen Ihnen, sich ganz auf die pers\u00f6nliche Beratung Ihrer Kunden zu konzentrieren.   <\/p>\t\t\t\t\t\t\t\t<\/div>\n\t\t\t\t<\/div>\n\t\t\t\t<div class=\"elementor-element elementor-element-9b2670f elementor-widget elementor-widget-text-editor\" data-id=\"9b2670f\" data-element_type=\"widget\" data-e-type=\"widget\" data-widget_type=\"text-editor.default\">\n\t\t\t\t<div class=\"elementor-widget-container\">\n\t\t\t\t\t\t\t\t\t<h2>Ganzheitliche Serviceangebote f\u00fcr Ihren Beratungsalltag<\/h2><p>Unsere L\u00f6sungen sind darauf ausgelegt, Sie in allen Bereichen der Finanzberatung zu unterst\u00fctzen. Ob moderne Kundenportale, individuell angepasste IT-Systeme, verbesserte Bestandsverwaltung oder neue Anlagekonzepte in den Bereichen Immobilien und Photovoltaik \u2013 wir bieten Ihnen echten Mehrwert, der Ihren Beratungsalltag ver\u00e4ndert. Dabei kombinieren wir technische Innovationen mit pers\u00f6nlichem Service, damit Sie langfristig Vorteile im Wettbewerb haben.  <\/p>\t\t\t\t\t\t\t\t<\/div>\n\t\t\t\t<\/div>\n\t\t\t\t<div class=\"elementor-element elementor-element-c4055fb elementor-widget__width-initial elementor-widget-mobile_extra__width-inherit elementor-widget elementor-widget-text-editor\" data-id=\"c4055fb\" data-element_type=\"widget\" data-e-type=\"widget\" data-settings=\"{&quot;motion_fx_motion_fx_scrolling&quot;:&quot;yes&quot;,&quot;motion_fx_translateY_effect&quot;:&quot;yes&quot;,&quot;motion_fx_translateY_speed&quot;:{&quot;unit&quot;:&quot;px&quot;,&quot;size&quot;:1,&quot;sizes&quot;:[]},&quot;motion_fx_devices&quot;:[&quot;widescreen&quot;,&quot;desktop&quot;,&quot;laptop&quot;,&quot;tablet_extra&quot;,&quot;tablet&quot;],&quot;motion_fx_range&quot;:&quot;viewport&quot;,&quot;motion_fx_translateY_affectedRange&quot;:{&quot;unit&quot;:&quot;%&quot;,&quot;size&quot;:&quot;&quot;,&quot;sizes&quot;:{&quot;start&quot;:0,&quot;end&quot;:100}}}\" data-widget_type=\"text-editor.default\">\n\t\t\t\t<div class=\"elementor-widget-container\">\n\t\t\t\t\t\t\t\t\t<h3>Nahtlose Integration und Flexibilit\u00e4t<\/h3><p>Mit DEFINET nutzen Sie ein System, das sich problemlos in Ihre vorhandene Infrastruktur einf\u00fcgt und Ihnen gleichzeitig die Flexibilit\u00e4t gibt, auf st\u00e4ndig wechselnde Marktbedingungen zu reagieren. Unsere ausf\u00fchrlichen Analysen und gezielten Weiterbildungen \u00fcber unsere Akademie bilden die Grundlage f\u00fcr Ihren langfristigen Erfolg. So verbessern Sie nicht nur die Zufriedenheit Ihrer Kunden, sondern sichern auch Ihre eigene Zukunftsf\u00e4higkeit und Wettbewerbsf\u00e4higkeit.  <\/p><p>Entdecken Sie, wie unsere L\u00f6sungen Sie in eine neue Phase der Finanzberatung f\u00fchren \u2013 effizient, transparent und auf den Kunden ausgerichtet. Mit DEFINET an Ihrer Seite verbessern Sie Ihre Arbeitsweise deutlich und schaffen die Basis f\u00fcr langfristiges Wachstum und dauerhaften Erfolg. <\/p>\t\t\t\t\t\t\t\t<\/div>\n\t\t\t\t<\/div>\n\t\t\t\t<div class=\"elementor-element elementor-element-61b5273 elementor-widget__width-initial elementor-widget-mobile_extra__width-inherit content-box-black elementor-widget elementor-widget-text-editor\" data-id=\"61b5273\" data-element_type=\"widget\" data-e-type=\"widget\" data-widget_type=\"text-editor.default\">\n\t\t\t\t<div class=\"elementor-widget-container\">\n\t\t\t\t\t\t\t\t\t<h3>Ihre Vorteile \u2013 Auf einen Blick<\/h3>\n<ul>\n \t<li><strong>Effizienzsteigerung:<\/strong> Automatisierte Prozesse und optimierte Arbeitsabl\u00e4ufe sparen Zeit und Ressourcen.<\/li>\n \t<li><strong>Transparenz:<\/strong> Klare Datenintegration und umfassende Analysen unterst\u00fctzen fundierte Entscheidungen.<\/li>\n \t<li><strong>Kundenn\u00e4he:<\/strong> Digitale Tools in Kombination mit pers\u00f6nlicher Betreuung f\u00f6rdern den direkten Austausch mit Ihren Kunden.<\/li>\n \t<li><strong>Flexibilit\u00e4t:<\/strong> Nahtlose Integration in Ihre bestehende Infrastruktur erm\u00f6glicht schnelle Anpassungen an Marktver\u00e4nderungen.<\/li>\n \t<li><strong>Zukunftssicherheit:<\/strong> Modernste Technologien und kontinuierliche Weiterbildung sichern Ihre Wettbewerbsf\u00e4higkeit.<\/li>\n<\/ul>\t\t\t\t\t\t\t\t<\/div>\n\t\t\t\t<\/div>\n\t\t\t\t\t<\/div>\n\t\t\t\t<\/div>\n\t\t\t\t<\/div>\n\t\t","protected":false},"excerpt":{"rendered":"<p>L\u00f6sungen, die Sie voranbringen In einer immer digitaler werdenden Welt sind individuell angepasste L\u00f6sungen wichtig, um erfolgreich zu bleiben. Mit den Services von DEFINET helfen wir Ihnen, Ihren Beratungsalltag effizienter zu gestalten und Ihre Kundenbeziehungen langfristig zu st\u00e4rken. Unsere digitalen Angebote, umfassenden Analysen und gezielte Weiterbildung durch unsere Akademie bilden die Grundlage f\u00fcr Ihren Erfolg. [&hellip;]<\/p>\n","protected":false},"author":1,"featured_media":23945,"parent":0,"menu_order":0,"comment_status":"closed","ping_status":"closed","template":"","meta":{"_acf_changed":false,"footnotes":""},"folder":[1260],"class_list":["post-24075","page","type-page","status-publish","has-post-thumbnail","hentry"],"acf":[],"yoast_head":"<!-- This site is optimized with the Yoast SEO plugin v27.5 - https:\/\/yoast.com\/product\/yoast-seo-wordpress\/ -->\n<title>Mehr Wert - DEFINET AG<\/title>\n<meta name=\"description\" content=\"DEFINET bietet unter &quot;Mehr Wert&quot; innovative L\u00f6sungen wie App, Onlineportal, SmartChange und Investmentm\u00f6glichkeiten f\u00fcr Finanzdienstleister.\" \/>\n<meta name=\"robots\" content=\"index, follow, max-snippet:-1, max-image-preview:large, max-video-preview:-1\" \/>\n<link rel=\"canonical\" href=\"https:\/\/definet.de\/nds-de\/mehr-wert\/\" \/>\n<meta property=\"og:locale\" content=\"en_US\" \/>\n<meta property=\"og:type\" content=\"article\" \/>\n<meta property=\"og:title\" content=\"Mehr Wert - DEFINET AG\" \/>\n<meta property=\"og:description\" content=\"DEFINET bietet unter &quot;Mehr Wert&quot; innovative L\u00f6sungen wie App, Onlineportal, SmartChange und Investmentm\u00f6glichkeiten f\u00fcr Finanzdienstleister.\" \/>\n<meta property=\"og:url\" content=\"https:\/\/definet.de\/nds-de\/mehr-wert\/\" \/>\n<meta property=\"og:site_name\" content=\"DEFINET AG\" \/>\n<meta property=\"article:modified_time\" content=\"2025-05-27T11:25:06+00:00\" \/>\n<meta property=\"og:image\" content=\"https:\/\/definet.de\/wp-content\/uploads\/2025\/02\/mehr-wert.jpg\" \/>\n\t<meta property=\"og:image:width\" content=\"1200\" \/>\n\t<meta property=\"og:image:height\" content=\"630\" \/>\n\t<meta property=\"og:image:type\" content=\"image\/jpeg\" \/>\n<meta name=\"twitter:card\" content=\"summary_large_image\" \/>\n<meta name=\"twitter:label1\" content=\"Gesch\u00e4tzte Lesezeit\" \/>\n\t<meta name=\"twitter:data1\" content=\"2\u00a0Minuten\" \/>\n<script type=\"application\/ld+json\" class=\"yoast-schema-graph\">{\"@context\":\"https:\\\/\\\/schema.org\",\"@graph\":[{\"@type\":\"WebPage\",\"@id\":\"https:\\\/\\\/definet.de\\\/nds-de\\\/mehr-wert\\\/\",\"url\":\"https:\\\/\\\/definet.de\\\/nds-de\\\/mehr-wert\\\/\",\"name\":\"Mehr Wert - DEFINET AG\",\"isPartOf\":{\"@id\":\"https:\\\/\\\/definet.de\\\/#website\"},\"primaryImageOfPage\":{\"@id\":\"https:\\\/\\\/definet.de\\\/nds-de\\\/mehr-wert\\\/#primaryimage\"},\"image\":{\"@id\":\"https:\\\/\\\/definet.de\\\/nds-de\\\/mehr-wert\\\/#primaryimage\"},\"thumbnailUrl\":\"https:\\\/\\\/definet.de\\\/wp-content\\\/uploads\\\/2025\\\/02\\\/mehr-wert.jpg\",\"datePublished\":\"2025-02-06T09:46:56+00:00\",\"dateModified\":\"2025-05-27T11:25:06+00:00\",\"description\":\"DEFINET bietet unter \\\"Mehr Wert\\\" innovative L\u00f6sungen wie App, Onlineportal, SmartChange und Investmentm\u00f6glichkeiten f\u00fcr Finanzdienstleister.\",\"breadcrumb\":{\"@id\":\"https:\\\/\\\/definet.de\\\/nds-de\\\/mehr-wert\\\/#breadcrumb\"},\"inLanguage\":\"de\",\"potentialAction\":[{\"@type\":\"ReadAction\",\"target\":[\"https:\\\/\\\/definet.de\\\/nds-de\\\/mehr-wert\\\/\"]}]},{\"@type\":\"ImageObject\",\"inLanguage\":\"de\",\"@id\":\"https:\\\/\\\/definet.de\\\/nds-de\\\/mehr-wert\\\/#primaryimage\",\"url\":\"https:\\\/\\\/definet.de\\\/wp-content\\\/uploads\\\/2025\\\/02\\\/mehr-wert.jpg\",\"contentUrl\":\"https:\\\/\\\/definet.de\\\/wp-content\\\/uploads\\\/2025\\\/02\\\/mehr-wert.jpg\",\"width\":1200,\"height\":630,\"caption\":\"DEFINET AG \u2013 Mehr Wert\"},{\"@type\":\"BreadcrumbList\",\"@id\":\"https:\\\/\\\/definet.de\\\/nds-de\\\/mehr-wert\\\/#breadcrumb\",\"itemListElement\":[{\"@type\":\"ListItem\",\"position\":1,\"name\":\"Startseite\",\"item\":\"https:\\\/\\\/definet.de\\\/nds-de\\\/home\\\/\"},{\"@type\":\"ListItem\",\"position\":2,\"name\":\"Mehr Wert\"}]},{\"@type\":\"WebSite\",\"@id\":\"https:\\\/\\\/definet.de\\\/#website\",\"url\":\"https:\\\/\\\/definet.de\\\/\",\"name\":\"Definet AG\",\"description\":\"Kompetenz. Mehrwert. Partnerschaft.\",\"publisher\":{\"@id\":\"https:\\\/\\\/definet.de\\\/#organization\"},\"potentialAction\":[{\"@type\":\"SearchAction\",\"target\":{\"@type\":\"EntryPoint\",\"urlTemplate\":\"https:\\\/\\\/definet.de\\\/?s={search_term_string}\"},\"query-input\":{\"@type\":\"PropertyValueSpecification\",\"valueRequired\":true,\"valueName\":\"search_term_string\"}}],\"inLanguage\":\"de\"},{\"@type\":\"Organization\",\"@id\":\"https:\\\/\\\/definet.de\\\/#organization\",\"name\":\"DEFINET AG\",\"url\":\"https:\\\/\\\/definet.de\\\/\",\"logo\":{\"@type\":\"ImageObject\",\"inLanguage\":\"de\",\"@id\":\"https:\\\/\\\/definet.de\\\/#\\\/schema\\\/logo\\\/image\\\/\",\"url\":\"https:\\\/\\\/definet.de\\\/wp-content\\\/uploads\\\/2020\\\/01\\\/Logo_Definet.png\",\"contentUrl\":\"https:\\\/\\\/definet.de\\\/wp-content\\\/uploads\\\/2020\\\/01\\\/Logo_Definet.png\",\"width\":2547,\"height\":567,\"caption\":\"DEFINET AG\"},\"image\":{\"@id\":\"https:\\\/\\\/definet.de\\\/#\\\/schema\\\/logo\\\/image\\\/\"},\"sameAs\":[\"https:\\\/\\\/www.linkedin.com\\\/company\\\/definetag\"]}]}<\/script>\n<!-- \/ Yoast SEO plugin. -->","yoast_head_json":{"title":"Mehr Wert - DEFINET AG","description":"DEFINET bietet unter \"Mehr Wert\" innovative L\u00f6sungen wie App, Onlineportal, SmartChange und Investmentm\u00f6glichkeiten f\u00fcr Finanzdienstleister.","robots":{"index":"index","follow":"follow","max-snippet":"max-snippet:-1","max-image-preview":"max-image-preview:large","max-video-preview":"max-video-preview:-1"},"canonical":"https:\/\/definet.de\/nds-de\/mehr-wert\/","og_locale":"en_US","og_type":"article","og_title":"Mehr Wert - DEFINET AG","og_description":"DEFINET bietet unter \"Mehr Wert\" innovative L\u00f6sungen wie App, Onlineportal, SmartChange und Investmentm\u00f6glichkeiten f\u00fcr Finanzdienstleister.","og_url":"https:\/\/definet.de\/nds-de\/mehr-wert\/","og_site_name":"DEFINET AG","article_modified_time":"2025-05-27T11:25:06+00:00","og_image":[{"width":1200,"height":630,"url":"https:\/\/definet.de\/wp-content\/uploads\/2025\/02\/mehr-wert.jpg","type":"image\/jpeg"}],"twitter_card":"summary_large_image","twitter_misc":{"Gesch\u00e4tzte Lesezeit":"2\u00a0Minuten"},"schema":{"@context":"https:\/\/schema.org","@graph":[{"@type":"WebPage","@id":"https:\/\/definet.de\/nds-de\/mehr-wert\/","url":"https:\/\/definet.de\/nds-de\/mehr-wert\/","name":"Mehr Wert - DEFINET AG","isPartOf":{"@id":"https:\/\/definet.de\/#website"},"primaryImageOfPage":{"@id":"https:\/\/definet.de\/nds-de\/mehr-wert\/#primaryimage"},"image":{"@id":"https:\/\/definet.de\/nds-de\/mehr-wert\/#primaryimage"},"thumbnailUrl":"https:\/\/definet.de\/wp-content\/uploads\/2025\/02\/mehr-wert.jpg","datePublished":"2025-02-06T09:46:56+00:00","dateModified":"2025-05-27T11:25:06+00:00","description":"DEFINET bietet unter \"Mehr Wert\" innovative L\u00f6sungen wie App, Onlineportal, SmartChange und Investmentm\u00f6glichkeiten f\u00fcr Finanzdienstleister.","breadcrumb":{"@id":"https:\/\/definet.de\/nds-de\/mehr-wert\/#breadcrumb"},"inLanguage":"de","potentialAction":[{"@type":"ReadAction","target":["https:\/\/definet.de\/nds-de\/mehr-wert\/"]}]},{"@type":"ImageObject","inLanguage":"de","@id":"https:\/\/definet.de\/nds-de\/mehr-wert\/#primaryimage","url":"https:\/\/definet.de\/wp-content\/uploads\/2025\/02\/mehr-wert.jpg","contentUrl":"https:\/\/definet.de\/wp-content\/uploads\/2025\/02\/mehr-wert.jpg","width":1200,"height":630,"caption":"DEFINET AG \u2013 Mehr Wert"},{"@type":"BreadcrumbList","@id":"https:\/\/definet.de\/nds-de\/mehr-wert\/#breadcrumb","itemListElement":[{"@type":"ListItem","position":1,"name":"Startseite","item":"https:\/\/definet.de\/nds-de\/home\/"},{"@type":"ListItem","position":2,"name":"Mehr Wert"}]},{"@type":"WebSite","@id":"https:\/\/definet.de\/#website","url":"https:\/\/definet.de\/","name":"Definet AG","description":"Kompetenz. Mehrwert. Partnerschaft.","publisher":{"@id":"https:\/\/definet.de\/#organization"},"potentialAction":[{"@type":"SearchAction","target":{"@type":"EntryPoint","urlTemplate":"https:\/\/definet.de\/?s={search_term_string}"},"query-input":{"@type":"PropertyValueSpecification","valueRequired":true,"valueName":"search_term_string"}}],"inLanguage":"de"},{"@type":"Organization","@id":"https:\/\/definet.de\/#organization","name":"DEFINET AG","url":"https:\/\/definet.de\/","logo":{"@type":"ImageObject","inLanguage":"de","@id":"https:\/\/definet.de\/#\/schema\/logo\/image\/","url":"https:\/\/definet.de\/wp-content\/uploads\/2020\/01\/Logo_Definet.png","contentUrl":"https:\/\/definet.de\/wp-content\/uploads\/2020\/01\/Logo_Definet.png","width":2547,"height":567,"caption":"DEFINET AG"},"image":{"@id":"https:\/\/definet.de\/#\/schema\/logo\/image\/"},"sameAs":["https:\/\/www.linkedin.com\/company\/definetag"]}]}},"_links":{"self":[{"href":"https:\/\/definet.de\/nds-de\/wp-json\/wp\/v2\/pages\/24075","targetHints":{"allow":["GET"]}}],"collection":[{"href":"https:\/\/definet.de\/nds-de\/wp-json\/wp\/v2\/pages"}],"about":[{"href":"https:\/\/definet.de\/nds-de\/wp-json\/wp\/v2\/types\/page"}],"author":[{"embeddable":true,"href":"https:\/\/definet.de\/nds-de\/wp-json\/wp\/v2\/users\/1"}],"replies":[{"embeddable":true,"href":"https:\/\/definet.de\/nds-de\/wp-json\/wp\/v2\/comments?post=24075"}],"version-history":[{"count":1,"href":"https:\/\/definet.de\/nds-de\/wp-json\/wp\/v2\/pages\/24075\/revisions"}],"predecessor-version":[{"id":24076,"href":"https:\/\/definet.de\/nds-de\/wp-json\/wp\/v2\/pages\/24075\/revisions\/24076"}],"wp:featuredmedia":[{"embeddable":true,"href":"https:\/\/definet.de\/nds-de\/wp-json\/wp\/v2\/media\/23945"}],"wp:attachment":[{"href":"https:\/\/definet.de\/nds-de\/wp-json\/wp\/v2\/media?parent=24075"}],"wp:term":[{"taxonomy":"folder","embeddable":true,"href":"https:\/\/definet.de\/nds-de\/wp-json\/wp\/v2\/folder?post=24075"}],"curies":[{"name":"wp","href":"https:\/\/api.w.org\/{rel}","templated":true}]}}