{"id":24087,"date":"2025-02-07T10:21:44","date_gmt":"2025-02-07T09:21:44","guid":{"rendered":"https:\/\/definet.de\/definet-all-inclusive\/"},"modified":"2025-05-27T14:29:11","modified_gmt":"2025-05-27T12:29:11","slug":"definet-all-inclusive","status":"publish","type":"page","link":"https:\/\/definet.de\/nds-de\/definet-all-inclusive\/","title":{"rendered":"DEFINET All inclusive"},"content":{"rendered":"\t\t<div data-elementor-type=\"wp-page\" data-elementor-id=\"24087\" class=\"elementor elementor-24087 elementor-21173\" data-elementor-post-type=\"page\">\n\t\t\t\t<div class=\"elementor-element elementor-element-c4ca64f e-flex e-con-boxed e-con e-parent\" data-id=\"c4ca64f\" data-element_type=\"container\" data-e-type=\"container\">\n\t\t\t\t\t<div class=\"e-con-inner\">\n\t\t\t\t<div class=\"elementor-element elementor-element-7dc2236 elementor-widget elementor-widget-text-editor\" data-id=\"7dc2236\" data-element_type=\"widget\" data-e-type=\"widget\" data-widget_type=\"text-editor.default\">\n\t\t\t\t<div class=\"elementor-widget-container\">\n\t\t\t\t\t\t\t\t\t<h2>Alles aus einer Hand<\/h2><p>Mit unseren Leistungen bieten wir unseren Kunden einen echten Mehrwert. Egal, ob Sie gerade Ihr Finanzberatungsunternehmen gr\u00fcnden oder einen umfassenden Backoffice-Dienstleister suchen \u2013 bei DEFINET bekommen Sie weit mehr als nur einzelne Zusatzleistungen. Unser Ziel ist es, Ihnen ein komplettes Servicepaket aus einer Hand zu bieten, das Sie entlastet, damit Sie sich voll und ganz auf die Beratung Ihrer Kunden konzentrieren k\u00f6nnen.<\/p><p>Als Komplettanbieter in der Finanzberatung bieten wir Ihnen ein Rundum-Paket, das alle wichtigen Bereiche umfasst. Egal, ob es um Versicherungen, Geldanlagen wie Immobilien oder Photovoltaik geht, ob Sie Unterst\u00fctzung von Experten im Bereich betriebliche Altersvorsorge (bAV) brauchen oder das DEFINET-KompetenzCenter f\u00fcr Finanzierungen nutzen \u2013 all diese Leistungen sind in einem einzigen, integrierten System zusammengefasst. Mit DEFINET an Ihrer Seite k\u00f6nnen Sie sich ganz auf das konzentrieren, was Sie wirklich erfolgreich macht: die pers\u00f6nliche Beratung Ihrer Kunden. Wir \u00fcbernehmen alle Backoffice-Aufgaben f\u00fcr Sie und schaffen damit die Grundlage, damit Sie Ihr volles Potenzial entfalten k\u00f6nnen.<\/p>\t\t\t\t\t\t\t\t<\/div>\n\t\t\t\t<\/div>\n\t\t\t\t<div class=\"elementor-element elementor-element-8223a44 elementor-widget__width-initial elementor-widget-mobile_extra__width-inherit elementor-widget elementor-widget-text-editor\" data-id=\"8223a44\" data-element_type=\"widget\" data-e-type=\"widget\" data-settings=\"{&quot;motion_fx_motion_fx_scrolling&quot;:&quot;yes&quot;,&quot;motion_fx_translateY_effect&quot;:&quot;yes&quot;,&quot;motion_fx_translateY_speed&quot;:{&quot;unit&quot;:&quot;px&quot;,&quot;size&quot;:1,&quot;sizes&quot;:[]},&quot;motion_fx_devices&quot;:[&quot;widescreen&quot;,&quot;desktop&quot;,&quot;laptop&quot;,&quot;tablet_extra&quot;,&quot;tablet&quot;],&quot;motion_fx_range&quot;:&quot;viewport&quot;,&quot;motion_fx_translateY_affectedRange&quot;:{&quot;unit&quot;:&quot;%&quot;,&quot;size&quot;:&quot;&quot;,&quot;sizes&quot;:{&quot;start&quot;:0,&quot;end&quot;:100}}}\" data-widget_type=\"text-editor.default\">\n\t\t\t\t<div class=\"elementor-widget-container\">\n\t\t\t\t\t\t\t\t\t<h3>Sch\u00f6pfen Sie Ihr Potenzial voll aus<\/h3><p>Unser Ziel ist es, Sie bestm\u00f6glich zu unterst\u00fctzen, damit Sie Ihr volles Potenzial aussch\u00f6pfen k\u00f6nnen. Mit DEFINET haben Sie ein umfangreiches Serviceangebot, das Ihnen hilft, kosteng\u00fcnstig zu arbeiten und neue Gesch\u00e4ftsfelder zu entdecken, die Sie bisher noch nicht genutzt haben. Wir schaffen Ihnen Freir\u00e4ume, damit Sie Ihre Zeit und Energie gezielt in die Verbesserung Ihrer Beratung stecken k\u00f6nnen \u2013 ohne sich um administrative Aufgaben k\u00fcmmern zu m\u00fcssen. Dieser Ansatz hilft Ihnen, langfristig zu wachsen und sich dauerhaft am Markt zu behaupten.<\/p>\t\t\t\t\t\t\t\t<\/div>\n\t\t\t\t<\/div>\n\t\t\t\t<div class=\"elementor-element elementor-element-c4dd2b6 elementor-widget__width-initial elementor-widget-mobile_extra__width-inherit content-box-primary elementor-widget elementor-widget-text-editor\" data-id=\"c4dd2b6\" data-element_type=\"widget\" data-e-type=\"widget\" data-widget_type=\"text-editor.default\">\n\t\t\t\t<div class=\"elementor-widget-container\">\n\t\t\t\t\t\t\t\t\t<h3>Die volle Produktpalette<\/h3><p>Unsere Partner profitieren von einem vielf\u00e4ltigen Portfolio, das die besten Leistungen aus allen Bereichen der Finanzberatung vereint. Durch ein gro\u00dfes Netzwerk mit Hunderten von Produktpartnern k\u00f6nnen wir Ihnen ma\u00dfgeschneiderte L\u00f6sungen anbieten, die genau auf die W\u00fcnsche Ihrer Kunden abgestimmt sind. Egal, ob es um klassische Versicherungen, anspruchsvolle Geldanlagen oder moderne Anlageformen wie Immobilien und Photovoltaik geht \u2013 wir sorgen daf\u00fcr, dass immer die beste L\u00f6sung f\u00fcr Sie bereitsteht. Diese gro\u00dfe Auswahl sichert Ihnen und Ihren Kunden eine Beratung, die nachhaltig und zukunftssicher ist.<\/p>\t\t\t\t\t\t\t\t<\/div>\n\t\t\t\t<\/div>\n\t\t\t\t<div class=\"elementor-element elementor-element-27dca5f elementor-widget__width-initial elementor-widget-mobile_extra__width-inherit content-box-black elementor-widget elementor-widget-text-editor\" data-id=\"27dca5f\" data-element_type=\"widget\" data-e-type=\"widget\" data-widget_type=\"text-editor.default\">\n\t\t\t\t<div class=\"elementor-widget-container\">\n\t\t\t\t\t\t\t\t\t<h3>Ma\u00dfgeschneiderter IT-Arbeitsplatz f\u00fcr Finanzberatung<\/h3><p>Ein moderner Arbeitsalltag in der Finanzberatung braucht leistungsstarke und immer aktuelle IT-L\u00f6sungen. Deshalb bieten wir Ihren Finanzberatern einen kompletten IT-Arbeitsplatz als Full-Service-Paket mit einem Support, der rund um die Uhr erreichbar ist. Sie bekommen immer die neuesten Versionen von Standardprogrammen wie MS Office und ein CRM-System, das genau auf die Anforderungen der Finanzberatung abgestimmt ist. Diese individuell angepassten IT-L\u00f6sungen sorgen f\u00fcr einen reibungslosen und effizienten Arbeitsablauf, damit Sie sich jederzeit ganz auf Ihre Kunden konzentrieren k\u00f6nnen.<\/p>\t\t\t\t\t\t\t\t<\/div>\n\t\t\t\t<\/div>\n\t\t\t\t<div class=\"elementor-element elementor-element-359d2f9 elementor-widget__width-initial elementor-widget-mobile_extra__width-inherit elementor-widget elementor-widget-text-editor\" data-id=\"359d2f9\" data-element_type=\"widget\" data-e-type=\"widget\" data-settings=\"{&quot;motion_fx_motion_fx_scrolling&quot;:&quot;yes&quot;,&quot;motion_fx_translateY_effect&quot;:&quot;yes&quot;,&quot;motion_fx_translateY_speed&quot;:{&quot;unit&quot;:&quot;px&quot;,&quot;size&quot;:1,&quot;sizes&quot;:[]},&quot;motion_fx_devices&quot;:[&quot;widescreen&quot;,&quot;desktop&quot;,&quot;laptop&quot;,&quot;tablet_extra&quot;,&quot;tablet&quot;],&quot;motion_fx_range&quot;:&quot;viewport&quot;,&quot;motion_fx_translateY_affectedRange&quot;:{&quot;unit&quot;:&quot;%&quot;,&quot;size&quot;:&quot;&quot;,&quot;sizes&quot;:{&quot;start&quot;:0,&quot;end&quot;:100}}}\" data-widget_type=\"text-editor.default\">\n\t\t\t\t<div class=\"elementor-widget-container\">\n\t\t\t\t\t\t\t\t\t<h3>Haftungssicher Beraten \u2013 Rechtssicherheit als Basis Ihres Erfolgs<\/h3><p>Finanzberater stehen t\u00e4glich vor der Herausforderung, gesetzliche Vorschriften einzuhalten. Wir sorgen daf\u00fcr, dass Sie rechtlich sicher beraten k\u00f6nnen, ohne selbst aufwendige Prozesse entwickeln zu m\u00fcssen. Unsere L\u00f6sungen erf\u00fcllen alle gesetzlichen Anforderungen immer auf dem neuesten Stand. So k\u00f6nnen Sie sich ganz auf Ihre Beratung konzentrieren, w\u00e4hrend wir f\u00fcr Ihre rechtliche Absicherung und eine vollst\u00e4ndige Dokumentation Ihrer Beratungen sorgen. Dieser Ansatz verringert Risiken und sorgt f\u00fcr eine sichere Grundlage in Ihrer t\u00e4glichen Arbeit.<\/p>\t\t\t\t\t\t\t\t<\/div>\n\t\t\t\t<\/div>\n\t\t\t\t<div class=\"elementor-element elementor-element-85d4295 elementor-widget__width-initial elementor-widget-mobile_extra__width-inherit elementor-widget elementor-widget-text-editor\" data-id=\"85d4295\" data-element_type=\"widget\" data-e-type=\"widget\" data-settings=\"{&quot;motion_fx_motion_fx_scrolling&quot;:&quot;yes&quot;,&quot;motion_fx_translateY_effect&quot;:&quot;yes&quot;,&quot;motion_fx_translateY_speed&quot;:{&quot;unit&quot;:&quot;px&quot;,&quot;size&quot;:1,&quot;sizes&quot;:[]},&quot;motion_fx_devices&quot;:[&quot;widescreen&quot;,&quot;desktop&quot;,&quot;laptop&quot;,&quot;tablet_extra&quot;,&quot;tablet&quot;],&quot;motion_fx_range&quot;:&quot;viewport&quot;,&quot;motion_fx_translateY_affectedRange&quot;:{&quot;unit&quot;:&quot;%&quot;,&quot;size&quot;:&quot;&quot;,&quot;sizes&quot;:{&quot;start&quot;:0,&quot;end&quot;:100}}}\" data-widget_type=\"text-editor.default\">\n\t\t\t\t<div class=\"elementor-widget-container\">\n\t\t\t\t\t\t\t\t\t<h3>Beste Provisionen \u2013 Wirtschaftlicher Erfolg f\u00fcr Ihre Beratung<\/h3><p>Ein weiterer wichtiger Teil unseres Angebots sind die attraktiven Provisionsmodelle. DEFINET zahlt seinen Partnern die h\u00f6chstm\u00f6glichen Provisionen aus, damit Sie f\u00fcr jede erfolgreich vermittelte Leistung die bestm\u00f6gliche Bezahlung bekommen. Mit klaren und transparenten Abrechnungsprozessen schaffen wir Vertrauen und unterst\u00fctzen eine langfristige Zusammenarbeit, die den wirtschaftlichen Erfolg Ihres Unternehmens dauerhaft st\u00e4rkt.<\/p>\t\t\t\t\t\t\t\t<\/div>\n\t\t\t\t<\/div>\n\t\t\t\t<div class=\"elementor-element elementor-element-ff8fc65 elementor-widget__width-initial elementor-widget-mobile_extra__width-inherit content-box-primary elementor-widget elementor-widget-text-editor\" data-id=\"ff8fc65\" data-element_type=\"widget\" data-e-type=\"widget\" data-widget_type=\"text-editor.default\">\n\t\t\t\t<div class=\"elementor-widget-container\">\n\t\t\t\t\t\t\t\t\t<h3>Bleiben Sie unabh\u00e4ngig \u2013 Freiheit und Flexibilit\u00e4t in der Beratung<\/h3><p>Unabh\u00e4ngigkeit ist ein zentraler Wert in der Finanzberatung. Unsere Partner k\u00f6nnen v\u00f6llig unabh\u00e4ngig arbeiten, m\u00fcssen das aber nicht \u2013 denn auf Wunsch investieren wir in Ihr Unternehmen und unterst\u00fctzen Sie so bei der gemeinsamen Weiterentwicklung. Diese strategische Freiheit erm\u00f6glicht es Ihnen, Ihre Gesch\u00e4ftsstrategie selbstst\u00e4ndig umzusetzen, w\u00e4hrend wir Ihnen die n\u00f6tige Unterst\u00fctzung und R\u00fcckendeckung geben. So verbinden wir Unabh\u00e4ngigkeit mit den Vorteilen einer engen, partnerschaftlichen Zusammenarbeit.<\/p>\t\t\t\t\t\t\t\t<\/div>\n\t\t\t\t<\/div>\n\t\t\t\t\t<\/div>\n\t\t\t\t<\/div>\n\t\t\t\t<\/div>\n\t\t","protected":false},"excerpt":{"rendered":"<p>Alles aus einer Hand Mit unseren Leistungen bieten wir unseren Kunden einen echten Mehrwert. Egal, ob Sie gerade Ihr Finanzberatungsunternehmen gr\u00fcnden oder einen umfassenden Backoffice-Dienstleister suchen \u2013 bei DEFINET bekommen Sie weit mehr als nur einzelne Zusatzleistungen. Unser Ziel ist es, Ihnen ein komplettes Servicepaket aus einer Hand zu bieten, das Sie entlastet, damit Sie [&hellip;]<\/p>\n","protected":false},"author":1,"featured_media":23941,"parent":0,"menu_order":0,"comment_status":"closed","ping_status":"closed","template":"","meta":{"_acf_changed":false,"footnotes":""},"folder":[1261],"class_list":["post-24087","page","type-page","status-publish","has-post-thumbnail","hentry"],"acf":[],"yoast_head":"<!-- This site is optimized with the Yoast SEO plugin v27.5 - https:\/\/yoast.com\/product\/yoast-seo-wordpress\/ -->\n<title>DEFINET All inclusive - DEFINET AG<\/title>\n<meta name=\"description\" content=\"DEFINET bietet ein All-Inclusive-Paket f\u00fcr Finanzberater mit umfassenden L\u00f6sungen in Versicherungen, Investments und IT.\" \/>\n<meta name=\"robots\" content=\"index, follow, max-snippet:-1, max-image-preview:large, max-video-preview:-1\" \/>\n<link rel=\"canonical\" href=\"https:\/\/definet.de\/nds-de\/definet-all-inclusive\/\" \/>\n<meta property=\"og:locale\" content=\"en_US\" \/>\n<meta property=\"og:type\" content=\"article\" \/>\n<meta property=\"og:title\" content=\"DEFINET All inclusive - DEFINET AG\" \/>\n<meta property=\"og:description\" content=\"DEFINET bietet ein All-Inclusive-Paket f\u00fcr Finanzberater mit umfassenden L\u00f6sungen in Versicherungen, Investments und IT.\" \/>\n<meta property=\"og:url\" content=\"https:\/\/definet.de\/nds-de\/definet-all-inclusive\/\" \/>\n<meta property=\"og:site_name\" content=\"DEFINET AG\" \/>\n<meta property=\"article:modified_time\" content=\"2025-05-27T12:29:11+00:00\" \/>\n<meta property=\"og:image\" content=\"https:\/\/definet.de\/wp-content\/uploads\/2025\/02\/all-inclusive.jpg\" \/>\n\t<meta property=\"og:image:width\" content=\"1200\" \/>\n\t<meta property=\"og:image:height\" content=\"630\" \/>\n\t<meta property=\"og:image:type\" content=\"image\/jpeg\" \/>\n<meta name=\"twitter:card\" content=\"summary_large_image\" \/>\n<meta name=\"twitter:label1\" content=\"Gesch\u00e4tzte Lesezeit\" \/>\n\t<meta name=\"twitter:data1\" content=\"3\u00a0Minuten\" \/>\n<script type=\"application\/ld+json\" class=\"yoast-schema-graph\">{\"@context\":\"https:\\\/\\\/schema.org\",\"@graph\":[{\"@type\":\"WebPage\",\"@id\":\"https:\\\/\\\/definet.de\\\/nds-de\\\/definet-all-inclusive\\\/\",\"url\":\"https:\\\/\\\/definet.de\\\/nds-de\\\/definet-all-inclusive\\\/\",\"name\":\"DEFINET All inclusive - DEFINET AG\",\"isPartOf\":{\"@id\":\"https:\\\/\\\/definet.de\\\/#website\"},\"primaryImageOfPage\":{\"@id\":\"https:\\\/\\\/definet.de\\\/nds-de\\\/definet-all-inclusive\\\/#primaryimage\"},\"image\":{\"@id\":\"https:\\\/\\\/definet.de\\\/nds-de\\\/definet-all-inclusive\\\/#primaryimage\"},\"thumbnailUrl\":\"https:\\\/\\\/definet.de\\\/wp-content\\\/uploads\\\/2025\\\/02\\\/all-inclusive.jpg\",\"datePublished\":\"2025-02-07T09:21:44+00:00\",\"dateModified\":\"2025-05-27T12:29:11+00:00\",\"description\":\"DEFINET bietet ein All-Inclusive-Paket f\u00fcr Finanzberater mit umfassenden L\u00f6sungen in Versicherungen, Investments und IT.\",\"breadcrumb\":{\"@id\":\"https:\\\/\\\/definet.de\\\/nds-de\\\/definet-all-inclusive\\\/#breadcrumb\"},\"inLanguage\":\"de\",\"potentialAction\":[{\"@type\":\"ReadAction\",\"target\":[\"https:\\\/\\\/definet.de\\\/nds-de\\\/definet-all-inclusive\\\/\"]}]},{\"@type\":\"ImageObject\",\"inLanguage\":\"de\",\"@id\":\"https:\\\/\\\/definet.de\\\/nds-de\\\/definet-all-inclusive\\\/#primaryimage\",\"url\":\"https:\\\/\\\/definet.de\\\/wp-content\\\/uploads\\\/2025\\\/02\\\/all-inclusive.jpg\",\"contentUrl\":\"https:\\\/\\\/definet.de\\\/wp-content\\\/uploads\\\/2025\\\/02\\\/all-inclusive.jpg\",\"width\":1200,\"height\":630,\"caption\":\"DEFINET AG \u2013 All Inclusive\"},{\"@type\":\"BreadcrumbList\",\"@id\":\"https:\\\/\\\/definet.de\\\/nds-de\\\/definet-all-inclusive\\\/#breadcrumb\",\"itemListElement\":[{\"@type\":\"ListItem\",\"position\":1,\"name\":\"Startseite\",\"item\":\"https:\\\/\\\/definet.de\\\/nds-de\\\/home\\\/\"},{\"@type\":\"ListItem\",\"position\":2,\"name\":\"DEFINET All inclusive\"}]},{\"@type\":\"WebSite\",\"@id\":\"https:\\\/\\\/definet.de\\\/#website\",\"url\":\"https:\\\/\\\/definet.de\\\/\",\"name\":\"Definet AG\",\"description\":\"Kompetenz. Mehrwert. Partnerschaft.\",\"publisher\":{\"@id\":\"https:\\\/\\\/definet.de\\\/#organization\"},\"potentialAction\":[{\"@type\":\"SearchAction\",\"target\":{\"@type\":\"EntryPoint\",\"urlTemplate\":\"https:\\\/\\\/definet.de\\\/?s={search_term_string}\"},\"query-input\":{\"@type\":\"PropertyValueSpecification\",\"valueRequired\":true,\"valueName\":\"search_term_string\"}}],\"inLanguage\":\"de\"},{\"@type\":\"Organization\",\"@id\":\"https:\\\/\\\/definet.de\\\/#organization\",\"name\":\"DEFINET AG\",\"url\":\"https:\\\/\\\/definet.de\\\/\",\"logo\":{\"@type\":\"ImageObject\",\"inLanguage\":\"de\",\"@id\":\"https:\\\/\\\/definet.de\\\/#\\\/schema\\\/logo\\\/image\\\/\",\"url\":\"https:\\\/\\\/definet.de\\\/wp-content\\\/uploads\\\/2020\\\/01\\\/Logo_Definet.png\",\"contentUrl\":\"https:\\\/\\\/definet.de\\\/wp-content\\\/uploads\\\/2020\\\/01\\\/Logo_Definet.png\",\"width\":2547,\"height\":567,\"caption\":\"DEFINET AG\"},\"image\":{\"@id\":\"https:\\\/\\\/definet.de\\\/#\\\/schema\\\/logo\\\/image\\\/\"},\"sameAs\":[\"https:\\\/\\\/www.linkedin.com\\\/company\\\/definetag\"]}]}<\/script>\n<!-- \/ Yoast SEO plugin. -->","yoast_head_json":{"title":"DEFINET All inclusive - DEFINET AG","description":"DEFINET bietet ein All-Inclusive-Paket f\u00fcr Finanzberater mit umfassenden L\u00f6sungen in Versicherungen, Investments und IT.","robots":{"index":"index","follow":"follow","max-snippet":"max-snippet:-1","max-image-preview":"max-image-preview:large","max-video-preview":"max-video-preview:-1"},"canonical":"https:\/\/definet.de\/nds-de\/definet-all-inclusive\/","og_locale":"en_US","og_type":"article","og_title":"DEFINET All inclusive - DEFINET AG","og_description":"DEFINET bietet ein All-Inclusive-Paket f\u00fcr Finanzberater mit umfassenden L\u00f6sungen in Versicherungen, Investments und IT.","og_url":"https:\/\/definet.de\/nds-de\/definet-all-inclusive\/","og_site_name":"DEFINET AG","article_modified_time":"2025-05-27T12:29:11+00:00","og_image":[{"width":1200,"height":630,"url":"https:\/\/definet.de\/wp-content\/uploads\/2025\/02\/all-inclusive.jpg","type":"image\/jpeg"}],"twitter_card":"summary_large_image","twitter_misc":{"Gesch\u00e4tzte Lesezeit":"3\u00a0Minuten"},"schema":{"@context":"https:\/\/schema.org","@graph":[{"@type":"WebPage","@id":"https:\/\/definet.de\/nds-de\/definet-all-inclusive\/","url":"https:\/\/definet.de\/nds-de\/definet-all-inclusive\/","name":"DEFINET All inclusive - DEFINET AG","isPartOf":{"@id":"https:\/\/definet.de\/#website"},"primaryImageOfPage":{"@id":"https:\/\/definet.de\/nds-de\/definet-all-inclusive\/#primaryimage"},"image":{"@id":"https:\/\/definet.de\/nds-de\/definet-all-inclusive\/#primaryimage"},"thumbnailUrl":"https:\/\/definet.de\/wp-content\/uploads\/2025\/02\/all-inclusive.jpg","datePublished":"2025-02-07T09:21:44+00:00","dateModified":"2025-05-27T12:29:11+00:00","description":"DEFINET bietet ein All-Inclusive-Paket f\u00fcr Finanzberater mit umfassenden L\u00f6sungen in Versicherungen, Investments und IT.","breadcrumb":{"@id":"https:\/\/definet.de\/nds-de\/definet-all-inclusive\/#breadcrumb"},"inLanguage":"de","potentialAction":[{"@type":"ReadAction","target":["https:\/\/definet.de\/nds-de\/definet-all-inclusive\/"]}]},{"@type":"ImageObject","inLanguage":"de","@id":"https:\/\/definet.de\/nds-de\/definet-all-inclusive\/#primaryimage","url":"https:\/\/definet.de\/wp-content\/uploads\/2025\/02\/all-inclusive.jpg","contentUrl":"https:\/\/definet.de\/wp-content\/uploads\/2025\/02\/all-inclusive.jpg","width":1200,"height":630,"caption":"DEFINET AG \u2013 All Inclusive"},{"@type":"BreadcrumbList","@id":"https:\/\/definet.de\/nds-de\/definet-all-inclusive\/#breadcrumb","itemListElement":[{"@type":"ListItem","position":1,"name":"Startseite","item":"https:\/\/definet.de\/nds-de\/home\/"},{"@type":"ListItem","position":2,"name":"DEFINET All inclusive"}]},{"@type":"WebSite","@id":"https:\/\/definet.de\/#website","url":"https:\/\/definet.de\/","name":"Definet AG","description":"Kompetenz. Mehrwert. Partnerschaft.","publisher":{"@id":"https:\/\/definet.de\/#organization"},"potentialAction":[{"@type":"SearchAction","target":{"@type":"EntryPoint","urlTemplate":"https:\/\/definet.de\/?s={search_term_string}"},"query-input":{"@type":"PropertyValueSpecification","valueRequired":true,"valueName":"search_term_string"}}],"inLanguage":"de"},{"@type":"Organization","@id":"https:\/\/definet.de\/#organization","name":"DEFINET AG","url":"https:\/\/definet.de\/","logo":{"@type":"ImageObject","inLanguage":"de","@id":"https:\/\/definet.de\/#\/schema\/logo\/image\/","url":"https:\/\/definet.de\/wp-content\/uploads\/2020\/01\/Logo_Definet.png","contentUrl":"https:\/\/definet.de\/wp-content\/uploads\/2020\/01\/Logo_Definet.png","width":2547,"height":567,"caption":"DEFINET AG"},"image":{"@id":"https:\/\/definet.de\/#\/schema\/logo\/image\/"},"sameAs":["https:\/\/www.linkedin.com\/company\/definetag"]}]}},"_links":{"self":[{"href":"https:\/\/definet.de\/nds-de\/wp-json\/wp\/v2\/pages\/24087","targetHints":{"allow":["GET"]}}],"collection":[{"href":"https:\/\/definet.de\/nds-de\/wp-json\/wp\/v2\/pages"}],"about":[{"href":"https:\/\/definet.de\/nds-de\/wp-json\/wp\/v2\/types\/page"}],"author":[{"embeddable":true,"href":"https:\/\/definet.de\/nds-de\/wp-json\/wp\/v2\/users\/1"}],"replies":[{"embeddable":true,"href":"https:\/\/definet.de\/nds-de\/wp-json\/wp\/v2\/comments?post=24087"}],"version-history":[{"count":1,"href":"https:\/\/definet.de\/nds-de\/wp-json\/wp\/v2\/pages\/24087\/revisions"}],"predecessor-version":[{"id":24088,"href":"https:\/\/definet.de\/nds-de\/wp-json\/wp\/v2\/pages\/24087\/revisions\/24088"}],"wp:featuredmedia":[{"embeddable":true,"href":"https:\/\/definet.de\/nds-de\/wp-json\/wp\/v2\/media\/23941"}],"wp:attachment":[{"href":"https:\/\/definet.de\/nds-de\/wp-json\/wp\/v2\/media?parent=24087"}],"wp:term":[{"taxonomy":"folder","embeddable":true,"href":"https:\/\/definet.de\/nds-de\/wp-json\/wp\/v2\/folder?post=24087"}],"curies":[{"name":"wp","href":"https:\/\/api.w.org\/{rel}","templated":true}]}}